{"id":19919,"date":"2024-10-21T11:00:41","date_gmt":"2024-10-21T16:00:41","guid":{"rendered":"https:\/\/compratucodigo.co\/?post_type=product&#038;p=19919"},"modified":"2024-10-21T11:00:49","modified_gmt":"2024-10-21T16:00:49","slug":"licencia-project-pro-2024-para-1-pc-reinstalable","status":"publish","type":"product","link":"https:\/\/compratucodigo.co\/index.php\/producto\/licencia-project-pro-2024-para-1-pc-reinstalable\/","title":{"rendered":"Licencia Project Pro 2024 para 1 PC (Reinstalable)"},"content":{"rendered":"<p>Project 2024 es un programa extra de Office que se vende por separado. Permite crear Cartas Gantt, mapas conceptuales, entre otra informaci\u00f3n \u00fatil para personas dedicadas a la administraci\u00f3n.<\/p>\n<p>La edici\u00f3n 2024 es la \u00faltima disponible de Microsoft Project. Esta versi\u00f3n de Project es la versi\u00f3n \u201cPro\u201d que incluye todas las caracter\u00edsticas del software.<\/p>\n<p><strong>Recomendado para:<\/strong><\/p>\n<ul>\n<li>Cualquier persona que requiera comprar Project<\/li>\n<li>Personas que necesiten utilizar Project como programa independiente y no como suscripci\u00f3n.<\/li>\n<\/ul>\n<p><strong>Compatibilidad:<\/strong><\/p>\n<ul>\n<li>Project 2024 es compatible exclusivamente con Windows 10 y Windows 11.<\/li>\n<li>Si tiene un Windows anterior, prefiera Project 2016, que es compatible en todos los Windows a partir de Windows 7.<\/li>\n<li>Si tiene Mac, debe instalar una m\u00e1quina virtual de Windows 10, ya que no es compatible con Mac.<\/li>\n<li>Si tiene Office 2021 instalado, debe comprar Project 2021, para trabajar con esta licencia en conjunto con el resto de los programas de Office, debe comprar Office 2024.<\/li>\n<\/ul>\n<p><strong>Env\u00edo del producto<\/strong><\/p>\n<p>Tras realizar su pago o consignaci\u00f3n, recibir\u00e1 su c\u00f3digo de licencia digital al instante en su correo, junto con instrucciones de instalaci\u00f3n y la factura en caso de solicitarla.<\/p>\n<p><strong>Empresa<\/strong><\/p>\n<p>Compratucodigo es una marca de 3Clics Colombia SAS, somos una empresa formal registrada en Colombia con m\u00e1s de tres a\u00f1os de experiencia en la venta de c\u00f3digos de licencia digitales. Entregamos factura y todos nuestros productos est\u00e1n garantizados por nuestra empresa.<\/p>\n<div id=\"divtags\">\n<h1>licencia Project Pro 2024<\/h1>\n<h1>comprar Project Pro 2024<\/h1>\n<h1>activar Project Pro 2024<\/h1>\n<h1>licencia reinstalable Project Pro 2024<\/h1>\n<h1>Project Pro 2024 para 1 PC<\/h1>\n<h1>oferta licencia Project Pro 2024<\/h1>\n<h1>licencia Project Pro 2024 barata<\/h1>\n<h1>descargar Project Pro 2024<\/h1>\n<h1>precio licencia Project Pro 2024<\/h1>\n<h1>activar Project Pro 2024 en 1 PC<\/h1>\n<h1>licencia Project Pro 2024 original<\/h1>\n<h1>comprar licencia reinstalable Project Pro 2024<\/h1>\n<h1>instalar Project Pro 2024<\/h1>\n<h1>mejor precio Project Pro 2024<\/h1>\n<h1>licencia Project Pro 2024 legal<\/h1>\n<h1>gu\u00eda para activar Project Pro 2024<\/h1>\n<\/div>\n","protected":false},"excerpt":{"rendered":"<p>Licencia para activar Project Pro 2024<br \/>\nApta para 64 bits y 32 bits<br \/>\nVersi\u00f3n &#8220;Pro&#8221; apta para personas, empresas e instituciones<br \/>\nLicencia Reinstalable, con activaci\u00f3n en Office.com\/setup<br \/>\nEn caso de tener instalado un office debe comprar este producto con la misma versi\u00f3n y edici\u00f3n de su office, verifique la paqueter\u00eda de office antes de hacer su compra<br \/>\nSi tiene Office 365, es compatible con esta versi\u00f3n de Project<br \/>\n<span style=\"color: #ff0000;\"><b>Todos nuestros productos son originales y cuentan con garant\u00eda y soporte t\u00e9cnico.<\/b><\/span><br \/>\n<span style=\"color: #ff0000;\"><b>Entrega inmediata directo a tu correo electr\u00f3nico junto con manual de instalaci\u00f3n.<\/b><\/span><\/p>\n","protected":false},"featured_media":19862,"template":"","meta":{"_acf_changed":false},"product_brand":[],"product_cat":[1614],"product_tag":[],"class_list":{"0":"post-19919","1":"product","2":"type-product","3":"status-publish","4":"has-post-thumbnail","6":"product_cat-licencias-office","8":"first","9":"instock","10":"shipping-taxable","11":"purchasable","12":"product-type-simple"},"acf":[],"_links":{"self":[{"href":"https:\/\/compratucodigo.co\/index.php\/wp-json\/wp\/v2\/product\/19919","targetHints":{"allow":["GET"]}}],"collection":[{"href":"https:\/\/compratucodigo.co\/index.php\/wp-json\/wp\/v2\/product"}],"about":[{"href":"https:\/\/compratucodigo.co\/index.php\/wp-json\/wp\/v2\/types\/product"}],"wp:featuredmedia":[{"embeddable":true,"href":"https:\/\/compratucodigo.co\/index.php\/wp-json\/wp\/v2\/media\/19862"}],"wp:attachment":[{"href":"https:\/\/compratucodigo.co\/index.php\/wp-json\/wp\/v2\/media?parent=19919"}],"wp:term":[{"taxonomy":"product_brand","embeddable":true,"href":"https:\/\/compratucodigo.co\/index.php\/wp-json\/wp\/v2\/product_brand?post=19919"},{"taxonomy":"product_cat","embeddable":true,"href":"https:\/\/compratucodigo.co\/index.php\/wp-json\/wp\/v2\/product_cat?post=19919"},{"taxonomy":"product_tag","embeddable":true,"href":"https:\/\/compratucodigo.co\/index.php\/wp-json\/wp\/v2\/product_tag?post=19919"}],"curies":[{"name":"wp","href":"https:\/\/api.w.org\/{rel}","templated":true}]}}