{"id":19918,"date":"2024-10-21T10:55:40","date_gmt":"2024-10-21T15:55:40","guid":{"rendered":"https:\/\/compratucodigo.co\/?post_type=product&#038;p=19918"},"modified":"2024-11-26T17:54:04","modified_gmt":"2024-11-26T22:54:04","slug":"licencia-office-2024-pro-plus-para-1-pc","status":"publish","type":"product","link":"https:\/\/compratucodigo.co\/index.php\/producto\/licencia-office-2024-pro-plus-para-1-pc\/","title":{"rendered":"Licencia Office 2024 Pro Plus para 1 PC"},"content":{"rendered":"<p>Office 2024, lanzado en octubre de 2024, es la \u00faltima versi\u00f3n de Office disponible a modo de licencia permanente. Se diferencia de la versi\u00f3n anterior (Office 2021) en que incluye las funciones basadas en IA, como Microsoft Copilot, que anteriormente solo estaban disponibles con Microsoft 365.<\/p>\n<p>Este producto no necesita pagarse todos los a\u00f1os y consta de una licencia de 25 caracteres.<\/p>\n<p>Para activar esta licencia, es requisito contar con <a href=\"https:\/\/compratucodigo.co\/index.php\/producto\/clave-de-producto-windows-10-pro\/\">Windows 10 Pro<\/a> o <a href=\"https:\/\/compratucodigo.co\/index.php\/producto\/windows-11-pro-1-dispositivo\/\">Windows 11 Pro<\/a>. Haga clic aqu\u00ed para comprarlos.<\/p>\n<p><strong>Recomendado para:<\/strong><\/p>\n<ul>\n<li>Empresas que busquen la \u00faltima versi\u00f3n de Office sin limitaciones de uso y sin pagar anualmente.<\/li>\n<li>Personas que solo tengan un dispositivo y quieran pagar una sola vez el Office.<\/li>\n<li>Cualquiera que quiera ahorrar a largo plazo al evitar el pago de una mantenci\u00f3n anual por el programa.<\/li>\n<\/ul>\n<p><strong>Compatibilidad<\/strong>:<\/p>\n<ul>\n<li>Office 2024 funciona exclusivamente en Windows 11 y Windows 10.<\/li>\n<li>Para usuarios Mac o M\u00f3viles, prefiera Microsoft 365 Personal<\/li>\n<li>Para Windows 7, Windows 8, Windows 8.1, prefiera Office 2013 u Office 2016<\/li>\n<li>Si busca una opci\u00f3n m\u00e1s econ\u00f3mica, prefiera Office 2021.<\/li>\n<\/ul>\n<p><strong>Env\u00edo del producto<\/strong><\/p>\n<p>Tras realizar su pago o consignaci\u00f3n, recibir\u00e1 su c\u00f3digo de licencia digital al instante en su correo, junto con instrucciones de instalaci\u00f3n y la factura en caso de solicitarla.<\/p>\n<p><strong>Empresa<\/strong><\/p>\n<p>Compratucodigo es una marca de 3Clics Colombia SAS, somos una empresa formal registrada en Colombia con m\u00e1s de tres a\u00f1os de experiencia en la venta de c\u00f3digos de licencia digitales. Entregamos factura y todos nuestros productos est\u00e1n garantizados por nuestra empresa.<\/p>\n<div id=\"divtags\">\n<h1>Licencia Office 2024 Pro Plus<\/h1>\n<h1>Comprar Office 2024 Pro Plus<\/h1>\n<h1>Activar Office 2024 Pro Plus<\/h1>\n<h1>Licencia Office 2024 para 1 PC<\/h1>\n<h1>Office 2024 Pro Plus barato<\/h1>\n<h1>Licencia de software Office 2024<\/h1>\n<h1>Comprar licencia Office 2024<\/h1>\n<h1>Activaci\u00f3n Office 2024 Pro Plus<\/h1>\n<h1>Office 2024 Pro Plus para estudiantes<\/h1>\n<h1>Ofertas de Office 2024 Pro Plus<\/h1>\n<h1>Licencia original Office 2024<\/h1>\n<h1>Office 2024 Pro Plus para empresas<\/h1>\n<h1>Descargar Office 2024 Pro Plus<\/h1>\n<h1>Precio licencia Office 2024 Pro Plus<\/h1>\n<h1>Ventajas de Office 2024 Pro Plus<\/h1>\n<h1>Activar licencia Office 2024<\/h1>\n<\/div>\n","protected":false},"excerpt":{"rendered":"<p>Licencia original para activar Office 2024<br \/>\nActivaci\u00f3n original por internet<br \/>\nDuraci\u00f3n indefinida en el PC en donde se instale.<br \/>\nLicencia \u201cPro\u201d apta para empresas<br \/>\nIncluye: Word, Excel, PowerPoint, Outlook, Access y OneNote<br \/>\n<span style=\"color: #ff0000;\" data-darkreader-inline-color=\"\"><b>Todos nuestros productos son originales y cuentan con garant\u00eda y soporte t\u00e9cnico.<\/b><\/span><br \/>\n<span style=\"color: #ff0000;\" data-darkreader-inline-color=\"\"><b>Entrega inmediata directo a tu correo electr\u00f3nico junto con manual de instalaci\u00f3n.<\/b><\/span><\/p>\n","protected":false},"featured_media":19863,"template":"","meta":{"_acf_changed":false},"product_brand":[],"product_cat":[1614],"product_tag":[],"class_list":{"0":"post-19918","1":"product","2":"type-product","3":"status-publish","4":"has-post-thumbnail","6":"product_cat-licencias-office","8":"first","9":"instock","10":"shipping-taxable","11":"purchasable","12":"product-type-simple"},"acf":[],"_links":{"self":[{"href":"https:\/\/compratucodigo.co\/index.php\/wp-json\/wp\/v2\/product\/19918","targetHints":{"allow":["GET"]}}],"collection":[{"href":"https:\/\/compratucodigo.co\/index.php\/wp-json\/wp\/v2\/product"}],"about":[{"href":"https:\/\/compratucodigo.co\/index.php\/wp-json\/wp\/v2\/types\/product"}],"wp:featuredmedia":[{"embeddable":true,"href":"https:\/\/compratucodigo.co\/index.php\/wp-json\/wp\/v2\/media\/19863"}],"wp:attachment":[{"href":"https:\/\/compratucodigo.co\/index.php\/wp-json\/wp\/v2\/media?parent=19918"}],"wp:term":[{"taxonomy":"product_brand","embeddable":true,"href":"https:\/\/compratucodigo.co\/index.php\/wp-json\/wp\/v2\/product_brand?post=19918"},{"taxonomy":"product_cat","embeddable":true,"href":"https:\/\/compratucodigo.co\/index.php\/wp-json\/wp\/v2\/product_cat?post=19918"},{"taxonomy":"product_tag","embeddable":true,"href":"https:\/\/compratucodigo.co\/index.php\/wp-json\/wp\/v2\/product_tag?post=19918"}],"curies":[{"name":"wp","href":"https:\/\/api.w.org\/{rel}","templated":true}]}}