{"id":19914,"date":"2024-10-21T10:43:32","date_gmt":"2024-10-21T15:43:32","guid":{"rendered":"https:\/\/compratucodigo.co\/?post_type=product&#038;p=19914"},"modified":"2025-12-04T15:49:34","modified_gmt":"2025-12-04T20:49:34","slug":"licencia-adobe-lightroom-web-por-1-ano","status":"publish","type":"product","link":"https:\/\/compratucodigo.co\/index.php\/producto\/licencia-adobe-lightroom-web-por-1-ano\/","title":{"rendered":"Licencia Adobe Lightroom Web por 3 meses"},"content":{"rendered":"<p><a href=\"https:\/\/compratucodigo.co\/index.php\/producto\/licencia-adobe-creative-cloud-por-1-ano\/\">Este producto ya no se vende por separado. Si desea adquirirlo, est\u00e1 inclu\u00eddo en Adobe Creative Cloud All Apps, haga clic aqu\u00ed para comprarlo<\/a><\/p>\n<p>Adobe Lightroom Web es la versi\u00f3n en la nube de Lightroom, dise\u00f1ada para acceder, editar y organizar fotos desde cualquier dispositivo con un navegador web. Al estar basado en la nube, no requiere instalaci\u00f3n, y permite sincronizar autom\u00e1ticamente tus fotos y ediciones con la versi\u00f3n de escritorio y m\u00f3vil de Lightroom. Ideal para fot\u00f3grafos que desean editar im\u00e1genes sobre la marcha, Lightroom Web ofrece herramientas de edici\u00f3n esenciales como ajustes de exposici\u00f3n, recortes, filtros, y correcci\u00f3n de color, permitiendo mejorar fotos sin la necesidad de un software instalado. Tambi\u00e9n permite compartir fotos y \u00e1lbumes directamente desde la web, facilitando la colaboraci\u00f3n y el acceso remoto a tus bibliotecas fotogr\u00e1ficas.<\/p>\n<p>Este producto consta de una licencia que se vincula con su propia cuenta de usuario. Duraci\u00f3n de tres meses, para un PC por licencia.<\/p>\n<p><strong>Compatibilidad:<\/strong><\/p>\n<p><strong>Requisitos de Adobe Aero:<\/strong><\/p>\n<p><strong>Sistema operativo:<\/strong><\/p>\n<ol>\n<li style=\"list-style-type: none;\">\n<ul>\n<li>iOS: Requiere iOS 13.2 o posterior. Compatible con iPhone y iPad.<\/li>\n<li>Windows: Windows 10 o posterior (solo versiones de 64 bits). Aero a\u00fan no est\u00e1 disponible para macOS.<\/li>\n<\/ul>\n<\/li>\n<\/ol>\n<p><strong>Procesador:<\/strong><\/p>\n<ol>\n<li style=\"list-style-type: none;\">\n<ul>\n<li>iOS: Requiere dispositivos con chip A11 o posterior para una mejor experiencia en realidad aumentada (RA).<\/li>\n<li>Windows: Procesador Intel o AMD multin\u00facleo con soporte para 64 bits.<\/li>\n<\/ul>\n<\/li>\n<\/ol>\n<p><strong>Memoria RAM:<\/strong><\/p>\n<ol>\n<li style=\"list-style-type: none;\">\n<ul>\n<li>iOS: Depende del dispositivo, pero funciona mejor en dispositivos m\u00e1s recientes.<\/li>\n<li>Windows: M\u00ednimo 8 GB.<\/li>\n<li>Recomendado: 16 GB o m\u00e1s para manejar proyectos complejos de realidad aumentada.<\/li>\n<\/ul>\n<\/li>\n<\/ol>\n<p><strong>Espacio en disco:<\/strong><\/p>\n<ol>\n<li style=\"list-style-type: none;\">\n<ul>\n<li>Windows: Al menos 2 GB de espacio disponible en el disco duro para la instalaci\u00f3n. Se recomienda SSD para un mejor rendimiento al manejar archivos de RA.<\/li>\n<\/ul>\n<\/li>\n<\/ol>\n<p><strong>Resoluci\u00f3n de pantalla:<\/strong><\/p>\n<ol>\n<li style=\"list-style-type: none;\">\n<ul>\n<li>Windows: Pantalla m\u00ednima de 1280 x 800. Se recomienda 1920 x 1080 (Full HD) o superior.<\/li>\n<\/ul>\n<\/li>\n<\/ol>\n<p><strong>GPU:<\/strong><\/p>\n<ol>\n<li style=\"list-style-type: none;\">\n<ul>\n<li>iOS: Procesadores gr\u00e1ficos m\u00e1s recientes para un mejor rendimiento en RA.<\/li>\n<li>Windows: Tarjeta gr\u00e1fica compatible con DirectX 12.<\/li>\n<\/ul>\n<\/li>\n<\/ol>\n<p><strong>Env\u00edo:<\/strong><\/p>\n<p>Tras su compra, enviaremos un enlace para que vincule su cuenta a la suscripci\u00f3n de Adobe Lightroom Web<\/p>\n<p><strong>Empresa<\/strong><\/p>\n<p>Compratucodigo es una marca de 3Clics Colombia SAS, somos una empresa formal registrada en Colombia con m\u00e1s de tres a\u00f1os de experiencia en la venta de c\u00f3digos de licencia digitales. Entregamos factura y todos nuestros productos est\u00e1n garantizados por nuestra empresa.<\/p>\n<div id=\"divtags\">\n<h1>licencia Adobe Lightroom Web<\/h1>\n<h1>comprar licencia Adobe Lightroom<\/h1>\n<h1>activar Adobe Lightroom Web<\/h1>\n<h1>licencia anual Adobe Lightroom<\/h1>\n<h1>suscripci\u00f3n Adobe Lightroom Web<\/h1>\n<h1>mejor precio licencia Lightroom<\/h1>\n<h1>oferta licencia Adobe Lightroom<\/h1>\n<h1>descargar Adobe Lightroom Web<\/h1>\n<h1>tutorial activar Lightroom Web<\/h1>\n<h1>ventajas de Adobe Lightroom Web<\/h1>\n<h1>licencia Lightroom para fot\u00f3grafos<\/h1>\n<h1>comprar Adobe Lightroom Web online<\/h1>\n<h1>licencia Adobe Lightroom descuento<\/h1>\n<h1>Adobe Lightroom Web para principiantes<\/h1>\n<h1>activar licencia de Lightroom f\u00e1cilmente<\/h1>\n<h1>opiniones sobre Adobe Lightroom Web<\/h1>\n<h1>licencia Lightroom 2024<\/h1>\n<\/div>\n","protected":false},"excerpt":{"rendered":"<p>-Licencia por 3 meses para Adobe Lightroom Web<br \/>\n-Activaci\u00f3n con su propia cuenta de usuario<br \/>\n-Licencia \u201cBusiness\u201d apta para empresas<br \/>\n-Incluye acceso a todos los programas incluidos por el paquete.<br \/>\n-Para un dispositivo por licencia.<br \/>\n<span style=\"color: #ff0000;\"><b>Todos nuestros productos son originales y cuentan con garant\u00eda y soporte t\u00e9cnico.<\/b><\/span><br \/>\n<span style=\"color: #ff0000;\"><b>Entrega inmediata directo a tu correo electr\u00f3nico junto con manual de instalaci\u00f3n.<\/b><\/span><\/p>\n","protected":false},"featured_media":19879,"template":"","meta":{"_acf_changed":false},"product_brand":[],"product_cat":[1641],"product_tag":[],"class_list":{"0":"post-19914","1":"product","2":"type-product","3":"status-publish","4":"has-post-thumbnail","6":"product_cat-adobe","8":"first","9":"outofstock","10":"shipping-taxable","11":"product-type-simple"},"acf":[],"_links":{"self":[{"href":"https:\/\/compratucodigo.co\/index.php\/wp-json\/wp\/v2\/product\/19914","targetHints":{"allow":["GET"]}}],"collection":[{"href":"https:\/\/compratucodigo.co\/index.php\/wp-json\/wp\/v2\/product"}],"about":[{"href":"https:\/\/compratucodigo.co\/index.php\/wp-json\/wp\/v2\/types\/product"}],"wp:featuredmedia":[{"embeddable":true,"href":"https:\/\/compratucodigo.co\/index.php\/wp-json\/wp\/v2\/media\/19879"}],"wp:attachment":[{"href":"https:\/\/compratucodigo.co\/index.php\/wp-json\/wp\/v2\/media?parent=19914"}],"wp:term":[{"taxonomy":"product_brand","embeddable":true,"href":"https:\/\/compratucodigo.co\/index.php\/wp-json\/wp\/v2\/product_brand?post=19914"},{"taxonomy":"product_cat","embeddable":true,"href":"https:\/\/compratucodigo.co\/index.php\/wp-json\/wp\/v2\/product_cat?post=19914"},{"taxonomy":"product_tag","embeddable":true,"href":"https:\/\/compratucodigo.co\/index.php\/wp-json\/wp\/v2\/product_tag?post=19914"}],"curies":[{"name":"wp","href":"https:\/\/api.w.org\/{rel}","templated":true}]}}