{"id":19912,"date":"2024-10-21T10:27:04","date_gmt":"2024-10-21T15:27:04","guid":{"rendered":"https:\/\/compratucodigo.co\/?post_type=product&#038;p=19912"},"modified":"2025-12-04T16:34:42","modified_gmt":"2025-12-04T21:34:42","slug":"licencia-adobe-media-encoder-por-1-ano","status":"publish","type":"product","link":"https:\/\/compratucodigo.co\/index.php\/producto\/licencia-adobe-media-encoder-por-1-ano\/","title":{"rendered":"Licencia Adobe Media Encoder por 3 meses"},"content":{"rendered":"<p><a href=\"https:\/\/compratucodigo.co\/index.php\/producto\/licencia-adobe-creative-cloud-por-1-ano\/\">Este producto ya no se vende por separado. Si desea adquirirlo, est\u00e1 inclu\u00eddo en Adobe Creative Cloud All Apps, haga clic aqu\u00ed para comprarlo<\/a><\/p>\n<p>Adobe Media Encoder es una aplicaci\u00f3n dise\u00f1ada para codificar, convertir, y exportar archivos de video y audio en una variedad de formatos y configuraciones. Utilizada ampliamente por editores de video y profesionales del cine, es esencial para procesar proyectos desde Adobe Premiere Pro, After Effects, o Audition. Media Encoder permite exportar archivos en m\u00faltiples formatos, como H.264, HEVC, MPEG-2, QuickTime, y m\u00e1s, optimizados para diferentes plataformas, como YouTube, Vimeo, redes sociales, televisi\u00f3n, y dispositivos m\u00f3viles.<\/p>\n<p>Este producto consta de una licencia que se vincula con su propia cuenta de usuario. Duraci\u00f3n de tres meses, para un PC por licencia.<\/p>\n<p><strong>Compatibilidad:<\/strong><\/p>\n<p><strong>Requisitos de Adobe Media Encoder:<\/strong><\/p>\n<p><strong>Sistema operativo:<\/strong><\/p>\n<ol>\n<li style=\"list-style-type: none;\">\n<ul>\n<li>Windows 10 o posterior (solo versiones de 64 bits).<\/li>\n<li>macOS 11 (Big Sur) o posterior.<\/li>\n<\/ul>\n<\/li>\n<\/ol>\n<p><strong>Procesador:<\/strong><\/p>\n<ol>\n<li style=\"list-style-type: none;\">\n<ul>\n<li>M\u00ednimo: Procesador Intel o AMD multin\u00facleo con soporte para 64 bits.<\/li>\n<li>Recomendado: Procesador de 4 n\u00facleos o superior para un mejor rendimiento, especialmente en tareas de codificaci\u00f3n y exportaci\u00f3n de videos grandes.<\/li>\n<\/ul>\n<\/li>\n<\/ol>\n<p><strong>Memoria RAM:<\/strong><\/p>\n<ol>\n<li style=\"list-style-type: none;\">\n<ul>\n<li>M\u00ednimo: 8 GB.<\/li>\n<li>Recomendado: 16 GB o m\u00e1s para manejar proyectos de video en alta resoluci\u00f3n (4K o superior) o m\u00faltiples exportaciones simult\u00e1neas.<\/li>\n<\/ul>\n<\/li>\n<\/ol>\n<p><strong>Espacio en disco:<\/strong><\/p>\n<ol>\n<li style=\"list-style-type: none;\">\n<ul>\n<li>M\u00ednimo: 4 GB de espacio disponible en el disco duro para la instalaci\u00f3n. Se recomienda SSD para almacenar archivos de medios y mejorar la velocidad de codificaci\u00f3n.<\/li>\n<\/ul>\n<\/li>\n<\/ol>\n<p><strong>Resoluci\u00f3n de pantalla:<\/strong><\/p>\n<ol>\n<li style=\"list-style-type: none;\">\n<ul>\n<li>M\u00ednimo: Pantalla de 1280 x 1080.<\/li>\n<li>Recomendado: Pantalla de 1920 x 1080 (Full HD) o superior para una experiencia \u00f3ptima.<\/li>\n<\/ul>\n<\/li>\n<\/ol>\n<p><strong>GPU:<\/strong><\/p>\n<ol>\n<li style=\"list-style-type: none;\">\n<ul>\n<li>M\u00ednimo: Compatible con DirectX 12 (Windows) o Metal (macOS).<\/li>\n<li>Recomendado: Tarjeta gr\u00e1fica dedicada con al menos 2 GB de VRAM para una mejor aceleraci\u00f3n de hardware durante la exportaci\u00f3n de video.<\/li>\n<\/ul>\n<\/li>\n<\/ol>\n<p><strong>Env\u00edo:<\/strong><\/p>\n<p>Tras su compra, enviaremos un enlace para que vincule su cuenta a la suscripci\u00f3n de Adobe Media Encoder<\/p>\n<p><strong>Empresa<\/strong><\/p>\n<p>Compratucodigo es una marca de 3Clics Colombia SAS, somos una empresa formal registrada en Colombia con m\u00e1s de tres a\u00f1os de experiencia en la venta de c\u00f3digos de licencia digitales. Entregamos factura y todos nuestros productos est\u00e1n garantizados por nuestra empresa.<\/p>\n<div id=\"divtags\">\n<h1>licencia Adobe Media Encoder<\/h1>\n<h1>comprar licencia Adobe Media Encoder<\/h1>\n<h1>activar licencia Adobe Media Encoder<\/h1>\n<h1>licencia Adobe Media Encoder 3 meses<\/h1>\n<h1>precio licencia Adobe Media Encoder<\/h1>\n<h1>licencia anual Adobe Media Encoder<\/h1>\n<h1>mejorar rendimiento con Adobe Media Encoder<\/h1>\n<h1>licencia Adobe Media Encoder online<\/h1>\n<h1>descuentos licencia Adobe Media Encoder<\/h1>\n<h1>c\u00f3mo comprar Adobe Media Encoder<\/h1>\n<h1>licencia Adobe Media Encoder para estudiantes<\/h1>\n<h1>gu\u00eda de activaci\u00f3n Adobe Media Encoder<\/h1>\n<h1>ventajas de la licencia Adobe Media Encoder<\/h1>\n<h1>Adobe Media Encoder para profesionales<\/h1>\n<h1>tutorial de Adobe Media Encoder<\/h1>\n<h1>soporte para licencia Adobe Media Encoder<\/h1>\n<h1>actualizaciones licencia Adobe Media Encoder<\/h1>\n<\/div>\n","protected":false},"excerpt":{"rendered":"<p>-Licencia por 3 meses para Adobe Media Encoder<br \/>\n-Activaci\u00f3n con su propia cuenta de usuario<br \/>\n-Licencia \u201cBusiness\u201d apta para empresas<br \/>\n-Incluye acceso a todos los programas incluidos por el paquete.<br \/>\n-Para un dispositivo por licencia.<br \/>\n<span style=\"color: #ff0000;\"><b>Todos nuestros productos son originales y cuentan con garant\u00eda y soporte t\u00e9cnico.<\/b><\/span><br \/>\n<span style=\"color: #ff0000;\"><b>Entrega inmediata directo a tu correo electr\u00f3nico junto con manual de instalaci\u00f3n.<\/b><\/span><\/p>\n","protected":false},"featured_media":19866,"template":"","meta":{"_acf_changed":false},"product_brand":[],"product_cat":[1641],"product_tag":[],"class_list":{"0":"post-19912","1":"product","2":"type-product","3":"status-publish","4":"has-post-thumbnail","6":"product_cat-adobe","8":"first","9":"outofstock","10":"shipping-taxable","11":"product-type-simple"},"acf":[],"_links":{"self":[{"href":"https:\/\/compratucodigo.co\/index.php\/wp-json\/wp\/v2\/product\/19912","targetHints":{"allow":["GET"]}}],"collection":[{"href":"https:\/\/compratucodigo.co\/index.php\/wp-json\/wp\/v2\/product"}],"about":[{"href":"https:\/\/compratucodigo.co\/index.php\/wp-json\/wp\/v2\/types\/product"}],"wp:featuredmedia":[{"embeddable":true,"href":"https:\/\/compratucodigo.co\/index.php\/wp-json\/wp\/v2\/media\/19866"}],"wp:attachment":[{"href":"https:\/\/compratucodigo.co\/index.php\/wp-json\/wp\/v2\/media?parent=19912"}],"wp:term":[{"taxonomy":"product_brand","embeddable":true,"href":"https:\/\/compratucodigo.co\/index.php\/wp-json\/wp\/v2\/product_brand?post=19912"},{"taxonomy":"product_cat","embeddable":true,"href":"https:\/\/compratucodigo.co\/index.php\/wp-json\/wp\/v2\/product_cat?post=19912"},{"taxonomy":"product_tag","embeddable":true,"href":"https:\/\/compratucodigo.co\/index.php\/wp-json\/wp\/v2\/product_tag?post=19912"}],"curies":[{"name":"wp","href":"https:\/\/api.w.org\/{rel}","templated":true}]}}