{"id":19911,"date":"2024-10-21T10:22:09","date_gmt":"2024-10-21T15:22:09","guid":{"rendered":"https:\/\/compratucodigo.co\/?post_type=product&#038;p=19911"},"modified":"2025-12-04T17:23:50","modified_gmt":"2025-12-04T22:23:50","slug":"licencia-adobe-photoshop-express-por-1-ano","status":"publish","type":"product","link":"https:\/\/compratucodigo.co\/index.php\/producto\/licencia-adobe-photoshop-express-por-1-ano\/","title":{"rendered":"Licencia Adobe Photoshop Express por 3 meses"},"content":{"rendered":"<p><a href=\"https:\/\/compratucodigo.co\/index.php\/producto\/licencia-adobe-creative-cloud-por-1-ano\/\">Este producto ya no se vende por separado. Si desea adquirirlo, est\u00e1 inclu\u00eddo en Adobe Creative Cloud All Apps, haga clic aqu\u00ed para comprarlo<\/a><\/p>\n<p>Adobe Photoshop Express es una aplicaci\u00f3n m\u00f3vil y de escritorio dise\u00f1ada para la edici\u00f3n r\u00e1pida y sencilla de fotograf\u00edas. Ofrece herramientas b\u00e1sicas y avanzadas de retoque fotogr\u00e1fico, como recorte, ajuste de brillo, contraste, eliminaci\u00f3n de imperfecciones, filtros, y efectos creativos. Aunque es una versi\u00f3n m\u00e1s ligera y accesible de Photoshop, permite realizar ediciones de calidad profesional sobre la marcha. Photoshop Express es ideal para usuarios que buscan mejorar sus fotos r\u00e1pidamente antes de compartirlas en redes sociales o guardarlas en su galer\u00eda. Tambi\u00e9n permite la integraci\u00f3n con Adobe Creative Cloud, lo que facilita la sincronizaci\u00f3n de proyectos entre dispositivos y su posterior edici\u00f3n en otras aplicaciones de Adobe. Es una opci\u00f3n popular para fot\u00f3grafos aficionados y usuarios que necesitan mejorar im\u00e1genes de manera eficiente en dispositivos m\u00f3viles o tablets.<\/p>\n<p>Este producto consta de una licencia que se vincula con su propia cuenta de usuario. Duraci\u00f3n de tres meses, para un PC por licencia.<\/p>\n<p><strong>Compatibilidad:<\/strong><\/p>\n<p><strong>Requisitos de Adobe Photoshop Express:<\/strong><\/p>\n<p><strong>Sistema operativo:<\/strong><\/p>\n<ol>\n<li style=\"list-style-type: none;\">\n<ul>\n<li>iOS: Requiere iOS 14.0 o posterior. Compatible con iPhone, iPad y iPod touch.<\/li>\n<li>Android: Requiere Android 6.0 o posterior.<\/li>\n<li>Windows: Disponible como aplicaci\u00f3n para Windows 10 y 11 (solo versiones de 64 bits) a trav\u00e9s de la tienda de Microsoft.<\/li>\n<\/ul>\n<\/li>\n<\/ol>\n<p><strong>Procesador:<\/strong><\/p>\n<ol>\n<li style=\"list-style-type: none;\">\n<ul>\n<li>Depende del dispositivo m\u00f3vil o la PC\/tableta en la que se ejecute la aplicaci\u00f3n.<\/li>\n<\/ul>\n<\/li>\n<\/ol>\n<p><strong>Memoria RAM:<\/strong><\/p>\n<ol>\n<li style=\"list-style-type: none;\">\n<ul>\n<li>M\u00ednimo: 2 GB de RAM en dispositivos m\u00f3viles.<\/li>\n<li>Recomendado: 4 GB o m\u00e1s para manejar archivos de imagen m\u00e1s grandes y aplicar ediciones complejas.<\/li>\n<\/ul>\n<\/li>\n<\/ol>\n<p><strong>Espacio en disco:<\/strong><\/p>\n<ol>\n<li style=\"list-style-type: none;\">\n<ul>\n<li>Depende del espacio disponible en el dispositivo. Es recomendable tener suficiente espacio libre para almacenar fotos editadas y proyectos.<\/li>\n<\/ul>\n<\/li>\n<\/ol>\n<p><strong>Env\u00edo:<\/strong><\/p>\n<p>Tras su compra, enviaremos un enlace para que vincule su cuenta a la suscripci\u00f3n de Adobe Photoshop Express.<\/p>\n<p><strong>Empresa<\/strong><\/p>\n<p>Compratucodigo es una marca de 3Clics Colombia SAS, somos una empresa formal registrada en Colombia con m\u00e1s de tres a\u00f1os de experiencia en la venta de c\u00f3digos de licencia digitales. Entregamos factura y todos nuestros productos est\u00e1n garantizados por nuestra empresa.<\/p>\n<div id=\"divtags\">\n<h1>Licencia Adobe Photoshop Express<\/h1>\n<h1>Comprar licencia Adobe Photoshop Express<\/h1>\n<h1>Activar Adobe Photoshop Express por 3 meses<\/h1>\n<h1>Licencia anual Adobe Photoshop Express<\/h1>\n<h1>Descargar Adobe Photoshop Express<\/h1>\n<h1>Mejor precio licencia Adobe Photoshop Express<\/h1>\n<h1>Activar licencia Adobe Photoshop Express<\/h1>\n<h1>Beneficios de Adobe Photoshop Express<\/h1>\n<h1>Licencia Adobe Photoshop Express para estudiantes<\/h1>\n<h1>Ofertas licencia Adobe Photoshop Express<\/h1>\n<h1>Requisitos para Adobe Photoshop Express<\/h1>\n<h1>Ventajas de la licencia anual Adobe Photoshop Express<\/h1>\n<h1>\u00bfD\u00f3nde comprar Adobe Photoshop Express?<\/h1>\n<h1>Licencia digital Adobe Photoshop Express<\/h1>\n<h1>Adobe Photoshop Express: Activaci\u00f3n r\u00e1pida<\/h1>\n<h1>Consejos para usar Adobe Photoshop Express<\/h1>\n<\/div>\n","protected":false},"excerpt":{"rendered":"<p>-Licencia por 3 meses para Adobe Photoshop Express<br \/>\n-Activaci\u00f3n con su propia cuenta de usuario<br \/>\n-Licencia \u201cBusiness\u201d apta para empresas<br \/>\n-Incluye acceso a todos los programas incluidos por el paquete.<br \/>\n-Para un dispositivo por licencia.<br \/>\n<span style=\"color: #ff0000;\"><b>Todos nuestros productos son originales y cuentan con garant\u00eda y soporte t\u00e9cnico.<\/b><\/span><br \/>\n<span style=\"color: #ff0000;\"><b>Entrega inmediata directo a tu correo electr\u00f3nico junto con manual de instalaci\u00f3n.<\/b><\/span><\/p>\n","protected":false},"featured_media":19867,"template":"","meta":{"_acf_changed":false},"product_brand":[],"product_cat":[1641],"product_tag":[],"class_list":{"0":"post-19911","1":"product","2":"type-product","3":"status-publish","4":"has-post-thumbnail","6":"product_cat-adobe","8":"first","9":"outofstock","10":"shipping-taxable","11":"product-type-simple"},"acf":[],"_links":{"self":[{"href":"https:\/\/compratucodigo.co\/index.php\/wp-json\/wp\/v2\/product\/19911","targetHints":{"allow":["GET"]}}],"collection":[{"href":"https:\/\/compratucodigo.co\/index.php\/wp-json\/wp\/v2\/product"}],"about":[{"href":"https:\/\/compratucodigo.co\/index.php\/wp-json\/wp\/v2\/types\/product"}],"wp:featuredmedia":[{"embeddable":true,"href":"https:\/\/compratucodigo.co\/index.php\/wp-json\/wp\/v2\/media\/19867"}],"wp:attachment":[{"href":"https:\/\/compratucodigo.co\/index.php\/wp-json\/wp\/v2\/media?parent=19911"}],"wp:term":[{"taxonomy":"product_brand","embeddable":true,"href":"https:\/\/compratucodigo.co\/index.php\/wp-json\/wp\/v2\/product_brand?post=19911"},{"taxonomy":"product_cat","embeddable":true,"href":"https:\/\/compratucodigo.co\/index.php\/wp-json\/wp\/v2\/product_cat?post=19911"},{"taxonomy":"product_tag","embeddable":true,"href":"https:\/\/compratucodigo.co\/index.php\/wp-json\/wp\/v2\/product_tag?post=19911"}],"curies":[{"name":"wp","href":"https:\/\/api.w.org\/{rel}","templated":true}]}}