{"id":19909,"date":"2024-10-21T10:12:06","date_gmt":"2024-10-21T15:12:06","guid":{"rendered":"https:\/\/compratucodigo.co\/?post_type=product&#038;p=19909"},"modified":"2025-12-04T17:33:51","modified_gmt":"2025-12-04T22:33:51","slug":"licencia-adobe-fresco-por-1-ano","status":"publish","type":"product","link":"https:\/\/compratucodigo.co\/index.php\/producto\/licencia-adobe-fresco-por-1-ano\/","title":{"rendered":"Licencia Adobe Fresco por 3 meses"},"content":{"rendered":"<p><a href=\"https:\/\/compratucodigo.co\/index.php\/producto\/licencia-adobe-creative-cloud-por-1-ano\/\">Este producto ya no se vende por separado. Si desea adquirirlo, est\u00e1 inclu\u00eddo en Adobe Creative Cloud All Apps, haga clic aqu\u00ed para comprarlo<\/a><\/p>\n<p>Adobe Fresco es una aplicaci\u00f3n de ilustraci\u00f3n y pintura digital dise\u00f1ada tanto para artistas profesionales como para aficionados que desean aprovechar las capacidades del dibujo y pintura natural en un entorno digital. Fresco combina herramientas de pinceles vectoriales y rasterizados, y adem\u00e1s introduce pinceles en vivo (Live Brushes) que simulan el comportamiento del \u00f3leo y la acuarela, brindando una experiencia de pintura realista. Es ideal para ilustradores, pintores, y dibujantes que deseen crear arte desde cualquier lugar, utilizando dispositivos como el iPad o una tableta con Windows. Adem\u00e1s, se integra con Adobe Photoshop, permitiendo la edici\u00f3n fluida de las ilustraciones entre ambas aplicaciones y con acceso a Adobe Creative Cloud para compartir archivos y trabajar en proyectos colaborativos.<\/p>\n<p>Este producto consta de una licencia que se vincula con su propia cuenta de usuario. Duraci\u00f3n de tres meses, para un PC por licencia.<\/p>\n<p><strong>Compatibilidad:<\/strong><\/p>\n<p><strong>Requisitos de Adobe Fresco:<\/strong><\/p>\n<p><strong>Sistema operativo:<\/strong><\/p>\n<ol>\n<li style=\"list-style-type: none;\">\n<ul>\n<li>Windows: Windows 10 de 64 bits (versi\u00f3n 1903 o posterior).<\/li>\n<li>iOS: iPad con iOS 14 o posterior.<\/li>\n<li>macOS: No est\u00e1 disponible para macOS, pero puedes usarlo a trav\u00e9s de un iPad.<\/li>\n<\/ul>\n<\/li>\n<\/ol>\n<p><strong>Procesador:<\/strong><\/p>\n<ol>\n<li style=\"list-style-type: none;\">\n<ul>\n<li>Windows: Procesador Intel o AMD con soporte para 64 bits y SSE 4.2.<\/li>\n<li>iOS: Requiere un dispositivo compatible como iPad Pro (todos los modelos), iPad Air (3.\u00aa generaci\u00f3n), iPad (5.\u00aa generaci\u00f3n o posterior) o iPad mini (5.\u00aa generaci\u00f3n).<\/li>\n<\/ul>\n<\/li>\n<\/ol>\n<p><strong>Memoria RAM:<\/strong><\/p>\n<ol>\n<li style=\"list-style-type: none;\">\n<ul>\n<li>Windows: M\u00ednimo 8 GB.<\/li>\n<li>Recomendado: 16 GB para un mejor rendimiento en proyectos de ilustraci\u00f3n m\u00e1s grandes.<\/li>\n<li>iOS: Depende del dispositivo, pero funciona mejor en dispositivos con mayor capacidad de RAM, como el iPad Pro.<\/li>\n<\/ul>\n<\/li>\n<\/ol>\n<p><strong>Espacio en disco:<\/strong><\/p>\n<ol>\n<li style=\"list-style-type: none;\">\n<ul>\n<li>Windows: Al menos 5 GB de espacio disponible para la instalaci\u00f3n. Se recomienda SSD para un mejor rendimiento.<\/li>\n<li>iPad: Depender\u00e1 del espacio libre en el dispositivo.<\/li>\n<\/ul>\n<\/li>\n<\/ol>\n<p><strong>Resoluci\u00f3n de pantalla:<\/strong><\/p>\n<ol>\n<li style=\"list-style-type: none;\">\n<ul>\n<li>Windows: Pantalla de 1280 x 800 o superior. Se recomienda 1920 x 1080 (Full HD) o superior para una mejor experiencia.<\/li>\n<li>iOS: Depende de la resoluci\u00f3n del iPad.<\/li>\n<\/ul>\n<\/li>\n<\/ol>\n<p><strong>GPU:<\/strong><\/p>\n<ol>\n<li style=\"list-style-type: none;\">\n<ul>\n<li>Windows: Compatible con DirectX 12 o posterior, con una tarjeta gr\u00e1fica dedicada para un mejor rendimiento.<\/li>\n<\/ul>\n<\/li>\n<\/ol>\n<p><strong>Conexi\u00f3n a Internet:<\/strong><\/p>\n<ol>\n<li style=\"list-style-type: none;\">\n<ul>\n<li>Necesaria para la activaci\u00f3n, sincronizaci\u00f3n con Creative Cloud y actualizaciones.<\/li>\n<\/ul>\n<\/li>\n<\/ol>\n<p><strong>Env\u00edo:<\/strong><\/p>\n<p>Tras su compra, enviaremos un enlace para que vincule su cuenta a la suscripci\u00f3n de Adobe Fresco<\/p>\n<p><strong>Empresa<\/strong><\/p>\n<p>Compratucodigo es una marca de 3Clics Colombia SAS, somos una empresa formal registrada en Colombia con m\u00e1s de tres a\u00f1os de experiencia en la venta de c\u00f3digos de licencia digitales. Entregamos factura y todos nuestros productos est\u00e1n garantizados por nuestra empresa.<\/p>\n<div id=\"divtags\">\n<h1>licencia Adobe Fresco 1 a\u00f1o<\/h1>\n<h1>comprar licencia Adobe Fresco<\/h1>\n<h1>activar Adobe Fresco licencia<\/h1>\n<h1>licencia anual Adobe Fresco<\/h1>\n<h1>ofertas Adobe Fresco 3 meses<\/h1>\n<h1>descargar Adobe Fresco licencia<\/h1>\n<h1>licencia Adobe Fresco barata<\/h1>\n<h1>Adobe Fresco 3 meses precio<\/h1>\n<h1>licencia Adobe Fresco estudiantes<\/h1>\n<h1>comprar Adobe Fresco 3 meses<\/h1>\n<h1>activar licencia Adobe Fresco online<\/h1>\n<h1>renovar licencia Adobe Fresco<\/h1>\n<h1>licencia Adobe Fresco sin costo<\/h1>\n<h1>descubrir Adobe Fresco 3 meses<\/h1>\n<h1>beneficios de la licencia Adobe Fresco<\/h1>\n<h1>c\u00f3mo activar Adobe Fresco<\/h1>\n<h1>licencia Adobe Fresco tutorial<\/h1>\n<\/div>\n","protected":false},"excerpt":{"rendered":"<p>-Licencia\u00a0 3 meses para Adobe Fresco<br \/>\n-Activaci\u00f3n con su propia cuenta de usuario<br \/>\n-Licencia \u201cBusiness\u201d apta para empresas<br \/>\n-Incluye acceso a todos los programas incluidos por el paquete.<br \/>\n-Para un dispositivo por licencia.<br \/>\n<span style=\"color: #ff0000;\"><b>Todos nuestros productos son originales y cuentan con garant\u00eda y soporte t\u00e9cnico.<\/b><\/span><br \/>\n<span style=\"color: #ff0000;\"><b>Entrega inmediata directo a tu correo electr\u00f3nico junto con manual de instalaci\u00f3n.<\/b><\/span><\/p>\n","protected":false},"featured_media":19869,"template":"","meta":{"_acf_changed":false},"product_brand":[],"product_cat":[1641],"product_tag":[],"class_list":{"0":"post-19909","1":"product","2":"type-product","3":"status-publish","4":"has-post-thumbnail","6":"product_cat-adobe","8":"first","9":"outofstock","10":"shipping-taxable","11":"product-type-simple"},"acf":[],"_links":{"self":[{"href":"https:\/\/compratucodigo.co\/index.php\/wp-json\/wp\/v2\/product\/19909","targetHints":{"allow":["GET"]}}],"collection":[{"href":"https:\/\/compratucodigo.co\/index.php\/wp-json\/wp\/v2\/product"}],"about":[{"href":"https:\/\/compratucodigo.co\/index.php\/wp-json\/wp\/v2\/types\/product"}],"wp:featuredmedia":[{"embeddable":true,"href":"https:\/\/compratucodigo.co\/index.php\/wp-json\/wp\/v2\/media\/19869"}],"wp:attachment":[{"href":"https:\/\/compratucodigo.co\/index.php\/wp-json\/wp\/v2\/media?parent=19909"}],"wp:term":[{"taxonomy":"product_brand","embeddable":true,"href":"https:\/\/compratucodigo.co\/index.php\/wp-json\/wp\/v2\/product_brand?post=19909"},{"taxonomy":"product_cat","embeddable":true,"href":"https:\/\/compratucodigo.co\/index.php\/wp-json\/wp\/v2\/product_cat?post=19909"},{"taxonomy":"product_tag","embeddable":true,"href":"https:\/\/compratucodigo.co\/index.php\/wp-json\/wp\/v2\/product_tag?post=19909"}],"curies":[{"name":"wp","href":"https:\/\/api.w.org\/{rel}","templated":true}]}}