{"id":19908,"date":"2024-10-21T10:08:28","date_gmt":"2024-10-21T15:08:28","guid":{"rendered":"https:\/\/compratucodigo.co\/?post_type=product&#038;p=19908"},"modified":"2025-12-04T17:47:23","modified_gmt":"2025-12-04T22:47:23","slug":"licencia-adobe-capture-por-1-ano","status":"publish","type":"product","link":"https:\/\/compratucodigo.co\/index.php\/producto\/licencia-adobe-capture-por-1-ano\/","title":{"rendered":"Licencia Adobe Capture por 3 meses"},"content":{"rendered":"<p><a href=\"https:\/\/compratucodigo.co\/index.php\/producto\/licencia-adobe-creative-cloud-por-1-ano\/\">Este producto ya no se vende por separado. Si desea adquirirlo, est\u00e1 inclu\u00eddo en Adobe Creative Cloud All Apps, haga clic aqu\u00ed para comprarlo<\/a><\/p>\n<p>Adobe Capture es una aplicaci\u00f3n m\u00f3vil que permite a los usuarios convertir fotos tomadas con su c\u00e1mara en activos de dise\u00f1o. La app transforma im\u00e1genes en vectores escalables, paletas de colores, pinceles personalizados, patrones y materiales 3D, que luego se pueden utilizar en otras aplicaciones de Adobe como Photoshop, Illustrator, Premiere Pro y Dimension. Adobe Capture permite crear recursos de dise\u00f1o en movimiento, lo que lo convierte en una herramienta poderosa para dise\u00f1adores gr\u00e1ficos, ilustradores, y creadores de contenido que desean capturar inspiraci\u00f3n en cualquier lugar. Adem\u00e1s, se integra con Adobe Creative Cloud, lo que facilita la sincronizaci\u00f3n de los activos creados entre dispositivos y aplicaciones. Es ideal para aquellos que buscan una forma r\u00e1pida y creativa de generar recursos visuales a partir de su entorno.<\/p>\n<p>Este producto consta de una licencia que se vincula con su propia cuenta de usuario. Duraci\u00f3n de tres meses, para un PC por licencia.<\/p>\n<p><strong>Compatibilidad:<\/strong><\/p>\n<p><strong>Requisitos de Adobe Capture:<\/strong><\/p>\n<p><strong>Sistema operativo:<\/strong><\/p>\n<ol>\n<li style=\"list-style-type: none;\">\n<ul>\n<li>iOS: Requiere iOS 14.0 o posterior. Compatible con iPhone, iPad y iPod touch.<\/li>\n<li>Android: Requiere Android 6.0 (Marshmallow) o posterior.<\/li>\n<\/ul>\n<\/li>\n<\/ol>\n<p><strong>Procesador:<\/strong><\/p>\n<ol>\n<li style=\"list-style-type: none;\">\n<ul>\n<li>Depende del dispositivo m\u00f3vil. Los procesadores m\u00e1s recientes proporcionar\u00e1n una experiencia m\u00e1s fluida.<\/li>\n<\/ul>\n<\/li>\n<\/ol>\n<p><strong>Memoria RAM:<\/strong><\/p>\n<ol>\n<li style=\"list-style-type: none;\">\n<ul>\n<li>M\u00ednimo: 2 GB de RAM.<\/li>\n<li>Recomendado: 4 GB o m\u00e1s para un rendimiento m\u00e1s eficiente en la captura y procesamiento de im\u00e1genes.<\/li>\n<\/ul>\n<\/li>\n<\/ol>\n<p><strong>Espacio en disco:<\/strong><\/p>\n<ol>\n<li style=\"list-style-type: none;\">\n<ul>\n<li>Depende de los archivos creados y almacenados en el dispositivo. Se recomienda suficiente espacio libre para almacenar patrones, colores, pinceles y formas.<\/li>\n<\/ul>\n<\/li>\n<\/ol>\n<p><strong>Conexi\u00f3n a Internet:<\/strong><\/p>\n<ol>\n<li style=\"list-style-type: none;\">\n<ul>\n<li>Necesaria para la sincronizaci\u00f3n con la nube de Adobe Creative Cloud, para guardar y acceder a los activos capturados.<\/li>\n<\/ul>\n<\/li>\n<\/ol>\n<p><strong>Env\u00edo:<\/strong><\/p>\n<p>Tras su compra, enviaremos un enlace para que vincule su cuenta a la suscripci\u00f3n de Adobe Capture<\/p>\n<p><strong>Empresa<\/strong><\/p>\n<p>Compratucodigo es una marca de 3Clics Colombia SAS, somos una empresa formal registrada en Colombia con m\u00e1s de tres a\u00f1os de experiencia en la venta de c\u00f3digos de licencia digitales. Entregamos factura y todos nuestros productos est\u00e1n garantizados por nuestra empresa.<\/p>\n<div id=\"divtags\">\n<h1>Licencia Adobe Capture<\/h1>\n<h1>Comprar licencia Adobe Capture<\/h1>\n<h1>Activar licencia Adobe Capture<\/h1>\n<h1>Licencia anual Adobe Capture<\/h1>\n<h1>Licencia Adobe Capture por un a\u00f1o<\/h1>\n<h1>Ofertas licencia Adobe Capture<\/h1>\n<h1>Descargar Adobe Capture<\/h1>\n<h1>Beneficios de licencia Adobe Capture<\/h1>\n<h1>Activaci\u00f3n de Adobe Capture<\/h1>\n<h1>Adquirir licencia Adobe Capture<\/h1>\n<h1>Plan anual Adobe Capture<\/h1>\n<h1>Licencia Adobe Capture con descuento<\/h1>\n<h1>Requisitos licencia Adobe Capture<\/h1>\n<h1>C\u00f3mo activar Adobe Capture<\/h1>\n<h1>Licencia digital Adobe Capture<\/h1>\n<h1>Compra online licencia Adobe Capture<\/h1>\n<h1>Licencia Adobe Capture para creativos<\/h1>\n<\/div>\n","protected":false},"excerpt":{"rendered":"<p>-Licencia por 3 meses para Adobe Capture<br \/>\n-Activaci\u00f3n con su propia cuenta de usuario<br \/>\n-Licencia \u201cBusiness\u201d apta para empresas<br \/>\n-Incluye acceso a todos los programas incluidos por el paquete.<br \/>\n-Para un dispositivo por licencia.<br \/>\n<span style=\"color: #ff0000;\"><b>Todos nuestros productos son originales y cuentan con garant\u00eda y soporte t\u00e9cnico.<\/b><\/span><br \/>\n<span style=\"color: #ff0000;\"><b>Entrega inmediata directo a tu correo electr\u00f3nico junto con manual de instalaci\u00f3n.<\/b><\/span><\/p>\n","protected":false},"featured_media":19870,"template":"","meta":{"_acf_changed":false},"product_brand":[],"product_cat":[1641],"product_tag":[],"class_list":{"0":"post-19908","1":"product","2":"type-product","3":"status-publish","4":"has-post-thumbnail","6":"product_cat-adobe","8":"first","9":"outofstock","10":"shipping-taxable","11":"product-type-simple"},"acf":[],"_links":{"self":[{"href":"https:\/\/compratucodigo.co\/index.php\/wp-json\/wp\/v2\/product\/19908","targetHints":{"allow":["GET"]}}],"collection":[{"href":"https:\/\/compratucodigo.co\/index.php\/wp-json\/wp\/v2\/product"}],"about":[{"href":"https:\/\/compratucodigo.co\/index.php\/wp-json\/wp\/v2\/types\/product"}],"wp:featuredmedia":[{"embeddable":true,"href":"https:\/\/compratucodigo.co\/index.php\/wp-json\/wp\/v2\/media\/19870"}],"wp:attachment":[{"href":"https:\/\/compratucodigo.co\/index.php\/wp-json\/wp\/v2\/media?parent=19908"}],"wp:term":[{"taxonomy":"product_brand","embeddable":true,"href":"https:\/\/compratucodigo.co\/index.php\/wp-json\/wp\/v2\/product_brand?post=19908"},{"taxonomy":"product_cat","embeddable":true,"href":"https:\/\/compratucodigo.co\/index.php\/wp-json\/wp\/v2\/product_cat?post=19908"},{"taxonomy":"product_tag","embeddable":true,"href":"https:\/\/compratucodigo.co\/index.php\/wp-json\/wp\/v2\/product_tag?post=19908"}],"curies":[{"name":"wp","href":"https:\/\/api.w.org\/{rel}","templated":true}]}}