{"id":19907,"date":"2024-10-21T10:05:54","date_gmt":"2024-10-21T15:05:54","guid":{"rendered":"https:\/\/compratucodigo.co\/?post_type=product&#038;p=19907"},"modified":"2025-12-04T16:12:21","modified_gmt":"2025-12-04T21:12:21","slug":"licencia-adobe-character-animator-por-1-ano","status":"publish","type":"product","link":"https:\/\/compratucodigo.co\/index.php\/producto\/licencia-adobe-character-animator-por-1-ano\/","title":{"rendered":"Licencia Adobe Character Animator por 3 meses"},"content":{"rendered":"<p><a href=\"https:\/\/compratucodigo.co\/index.php\/producto\/licencia-adobe-creative-cloud-por-1-ano\/\">Este producto ya no se vende por separado. Si desea adquirirlo, est\u00e1 inclu\u00eddo en Adobe Creative Cloud All Apps, haga clic aqu\u00ed para comprarlo<\/a><\/p>\n<p>Adobe Character Animator es una herramienta especializada en la creaci\u00f3n de animaciones en tiempo real mediante el uso de gr\u00e1ficos 2D y captura de movimiento facial. Permite a los usuarios animar personajes digitales usando su propia voz y expresiones faciales, gracias a la integraci\u00f3n de c\u00e1maras web y micr\u00f3fonos. Con Character Animator, los personajes pueden sincronizarse autom\u00e1ticamente con los movimientos de los actores en tiempo real, lo que facilita la producci\u00f3n de animaciones para televisi\u00f3n, streaming en vivo o redes sociales. La herramienta es ideal para creadores de contenido, animadores y estudios que necesitan generar animaciones r\u00e1pidas sin la complejidad de los m\u00e9todos de animaci\u00f3n tradicionales. Tambi\u00e9n se integra con Adobe Photoshop e Illustrator, permitiendo crear personajes detallados y personalizables desde cero.<\/p>\n<p>Este producto consta de una licencia que se vincula con su propia cuenta de usuario. Duraci\u00f3n de tres meses, para un PC por licencia.<\/p>\n<p><strong>Compatibilidad:<\/strong><\/p>\n<p><strong>Requisitos de Adobe Character Animator:<\/strong><\/p>\n<p><strong>Sistema operativo:<\/strong><\/p>\n<ol>\n<li style=\"list-style-type: none;\">\n<ul>\n<li>Windows 10 o posterior (solo versiones de 64 bits).<\/li>\n<li>macOS 11 (Big Sur) o posterior.<\/li>\n<\/ul>\n<\/li>\n<\/ol>\n<p><strong>Procesador:<\/strong><\/p>\n<ol>\n<li style=\"list-style-type: none;\">\n<ul>\n<li>M\u00ednimo: Procesador Intel o AMD multin\u00facleo con soporte para 64 bits.<\/li>\n<li>Recomendado: Procesador de 4 n\u00facleos o superior para un rendimiento \u00f3ptimo.<\/li>\n<\/ul>\n<\/li>\n<\/ol>\n<p><strong>Memoria RAM:<\/strong><\/p>\n<ol>\n<li style=\"list-style-type: none;\">\n<ul>\n<li>M\u00ednimo: 8 GB.<\/li>\n<li>Recomendado: 16 GB o m\u00e1s para manejar animaciones complejas.<\/li>\n<\/ul>\n<\/li>\n<\/ol>\n<p><strong>Espacio en disco:<\/strong><\/p>\n<ol>\n<li style=\"list-style-type: none;\">\n<ul>\n<li>M\u00ednimo: 3 GB de espacio disponible en el disco duro para la instalaci\u00f3n. Se recomienda SSD para almacenar los archivos de animaci\u00f3n y mejorar el rendimiento.<\/li>\n<\/ul>\n<\/li>\n<\/ol>\n<p><strong>Resoluci\u00f3n de pantalla:<\/strong><\/p>\n<ol>\n<li style=\"list-style-type: none;\">\n<ul>\n<li>M\u00ednimo: Pantalla de 1280 x 1080.<\/li>\n<li>Recomendado: Pantalla de 1920 x 1080 (Full HD) o superior.<\/li>\n<\/ul>\n<\/li>\n<\/ol>\n<p><strong>GPU:<\/strong><\/p>\n<ol>\n<li style=\"list-style-type: none;\">\n<ul>\n<li>M\u00ednimo: Compatible con DirectX 12 (Windows) o Metal (macOS).<\/li>\n<li>Recomendado: Tarjeta gr\u00e1fica dedicada con al menos 4 GB de VRAM para mejorar la experiencia de animaci\u00f3n en tiempo real.<\/li>\n<\/ul>\n<\/li>\n<\/ol>\n<p><strong>C\u00e1mara web:<\/strong><\/p>\n<ol>\n<li style=\"list-style-type: none;\">\n<ul>\n<li>Requerida para la captura de movimiento facial, usada para animar los personajes en tiempo real.<\/li>\n<\/ul>\n<\/li>\n<\/ol>\n<p><strong>Micr\u00f3fono:<\/strong><\/p>\n<ol>\n<li style=\"list-style-type: none;\">\n<ul>\n<li>Necesario para la captura de voz y sincronizaci\u00f3n labial autom\u00e1tica.<\/li>\n<\/ul>\n<\/li>\n<\/ol>\n<p><strong>Env\u00edo:<\/strong><\/p>\n<p>Tras su compra, enviaremos un enlace para que vincule su cuenta a la suscripci\u00f3n de Adobe Character Animator<\/p>\n<p><strong>Empresa<\/strong><\/p>\n<p>Compratucodigo es una marca de 3Clics Colombia SAS, somos una empresa formal registrada en Colombia con m\u00e1s de tres a\u00f1os de experiencia en la venta de c\u00f3digos de licencia digitales. Entregamos factura y todos nuestros productos est\u00e1n garantizados por nuestra empresa.<\/p>\n<div id=\"divtags\">\n<h1>licencia Adobe Character Animator<\/h1>\n<h1>comprar licencia Adobe Character Animator<\/h1>\n<h1>activar Adobe Character Animator<\/h1>\n<h1>Adobe Character Animator 3 meses<\/h1>\n<h1>licencia anual Adobe Character Animator<\/h1>\n<h1>precio licencia Adobe Character Animator<\/h1>\n<h1>licencia oficial Adobe Character Animator<\/h1>\n<h1>descargar Adobe Character Animator<\/h1>\n<h1>Adobe Character Animator para principiantes<\/h1>\n<h1>beneficios de la licencia Adobe Character Animator<\/h1>\n<h1>tutorial Adobe Character Animator<\/h1>\n<h1>licencia de software Adobe<\/h1>\n<h1>adquirir Adobe Character Animator<\/h1>\n<h1>soporte licencia Adobe Character Animator<\/h1>\n<h1>mejor precio licencia Adobe Character Animator<\/h1>\n<h1>caracter\u00edsticas Adobe Character Animator<\/h1>\n<\/div>\n","protected":false},"excerpt":{"rendered":"<p>-Licencia por 3 meses para Adobe Character Animator<br \/>\n-Activaci\u00f3n con su propia cuenta de usuario<br \/>\n-Licencia \u201cBusiness\u201d apta para empresas<br \/>\n-Incluye acceso a todos los programas incluidos por el paquete.<br \/>\n-Para un dispositivo por licencia.<br \/>\n<span style=\"color: #ff0000;\"><b>Todos nuestros productos son originales y cuentan con garant\u00eda y soporte t\u00e9cnico.<\/b><\/span><br \/>\n<span style=\"color: #ff0000;\"><b>Entrega inmediata directo a tu correo electr\u00f3nico junto con manual de instalaci\u00f3n.<\/b><\/span><\/p>\n","protected":false},"featured_media":19871,"template":"","meta":{"_acf_changed":false},"product_brand":[],"product_cat":[1641],"product_tag":[],"class_list":{"0":"post-19907","1":"product","2":"type-product","3":"status-publish","4":"has-post-thumbnail","6":"product_cat-adobe","8":"first","9":"outofstock","10":"shipping-taxable","11":"product-type-simple"},"acf":[],"_links":{"self":[{"href":"https:\/\/compratucodigo.co\/index.php\/wp-json\/wp\/v2\/product\/19907","targetHints":{"allow":["GET"]}}],"collection":[{"href":"https:\/\/compratucodigo.co\/index.php\/wp-json\/wp\/v2\/product"}],"about":[{"href":"https:\/\/compratucodigo.co\/index.php\/wp-json\/wp\/v2\/types\/product"}],"wp:featuredmedia":[{"embeddable":true,"href":"https:\/\/compratucodigo.co\/index.php\/wp-json\/wp\/v2\/media\/19871"}],"wp:attachment":[{"href":"https:\/\/compratucodigo.co\/index.php\/wp-json\/wp\/v2\/media?parent=19907"}],"wp:term":[{"taxonomy":"product_brand","embeddable":true,"href":"https:\/\/compratucodigo.co\/index.php\/wp-json\/wp\/v2\/product_brand?post=19907"},{"taxonomy":"product_cat","embeddable":true,"href":"https:\/\/compratucodigo.co\/index.php\/wp-json\/wp\/v2\/product_cat?post=19907"},{"taxonomy":"product_tag","embeddable":true,"href":"https:\/\/compratucodigo.co\/index.php\/wp-json\/wp\/v2\/product_tag?post=19907"}],"curies":[{"name":"wp","href":"https:\/\/api.w.org\/{rel}","templated":true}]}}