{"id":19906,"date":"2024-10-21T10:03:27","date_gmt":"2024-10-21T15:03:27","guid":{"rendered":"https:\/\/compratucodigo.co\/?post_type=product&#038;p=19906"},"modified":"2025-12-04T15:46:27","modified_gmt":"2025-12-04T20:46:27","slug":"licencia-adobe-lightroom-classic-por-1-ano","status":"publish","type":"product","link":"https:\/\/compratucodigo.co\/index.php\/producto\/licencia-adobe-lightroom-classic-por-1-ano\/","title":{"rendered":"Licencia Adobe Lightroom Classic por 3 meses"},"content":{"rendered":"<p><a href=\"https:\/\/compratucodigo.co\/index.php\/producto\/licencia-adobe-creative-cloud-por-1-ano\/\">Este producto ya no se vende por separado. Si desea adquirirlo, est\u00e1 inclu\u00eddo en Adobe Creative Cloud All Apps, haga clic aqu\u00ed para comprarlo<\/a><\/p>\n<p>Adobe Lightroom Classic es una versi\u00f3n avanzada de Lightroom dise\u00f1ada espec\u00edficamente para fot\u00f3grafos profesionales que requieren un control detallado sobre el proceso de edici\u00f3n de fotos. A diferencia de Lightroom (basado en la nube), Lightroom Classic trabaja con cat\u00e1logos locales y proporciona herramientas avanzadas para organizar, editar y mejorar fotograf\u00edas en formato RAW o JPEG. Es ideal para aquellos que manejan grandes vol\u00famenes de fotos y necesitan un flujo de trabajo de edici\u00f3n eficiente, desde el ajuste de color y exposici\u00f3n hasta la eliminaci\u00f3n de imperfecciones. Adem\u00e1s, permite la clasificaci\u00f3n y organizaci\u00f3n de fotos mediante etiquetas, palabras clave, colecciones y otros m\u00e9todos. Lightroom Classic es ampliamente utilizado por fot\u00f3grafos que requieren un control total de sus bibliotecas y un flujo de trabajo sin conexi\u00f3n a internet, con capacidades avanzadas de edici\u00f3n y exportaci\u00f3n.<\/p>\n<p>Este producto consta de una licencia que se vincula con su propia cuenta de usuario. Duraci\u00f3n de tres meses, para un PC por licencia.<\/p>\n<p><strong>Compatibilidad:<\/strong><\/p>\n<p><strong>Requisitos de Adobe Lightroom Classic:<\/strong><\/p>\n<p><strong>Sistema operativo:<\/strong><\/p>\n<ol>\n<li style=\"list-style-type: none;\">\n<ul>\n<li>Windows 10 o posterior (solo versiones de 64 bits).<\/li>\n<li>macOS 11 (Big Sur) o posterior.<\/li>\n<\/ul>\n<\/li>\n<\/ol>\n<p><strong>Procesador:<\/strong><\/p>\n<ol>\n<li style=\"list-style-type: none;\">\n<ul>\n<li>M\u00ednimo: Procesador Intel o AMD con soporte para 64 bits y SSE 4.2.<\/li>\n<li>Recomendado: Procesador de 4 n\u00facleos o superior para un mejor rendimiento en grandes cat\u00e1logos de fotos y ediciones RAW.<\/li>\n<\/ul>\n<\/li>\n<\/ol>\n<p><strong>Memoria RAM:<\/strong><\/p>\n<ol>\n<li style=\"list-style-type: none;\">\n<ul>\n<li>M\u00ednimo: 8 GB.<\/li>\n<li>Recomendado: 16 GB o m\u00e1s para un rendimiento \u00f3ptimo en la edici\u00f3n de fotograf\u00edas en alta resoluci\u00f3n.<\/li>\n<\/ul>\n<\/li>\n<\/ol>\n<p><strong>Espacio en disco:<\/strong><\/p>\n<ol>\n<li style=\"list-style-type: none;\">\n<ul>\n<li>M\u00ednimo: 2 GB de espacio disponible en el disco duro para la instalaci\u00f3n. Se recomienda SSD para almacenar archivos de cach\u00e9 y mejorar el rendimiento en el manejo de grandes bibliotecas de fotos.<\/li>\n<\/ul>\n<\/li>\n<\/ol>\n<p><strong>Resoluci\u00f3n de pantalla:<\/strong><\/p>\n<ol>\n<li style=\"list-style-type: none;\">\n<ul>\n<li>M\u00ednimo: 1024 x 768.<\/li>\n<li>Recomendado: Pantalla 1920 x 1080 (Full HD) o superior para una mejor visualizaci\u00f3n de fotos y herramientas de edici\u00f3n.<\/li>\n<\/ul>\n<\/li>\n<\/ol>\n<p><strong>GPU:<\/strong><\/p>\n<ol>\n<li style=\"list-style-type: none;\">\n<ul>\n<li>M\u00ednimo: Compatible con DirectX 12 (Windows) o Metal (macOS) con 2 GB de VRAM.<\/li>\n<li>Recomendado: Tarjeta gr\u00e1fica con 4 GB de VRAM para una edici\u00f3n m\u00e1s r\u00e1pida, especialmente en monitores 4K y superiores.<\/li>\n<\/ul>\n<\/li>\n<\/ol>\n<p><strong>Env\u00edo:<\/strong><\/p>\n<p>Tras su compra, enviaremos un enlace para que vincule su cuenta a la suscripci\u00f3n de Adobe Lightroom Classic<\/p>\n<p><strong>Empresa<\/strong><\/p>\n<p>Compratucodigo es una marca de 3Clics Colombia SAS, somos una empresa formal registrada en Colombia con m\u00e1s de tres a\u00f1os de experiencia en la venta de c\u00f3digos de licencia digitales. Entregamos factura y todos nuestros productos est\u00e1n garantizados por nuestra empresa.<\/p>\n<div id=\"divtags\">\n<h1>Licencia Adobe Lightroom Classic<\/h1>\n<h1>Comprar licencia Lightroom Classic<\/h1>\n<h1>Activar Lightroom Classic<\/h1>\n<h1>Licencia anual Lightroom Classic<\/h1>\n<h1>Licencia Lightroom Classic 3 meses<\/h1>\n<h1>Descargar Lightroom Classic<\/h1>\n<h1>Precios licencia Lightroom Classic<\/h1>\n<h1>Mejor oferta Lightroom Classic<\/h1>\n<h1>Activaci\u00f3n de Lightroom Classic<\/h1>\n<h1>Licencia de software Lightroom<\/h1>\n<h1>Adobe Lightroom Classic promociones<\/h1>\n<h1>Licencia Lightroom Classic barata<\/h1>\n<h1>Requisitos para Lightroom Classic<\/h1>\n<h1>Licencia Adobe por 1 a\u00f1o<\/h1>\n<h1>Licencia Lightroom Classic descuento<\/h1>\n<h1>Ventajas de Lightroom Classic<\/h1>\n<h1>Comprar Adobe Lightroom online<\/h1>\n<\/div>\n","protected":false},"excerpt":{"rendered":"<p>-Licencia por 3 meses para Adobe Lightroom Classic<br \/>\n-Activaci\u00f3n con su propia cuenta de usuario<br \/>\n-Licencia \u201cBusiness\u201d apta para empresas<br \/>\n-Incluye acceso a todos los programas incluidos por el paquete.<br \/>\n-Para un dispositivo por licencia.<br \/>\n<span style=\"color: #ff0000;\"><b>Todos nuestros productos son originales y cuentan con garant\u00eda y soporte t\u00e9cnico.<\/b><\/span><br \/>\n<span style=\"color: #ff0000;\"><b>Entrega inmediata directo a tu correo electr\u00f3nico junto con manual de instalaci\u00f3n.<\/b><\/span><\/p>\n","protected":false},"featured_media":19872,"template":"","meta":{"_acf_changed":false},"product_brand":[],"product_cat":[1641],"product_tag":[],"class_list":{"0":"post-19906","1":"product","2":"type-product","3":"status-publish","4":"has-post-thumbnail","6":"product_cat-adobe","8":"first","9":"outofstock","10":"shipping-taxable","11":"product-type-simple"},"acf":[],"_links":{"self":[{"href":"https:\/\/compratucodigo.co\/index.php\/wp-json\/wp\/v2\/product\/19906","targetHints":{"allow":["GET"]}}],"collection":[{"href":"https:\/\/compratucodigo.co\/index.php\/wp-json\/wp\/v2\/product"}],"about":[{"href":"https:\/\/compratucodigo.co\/index.php\/wp-json\/wp\/v2\/types\/product"}],"wp:featuredmedia":[{"embeddable":true,"href":"https:\/\/compratucodigo.co\/index.php\/wp-json\/wp\/v2\/media\/19872"}],"wp:attachment":[{"href":"https:\/\/compratucodigo.co\/index.php\/wp-json\/wp\/v2\/media?parent=19906"}],"wp:term":[{"taxonomy":"product_brand","embeddable":true,"href":"https:\/\/compratucodigo.co\/index.php\/wp-json\/wp\/v2\/product_brand?post=19906"},{"taxonomy":"product_cat","embeddable":true,"href":"https:\/\/compratucodigo.co\/index.php\/wp-json\/wp\/v2\/product_cat?post=19906"},{"taxonomy":"product_tag","embeddable":true,"href":"https:\/\/compratucodigo.co\/index.php\/wp-json\/wp\/v2\/product_tag?post=19906"}],"curies":[{"name":"wp","href":"https:\/\/api.w.org\/{rel}","templated":true}]}}