{"id":19899,"date":"2024-10-21T09:53:22","date_gmt":"2024-10-21T14:53:22","guid":{"rendered":"https:\/\/compratucodigo.co\/?post_type=product&#038;p=19899"},"modified":"2025-12-04T15:44:35","modified_gmt":"2025-12-04T20:44:35","slug":"licencia-adobe-audition-por-1-ano","status":"publish","type":"product","link":"https:\/\/compratucodigo.co\/index.php\/producto\/licencia-adobe-audition-por-1-ano\/","title":{"rendered":"Licencia Adobe Audition por 3 meses"},"content":{"rendered":"<p><a href=\"https:\/\/compratucodigo.co\/index.php\/producto\/licencia-adobe-creative-cloud-por-1-ano\/\">Este producto ya no se vende por separado. Si desea adquirirlo, est\u00e1 inclu\u00eddo en Adobe Creative Cloud All Apps, haga clic aqu\u00ed para comprarlo<\/a><\/p>\n<p>Adobe Audition es una potente herramienta de edici\u00f3n y producci\u00f3n de audio, ampliamente utilizada en la industria del cine, la televisi\u00f3n, la radio y el podcasting. Audition ofrece un entorno de edici\u00f3n multipista no destructivo, ideal para mezclar y masterizar audio en proyectos complejos. Adem\u00e1s, cuenta con herramientas avanzadas para la restauraci\u00f3n de audio, eliminaci\u00f3n de ruido, efectos de sonido, y procesamiento en tiempo real. Tambi\u00e9n es capaz de trabajar con archivos de alta resoluci\u00f3n y m\u00faltiples formatos, lo que lo hace perfecto para proyectos de sonido profesional. Audition se integra a la perfecci\u00f3n con otras aplicaciones de Adobe, como Premiere Pro, permitiendo a los usuarios un flujo de trabajo audiovisual eficiente para la postproducci\u00f3n de v\u00eddeo y audio.<\/p>\n<p>Este producto consta de una licencia que se vincula con su propia cuenta de usuario. Duraci\u00f3n de tres meses, para un PC por licencia.<\/p>\n<p><strong>Compatibilidad:<\/strong><\/p>\n<p><strong>Requisitos de Adobe Audition:<\/strong><\/p>\n<p><strong>Sistema operativo:<\/strong><\/p>\n<ol>\n<li style=\"list-style-type: none;\">\n<ul>\n<li>Windows 10 o posterior (solo versiones de 64 bits).<\/li>\n<li>macOS 11 (Big Sur) o posterior.<\/li>\n<\/ul>\n<\/li>\n<\/ol>\n<p><strong>Procesador:<\/strong><\/p>\n<ol>\n<li style=\"list-style-type: none;\">\n<ul>\n<li>M\u00ednimo: Procesador multicore Intel o AMD con soporte para 64 bits.<\/li>\n<li>Recomendado: Procesador de 4 n\u00facleos o superior para un mejor rendimiento en proyectos complejos de audio.<\/li>\n<\/ul>\n<\/li>\n<\/ol>\n<p><strong>Memoria RAM:<\/strong><\/p>\n<ol>\n<li style=\"list-style-type: none;\">\n<ul>\n<li>M\u00ednimo: 4 GB.<\/li>\n<li>Recomendado: 16 GB o m\u00e1s para proyectos con m\u00faltiples pistas o procesamiento de audio intensivo.<\/li>\n<\/ul>\n<\/li>\n<\/ol>\n<p><strong>Espacio en disco:<\/strong><\/p>\n<ol>\n<li style=\"list-style-type: none;\">\n<ul>\n<li>Al menos 4 GB de espacio disponible para la instalaci\u00f3n. Se recomienda SSD para un rendimiento \u00f3ptimo y almacenamiento adicional para archivos de proyectos.<\/li>\n<\/ul>\n<\/li>\n<\/ol>\n<p><strong>Resoluci\u00f3n de pantalla:<\/strong><\/p>\n<ol>\n<li style=\"list-style-type: none;\">\n<ul>\n<li>M\u00ednimo: 1280 x 800.<\/li>\n<li>Recomendado: Pantalla de 1920 x 1080 (Full HD) o superior para una mejor visualizaci\u00f3n de las formas de onda y la interfaz de usuario.<\/li>\n<\/ul>\n<\/li>\n<\/ol>\n<p><strong>Env\u00edo:<\/strong><\/p>\n<p>Tras su compra, enviaremos un enlace para que vincule su cuenta a la suscripci\u00f3n de Adobe Audition<\/p>\n<p><strong>Empresa<\/strong><\/p>\n<p>Compratucodigo es una marca de 3Clics Colombia SAS, somos una empresa formal registrada en Colombia con m\u00e1s de tres a\u00f1os de experiencia en la venta de c\u00f3digos de licencia digitales. Entregamos factura y todos nuestros productos est\u00e1n garantizados por nuestra empresa.<\/p>\n<div id=\"divtags\">\n<h1>licencia Adobe Audition<\/h1>\n<h1>comprar licencia Adobe Audition<\/h1>\n<h1>activar licencia Adobe Audition<\/h1>\n<h1>licencia Adobe Audition 3 meses<\/h1>\n<h1>ofertas licencia Adobe Audition<\/h1>\n<h1>licencia anual Adobe Audition<\/h1>\n<h1>precios Adobe Audition<\/h1>\n<h1>adquirir Adobe Audition<\/h1>\n<h1>licencia para Adobe Audition<\/h1>\n<h1>descargar Adobe Audition<\/h1>\n<h1>licencia de software Adobe<\/h1>\n<h1>Adobe Audition en oferta<\/h1>\n<h1>licencia Adobe Audition online<\/h1>\n<h1>activar Adobe Audition<\/h1>\n<h1>mejorar audio con Adobe Audition<\/h1>\n<h1>software de edici\u00f3n de audio<\/h1>\n<\/div>\n","protected":false},"excerpt":{"rendered":"<p>-Licencia 3 meses\u00a0para Adobe Audition<br \/>\n-Activaci\u00f3n con su propia cuenta de usuario<br \/>\n-Licencia \u201cBusiness\u201d apta para empresas<br \/>\n-Incluye acceso a todos los programas incluidos por el paquete.<br \/>\n-Para un dispositivo por licencia.<br \/>\n<span style=\"color: #ff0000;\"><b>Todos nuestros productos son originales y cuentan con garant\u00eda y soporte t\u00e9cnico.<\/b><\/span><br \/>\n<span style=\"color: #ff0000;\"><b>Entrega inmediata directo a tu correo electr\u00f3nico junto con manual de instalaci\u00f3n.<\/b><\/span><\/p>\n","protected":false},"featured_media":19877,"template":"","meta":{"_acf_changed":false},"product_brand":[],"product_cat":[1641],"product_tag":[],"class_list":{"0":"post-19899","1":"product","2":"type-product","3":"status-publish","4":"has-post-thumbnail","6":"product_cat-adobe","8":"first","9":"outofstock","10":"shipping-taxable","11":"product-type-simple"},"acf":[],"_links":{"self":[{"href":"https:\/\/compratucodigo.co\/index.php\/wp-json\/wp\/v2\/product\/19899","targetHints":{"allow":["GET"]}}],"collection":[{"href":"https:\/\/compratucodigo.co\/index.php\/wp-json\/wp\/v2\/product"}],"about":[{"href":"https:\/\/compratucodigo.co\/index.php\/wp-json\/wp\/v2\/types\/product"}],"wp:featuredmedia":[{"embeddable":true,"href":"https:\/\/compratucodigo.co\/index.php\/wp-json\/wp\/v2\/media\/19877"}],"wp:attachment":[{"href":"https:\/\/compratucodigo.co\/index.php\/wp-json\/wp\/v2\/media?parent=19899"}],"wp:term":[{"taxonomy":"product_brand","embeddable":true,"href":"https:\/\/compratucodigo.co\/index.php\/wp-json\/wp\/v2\/product_brand?post=19899"},{"taxonomy":"product_cat","embeddable":true,"href":"https:\/\/compratucodigo.co\/index.php\/wp-json\/wp\/v2\/product_cat?post=19899"},{"taxonomy":"product_tag","embeddable":true,"href":"https:\/\/compratucodigo.co\/index.php\/wp-json\/wp\/v2\/product_tag?post=19899"}],"curies":[{"name":"wp","href":"https:\/\/api.w.org\/{rel}","templated":true}]}}