{"id":19898,"date":"2024-10-21T09:51:09","date_gmt":"2024-10-21T14:51:09","guid":{"rendered":"https:\/\/compratucodigo.co\/?post_type=product&#038;p=19898"},"modified":"2025-12-04T15:45:58","modified_gmt":"2025-12-04T20:45:58","slug":"licencia-adobe-xd-por-1-ano","status":"publish","type":"product","link":"https:\/\/compratucodigo.co\/index.php\/producto\/licencia-adobe-xd-por-1-ano\/","title":{"rendered":"Licencia Adobe XD por 3 meses"},"content":{"rendered":"<p><a href=\"https:\/\/compratucodigo.co\/index.php\/producto\/licencia-adobe-creative-cloud-por-1-ano\/\">Este producto ya no se vende por separado. Si desea adquirirlo, est\u00e1 inclu\u00eddo en Adobe Creative Cloud All Apps, haga clic aqu\u00ed para comprarlo<\/a><\/p>\n<p>Adobe XD es una herramienta dise\u00f1ada para la creaci\u00f3n y prototipado de interfaces de usuario (UI) y experiencias de usuario (UX). Es utilizada por dise\u00f1adores de aplicaciones, sitios web y otros productos digitales interactivos. Adobe XD permite a los dise\u00f1adores crear wireframes, maquetas de alta fidelidad y prototipos interactivos que pueden ser compartidos f\u00e1cilmente para su revisi\u00f3n o pruebas de usabilidad. Tambi\u00e9n ofrece herramientas de dise\u00f1o colaborativo en tiempo real, permitiendo a m\u00faltiples usuarios trabajar en un mismo proyecto de manera simult\u00e1nea. Con su integraci\u00f3n con otras herramientas de Adobe, como Illustrator y Photoshop, y la capacidad de crear animaciones y transiciones entre pantallas, Adobe XD se ha convertido en una de las plataformas m\u00e1s populares para dise\u00f1adores UX\/UI que buscan optimizar sus flujos de trabajo.<\/p>\n<p>Este producto consta de una licencia que se vincula con su propia cuenta de usuario. Duraci\u00f3n de tres meses, para un PC por licencia.<\/p>\n<p><strong>Compatibilidad:<\/strong><\/p>\n<p><strong>Requisitos de Adobe XD:<\/strong><\/p>\n<p><strong>Sistema operativo:<\/strong><\/p>\n<ol>\n<li style=\"list-style-type: none;\">\n<ul>\n<li>Windows 10 o posterior (solo versiones de 64 bits).<\/li>\n<li>macOS 11 (Big Sur) o posterior.<\/li>\n<\/ul>\n<\/li>\n<\/ol>\n<p><strong>Procesador:<\/strong><\/p>\n<ol>\n<li style=\"list-style-type: none;\">\n<ul>\n<li>M\u00ednimo: Procesador Intel o AMD con soporte para 64 bits.<\/li>\n<li>Recomendado: Procesador de 4 n\u00facleos o superior para un rendimiento fluido.<\/li>\n<\/ul>\n<\/li>\n<\/ol>\n<p><strong>Memoria RAM:<\/strong><\/p>\n<ol>\n<li style=\"list-style-type: none;\">\n<ul>\n<li>M\u00ednimo: 4 GB.<\/li>\n<li>Recomendado: 8 GB o m\u00e1s para manejar proyectos m\u00e1s grandes y complejos<\/li>\n<\/ul>\n<\/li>\n<\/ol>\n<p><strong>Espacio en disco:<\/strong><\/p>\n<ol>\n<li style=\"list-style-type: none;\">\n<ul>\n<li>Al menos 3 GB de espacio disponible en el disco duro para la instalaci\u00f3n. Se recomienda SSD para un mejor rendimiento.<\/li>\n<\/ul>\n<\/li>\n<\/ol>\n<p><strong>Resoluci\u00f3n de pantalla:<\/strong><\/p>\n<ol>\n<li style=\"list-style-type: none;\">\n<ul>\n<li>M\u00ednimo: 1280 x 800.<\/li>\n<li>Recomendado: Pantalla de 1920 x 1080 (Full HD) o superior para visualizar con precisi\u00f3n los dise\u00f1os y prototipos.<\/li>\n<\/ul>\n<\/li>\n<\/ol>\n<p><strong>GPU:<\/strong><\/p>\n<ol>\n<li style=\"list-style-type: none;\">\n<ul>\n<li>No requiere una GPU avanzada, pero una tarjeta gr\u00e1fica dedicada puede mejorar el rendimiento en proyectos m\u00e1s complejos.<\/li>\n<\/ul>\n<\/li>\n<\/ol>\n<p><strong>Env\u00edo:<\/strong><\/p>\n<p>Tras su compra, enviaremos un enlace para que vincule su cuenta a la suscripci\u00f3n de Adobe XD<\/p>\n<p><strong>Empresa<\/strong><\/p>\n<p>Compratucodigo es una marca de 3Clics Colombia SAS, somos una empresa formal registrada en Colombia con m\u00e1s de tres a\u00f1os de experiencia en la venta de c\u00f3digos de licencia digitales. Entregamos factura y todos nuestros productos est\u00e1n garantizados por nuestra empresa.<\/p>\n<div id=\"divtags\">\n<h1>licencia Adobe XD 3 meses<\/h1>\n<h1>comprar licencia Adobe XD<\/h1>\n<h1>activar Adobe XD licencia<\/h1>\n<h1>licencia anual Adobe XD<\/h1>\n<h1>precio licencia Adobe XD<\/h1>\n<h1>descuento licencia Adobe XD<\/h1>\n<h1>licencia Adobe XD online<\/h1>\n<h1>mejor oferta licencia Adobe XD<\/h1>\n<h1>licencia Adobe XD para estudiantes<\/h1>\n<h1>licencia Adobe XD promociones<\/h1>\n<h1>adquirir licencia Adobe XD<\/h1>\n<h1>renovar licencia Adobe XD<\/h1>\n<h1>licencia Adobe XD gratuita<\/h1>\n<h1>condiciones licencia Adobe XD<\/h1>\n<h1>licencia Adobe XD sin suscripci\u00f3n<\/h1>\n<h1>opciones licencia Adobe XD<\/h1>\n<h1>licencia Adobe XD para empresas<\/h1>\n<\/div>\n","protected":false},"excerpt":{"rendered":"<p>-Licencia 3 meses para Adobe XD<br \/>\n-Activaci\u00f3n con su propia cuenta de usuario<br \/>\n-Licencia \u201cBusiness\u201d apta para empresas<br \/>\n-Incluye acceso a todos los programas incluidos por el paquete.<br \/>\n-Para un dispositivo por licencia.<br \/>\n<span style=\"color: #ff0000;\"><b>Todos nuestros productos son originales y cuentan con garant\u00eda y soporte t\u00e9cnico.<\/b><\/span><br \/>\n<span style=\"color: #ff0000;\"><b>Entrega inmediata directo a tu correo electr\u00f3nico junto con manual de instalaci\u00f3n.<\/b><\/span><\/p>\n","protected":false},"featured_media":19878,"template":"","meta":{"_acf_changed":false},"product_brand":[],"product_cat":[1641],"product_tag":[],"class_list":{"0":"post-19898","1":"product","2":"type-product","3":"status-publish","4":"has-post-thumbnail","6":"product_cat-adobe","8":"first","9":"outofstock","10":"shipping-taxable","11":"product-type-simple"},"acf":[],"_links":{"self":[{"href":"https:\/\/compratucodigo.co\/index.php\/wp-json\/wp\/v2\/product\/19898","targetHints":{"allow":["GET"]}}],"collection":[{"href":"https:\/\/compratucodigo.co\/index.php\/wp-json\/wp\/v2\/product"}],"about":[{"href":"https:\/\/compratucodigo.co\/index.php\/wp-json\/wp\/v2\/types\/product"}],"wp:featuredmedia":[{"embeddable":true,"href":"https:\/\/compratucodigo.co\/index.php\/wp-json\/wp\/v2\/media\/19878"}],"wp:attachment":[{"href":"https:\/\/compratucodigo.co\/index.php\/wp-json\/wp\/v2\/media?parent=19898"}],"wp:term":[{"taxonomy":"product_brand","embeddable":true,"href":"https:\/\/compratucodigo.co\/index.php\/wp-json\/wp\/v2\/product_brand?post=19898"},{"taxonomy":"product_cat","embeddable":true,"href":"https:\/\/compratucodigo.co\/index.php\/wp-json\/wp\/v2\/product_cat?post=19898"},{"taxonomy":"product_tag","embeddable":true,"href":"https:\/\/compratucodigo.co\/index.php\/wp-json\/wp\/v2\/product_tag?post=19898"}],"curies":[{"name":"wp","href":"https:\/\/api.w.org\/{rel}","templated":true}]}}