{"id":19896,"date":"2024-10-21T09:44:35","date_gmt":"2024-10-21T14:44:35","guid":{"rendered":"https:\/\/compratucodigo.co\/?post_type=product&#038;p=19896"},"modified":"2025-12-04T15:41:31","modified_gmt":"2025-12-04T20:41:31","slug":"licencia-adobe-indesign-por-1-ano","status":"publish","type":"product","link":"https:\/\/compratucodigo.co\/index.php\/producto\/licencia-adobe-indesign-por-1-ano\/","title":{"rendered":"Licencia Adobe InDesign por 3 meses"},"content":{"rendered":"<p><a href=\"https:\/\/compratucodigo.co\/index.php\/producto\/licencia-adobe-creative-cloud-por-1-ano\/\">Este producto ya no se vende por separado. Si desea adquirirlo, est\u00e1 inclu\u00eddo en Adobe Creative Cloud All Apps, haga clic aqu\u00ed para comprarlo<\/a><\/p>\n<p>Adobe InDesign es una herramienta profesional para la creaci\u00f3n de publicaciones, dise\u00f1o editorial y documentos interactivos. Utilizado por dise\u00f1adores gr\u00e1ficos, editores y profesionales del marketing, InDesign es ideal para la creaci\u00f3n de libros, revistas, peri\u00f3dicos, folletos, carteles y contenido digital interactivo como PDFs con enlaces y formularios. InDesign permite trabajar con texto y gr\u00e1ficos de manera avanzada, ofreciendo precisi\u00f3n tipogr\u00e1fica, alineaci\u00f3n de im\u00e1genes y herramientas para trabajar con m\u00faltiples p\u00e1ginas y estilos. Adem\u00e1s, se integra con otras aplicaciones de Adobe como Photoshop e Illustrator, facilitando el uso de gr\u00e1ficos e im\u00e1genes dentro de dise\u00f1os complejos. Es una herramienta clave para aquellos que necesitan producir documentos impresos o digitales de calidad profesional con dise\u00f1os consistentes y precisos.<\/p>\n<p>Este producto consta de una licencia que se vincula con su propia cuenta de usuario. Duraci\u00f3n de tres meses, para un PC por licencia.<\/p>\n<p><strong>Compatibilidad:<\/strong><\/p>\n<p><strong>Requisitos de Adobe InDesign:<\/strong><\/p>\n<p><strong>Sistema operativo:<\/strong><\/p>\n<ol>\n<li style=\"list-style-type: none;\">\n<ul>\n<li>Windows 10 o posterior (solo versiones de 64 bits).<\/li>\n<li>macOS 11 (Big Sur) o posterior.<\/li>\n<\/ul>\n<\/li>\n<\/ol>\n<p><strong>Procesador:<\/strong><\/p>\n<ol>\n<li style=\"list-style-type: none;\">\n<ul>\n<li>M\u00ednimo: Procesador Intel o AMD compatible con 64 bits.<\/li>\n<li>Recomendado: Procesador de 4 n\u00facleos o superior.<\/li>\n<\/ul>\n<\/li>\n<\/ol>\n<p><strong>Memoria RAM:<\/strong><\/p>\n<ol>\n<li style=\"list-style-type: none;\">\n<ul>\n<li>M\u00ednimo: 8 GB.<\/li>\n<li>Recomendado: 16 GB o m\u00e1s para un rendimiento fluido en proyectos grandes.<\/li>\n<\/ul>\n<\/li>\n<\/ol>\n<p><strong>Espacio en disco:<\/strong><\/p>\n<ol>\n<li style=\"list-style-type: none;\">\n<ul>\n<li>Al menos 3.6 GB de espacio disponible en el disco duro para la instalaci\u00f3n. Se recomienda SSD para un rendimiento \u00f3ptimo.<\/li>\n<\/ul>\n<\/li>\n<\/ol>\n<p><strong>Resoluci\u00f3n de pantalla:<\/strong><\/p>\n<ol>\n<li style=\"list-style-type: none;\">\n<ul>\n<li>M\u00ednimo: Pantalla de 1024 x 768.<\/li>\n<li>Recomendado: Pantalla de 1920 x 1080 (Full HD) o superior.<\/li>\n<\/ul>\n<\/li>\n<\/ol>\n<p><strong>GPU:<\/strong><\/p>\n<ol>\n<li style=\"list-style-type: none;\">\n<ul>\n<li>M\u00ednimo: Compatible con DirectX 12 (Windows) o Metal (macOS).<\/li>\n<li>Recomendado: GPU con 1 GB de VRAM o superior para un mejor rendimiento de gr\u00e1ficos.<\/li>\n<\/ul>\n<\/li>\n<\/ol>\n<p><strong>Env\u00edo:<\/strong><\/p>\n<p>Tras su compra, enviaremos un enlace para que vincule su cuenta a la suscripci\u00f3n de Adobe InDesign<\/p>\n<p><strong>Empresa<\/strong><\/p>\n<p>Compratucodigo es una marca de 3Clics Colombia SAS, somos una empresa formal registrada en Colombia con m\u00e1s de tres a\u00f1os de experiencia en la venta de c\u00f3digos de licencia digitales. Entregamos factura y todos nuestros productos est\u00e1n garantizados por nuestra empresa.<\/p>\n<div id=\"divtags\">\n<h1>Licencia Adobe InDesign<\/h1>\n<h1>Comprar licencia Adobe InDesign<\/h1>\n<h1>Activar Adobe InDesign<\/h1>\n<h1>Licencia anual Adobe InDesign<\/h1>\n<h1>Precio licencia Adobe InDesign<\/h1>\n<h1>Descuento licencia Adobe InDesign<\/h1>\n<h1>Obtener Adobe InDesign<\/h1>\n<h1>Licencia de software Adobe<\/h1>\n<h1>Adobe InDesign 2024<\/h1>\n<h1>Licencia Adobe InDesign por un a\u00f1o<\/h1>\n<h1>Activaci\u00f3n Adobe InDesign<\/h1>\n<h1>Comprar Adobe InDesign online<\/h1>\n<h1>Renovar licencia Adobe InDesign<\/h1>\n<h1>Licencia de Adobe InDesign en oferta<\/h1>\n<h1>Ventajas de Adobe InDesign<\/h1>\n<h1>Licencia de Adobe InDesign para estudiantes<\/h1>\n<h1>Adobe InDesign para dise\u00f1o gr\u00e1fico<\/h1>\n<\/div>\n","protected":false},"excerpt":{"rendered":"<p>-Licencia por 3 meses para Adobe InDesign<br \/>\n-Activaci\u00f3n con su propia cuenta de usuario<br \/>\n-Licencia \u201cBusiness\u201d apta para empresas<br \/>\n-Incluye acceso a todos los programas incluidos por el paquete.<br \/>\n-Para un dispositivo por licencia.<br \/>\n<span style=\"color: #ff0000;\"><b>Todos nuestros productos son originales y cuentan con garant\u00eda y soporte t\u00e9cnico.<\/b><\/span><br \/>\n<span style=\"color: #ff0000;\"><b>Entrega inmediata directo a tu correo electr\u00f3nico junto con manual de instalaci\u00f3n.<\/b><\/span><\/p>\n","protected":false},"featured_media":19874,"template":"","meta":{"_acf_changed":false},"product_brand":[],"product_cat":[1641],"product_tag":[],"class_list":{"0":"post-19896","1":"product","2":"type-product","3":"status-publish","4":"has-post-thumbnail","6":"product_cat-adobe","8":"first","9":"outofstock","10":"shipping-taxable","11":"product-type-simple"},"acf":[],"_links":{"self":[{"href":"https:\/\/compratucodigo.co\/index.php\/wp-json\/wp\/v2\/product\/19896","targetHints":{"allow":["GET"]}}],"collection":[{"href":"https:\/\/compratucodigo.co\/index.php\/wp-json\/wp\/v2\/product"}],"about":[{"href":"https:\/\/compratucodigo.co\/index.php\/wp-json\/wp\/v2\/types\/product"}],"wp:featuredmedia":[{"embeddable":true,"href":"https:\/\/compratucodigo.co\/index.php\/wp-json\/wp\/v2\/media\/19874"}],"wp:attachment":[{"href":"https:\/\/compratucodigo.co\/index.php\/wp-json\/wp\/v2\/media?parent=19896"}],"wp:term":[{"taxonomy":"product_brand","embeddable":true,"href":"https:\/\/compratucodigo.co\/index.php\/wp-json\/wp\/v2\/product_brand?post=19896"},{"taxonomy":"product_cat","embeddable":true,"href":"https:\/\/compratucodigo.co\/index.php\/wp-json\/wp\/v2\/product_cat?post=19896"},{"taxonomy":"product_tag","embeddable":true,"href":"https:\/\/compratucodigo.co\/index.php\/wp-json\/wp\/v2\/product_tag?post=19896"}],"curies":[{"name":"wp","href":"https:\/\/api.w.org\/{rel}","templated":true}]}}