{"id":19895,"date":"2024-10-21T09:42:15","date_gmt":"2024-10-21T14:42:15","guid":{"rendered":"https:\/\/compratucodigo.co\/?post_type=product&#038;p=19895"},"modified":"2025-12-04T15:39:34","modified_gmt":"2025-12-04T20:39:34","slug":"licencia-adobe-after-effects-por-1-ano","status":"publish","type":"product","link":"https:\/\/compratucodigo.co\/index.php\/producto\/licencia-adobe-after-effects-por-1-ano\/","title":{"rendered":"Licencia Adobe After Effects por 3 meses"},"content":{"rendered":"<p><a href=\"https:\/\/compratucodigo.co\/index.php\/producto\/licencia-adobe-creative-cloud-por-1-ano\/\">Este producto ya no se vende por separado. Si desea adquirirlo, est\u00e1 inclu\u00eddo en Adobe Creative Cloud All Apps, haga clic aqu\u00ed para comprarlo<\/a><\/p>\n<p>Adobe After Effects es el software est\u00e1ndar de la industria para crear gr\u00e1ficos en movimiento y efectos visuales. Utilizado en cine, televisi\u00f3n, videojuegos y publicidad, es esencial para animaciones, composiciones avanzadas, efectos visuales y trabajos de postproducci\u00f3n. After Effects permite a los usuarios crear y manipular im\u00e1genes en movimiento, integrando gr\u00e1ficos 2D y 3D en sus proyectos. Es especialmente poderoso para crear animaciones de texto, efectos visuales complejos, y composiciones multicapa. Tambi\u00e9n se integra perfectamente con otros programas de Adobe como Premiere Pro, Illustrator y Photoshop, mejorando los flujos de trabajo creativos. Su motor de renderizado acelerado por GPU y la posibilidad de usar scripts y expresiones lo convierten en una herramienta vers\u00e1til para proyectos audiovisuales de alta calidad.<\/p>\n<p>Este producto consta de una licencia que se vincula con su propia cuenta de usuario. Duraci\u00f3n de tres meses, para un PC por licencia.<\/p>\n<p><strong>Compatibilidad:<\/strong><\/p>\n<p><strong>Requisitos de Adobe After Effects:<\/strong><\/p>\n<p><strong>Sistema operativo:<\/strong><\/p>\n<ol>\n<li style=\"list-style-type: none;\">\n<ul>\n<li>Windows 10 o posterior (solo versiones de 64 bits).<\/li>\n<li>macOS 11 (Big Sur) o posterior.<\/li>\n<\/ul>\n<\/li>\n<\/ol>\n<p><strong>Procesador:<\/strong><\/p>\n<ol>\n<li style=\"list-style-type: none;\">\n<ul>\n<li>M\u00ednimo: Procesador Intel de 4 n\u00facleos o AMD equivalente.<\/li>\n<li>Recomendado: Procesador de 8 n\u00facleos o superior para proyectos complejos y en 4K.<\/li>\n<\/ul>\n<\/li>\n<\/ol>\n<p><strong>Memoria RAM:<\/strong><\/p>\n<ol>\n<li style=\"list-style-type: none;\">\n<ul>\n<li>M\u00ednimo: 16 GB.<\/li>\n<li>Recomendado: 32 GB o m\u00e1s para un rendimiento \u00f3ptimo, especialmente para composiciones 4K o mayores.<\/li>\n<\/ul>\n<\/li>\n<\/ol>\n<p><strong>Espacio en disco:<\/strong><\/p>\n<ol>\n<li style=\"list-style-type: none;\">\n<ul>\n<li>M\u00ednimo: 15 GB de espacio disponible en el disco duro para la instalaci\u00f3n. Se recomienda SSD para almacenamiento de proyectos y cach\u00e9.<\/li>\n<li>Recomendado: Espacio adicional para archivos de medios y otros proyectos.<\/li>\n<\/ul>\n<\/li>\n<\/ol>\n<p><strong>Resoluci\u00f3n de pantalla:<\/strong><\/p>\n<ol>\n<li style=\"list-style-type: none;\">\n<ul>\n<li>M\u00ednimo: Pantalla de 1280 x 800.<\/li>\n<li>Recomendado: Pantalla de 1920 x 1080 o superior.<\/li>\n<\/ul>\n<\/li>\n<\/ol>\n<p><strong>GPU:<\/strong><\/p>\n<ol>\n<li style=\"list-style-type: none;\">\n<ul>\n<li>M\u00ednimo: Compatible con DirectX 12 (Windows) o Metal (macOS) con 2 GB de VRAM.<\/li>\n<li>Recomendado: Tarjeta gr\u00e1fica con 4 GB de VRAM o superior para usar el motor de renderizado 3D acelerado por GPU.<\/li>\n<\/ul>\n<\/li>\n<\/ol>\n<p><strong>Env\u00edo:<\/strong><\/p>\n<p>Tras su compra, enviaremos un enlace para que vincule su cuenta a la suscripci\u00f3n de Adobe After Effects<\/p>\n<p><strong>Empresa<\/strong><\/p>\n<p>Compratucodigo es una marca de 3Clics Colombia SAS, somos una empresa formal registrada en Colombia con m\u00e1s de tres a\u00f1os de experiencia en la venta de c\u00f3digos de licencia digitales. Entregamos factura y todos nuestros productos est\u00e1n garantizados por nuestra empresa.<\/p>\n<div id=\"divtags\">\n<h1>Licencia Adobe After Effects<\/h1>\n<h1>Comprar licencia After Effects<\/h1>\n<h1>Activar Adobe After Effects<\/h1>\n<h1>Licencia de un a\u00f1o After Effects<\/h1>\n<h1>Adobe After Effects 3 meses<\/h1>\n<h1>Licencia After Effects precio<\/h1>\n<h1>Comprar After Effects online<\/h1>\n<h1>Activar licencia After Effects<\/h1>\n<h1>Descuento licencia After Effects<\/h1>\n<h1>Licencia anual Adobe After Effects<\/h1>\n<h1>Adobe After Effects para principiantes<\/h1>\n<h1>Ofertas licencia After Effects<\/h1>\n<h1>Licencia After Effects sin suscripci\u00f3n<\/h1>\n<h1>Obtener After Effects 3 meses<\/h1>\n<h1>Licencia de software After Effects<\/h1>\n<h1>Ventajas de licencia After Effects<\/h1>\n<\/div>\n","protected":false},"excerpt":{"rendered":"<p>-Licencia por 3 meses para Adobe After Effects<br \/>\n-Activaci\u00f3n con su propia cuenta de usuario<br \/>\n-Licencia \u201cBusiness\u201d apta para empresas<br \/>\n-Incluye acceso a todos los programas incluidos por el paquete.<br \/>\n-Para un dispositivo por licencia.<br \/>\n<span style=\"color: #ff0000;\"><b>Todos nuestros productos son originales y cuentan con garant\u00eda y soporte t\u00e9cnico.<\/b><\/span><br \/>\n<span style=\"color: #ff0000;\"><b>Entrega inmediata directo a tu correo electr\u00f3nico junto con manual de instalaci\u00f3n.<\/b><\/span><\/p>\n","protected":false},"featured_media":19881,"template":"","meta":{"_acf_changed":false},"product_brand":[],"product_cat":[1641],"product_tag":[],"class_list":{"0":"post-19895","1":"product","2":"type-product","3":"status-publish","4":"has-post-thumbnail","6":"product_cat-adobe","8":"first","9":"outofstock","10":"shipping-taxable","11":"product-type-simple"},"acf":[],"_links":{"self":[{"href":"https:\/\/compratucodigo.co\/index.php\/wp-json\/wp\/v2\/product\/19895","targetHints":{"allow":["GET"]}}],"collection":[{"href":"https:\/\/compratucodigo.co\/index.php\/wp-json\/wp\/v2\/product"}],"about":[{"href":"https:\/\/compratucodigo.co\/index.php\/wp-json\/wp\/v2\/types\/product"}],"wp:featuredmedia":[{"embeddable":true,"href":"https:\/\/compratucodigo.co\/index.php\/wp-json\/wp\/v2\/media\/19881"}],"wp:attachment":[{"href":"https:\/\/compratucodigo.co\/index.php\/wp-json\/wp\/v2\/media?parent=19895"}],"wp:term":[{"taxonomy":"product_brand","embeddable":true,"href":"https:\/\/compratucodigo.co\/index.php\/wp-json\/wp\/v2\/product_brand?post=19895"},{"taxonomy":"product_cat","embeddable":true,"href":"https:\/\/compratucodigo.co\/index.php\/wp-json\/wp\/v2\/product_cat?post=19895"},{"taxonomy":"product_tag","embeddable":true,"href":"https:\/\/compratucodigo.co\/index.php\/wp-json\/wp\/v2\/product_tag?post=19895"}],"curies":[{"name":"wp","href":"https:\/\/api.w.org\/{rel}","templated":true}]}}