{"id":19892,"date":"2024-10-21T09:33:07","date_gmt":"2024-10-21T14:33:07","guid":{"rendered":"https:\/\/compratucodigo.co\/?post_type=product&#038;p=19892"},"modified":"2026-03-23T16:16:56","modified_gmt":"2026-03-23T21:16:56","slug":"licencia-adobe-acrobat-pro-por-1-ano","status":"publish","type":"product","link":"https:\/\/compratucodigo.co\/index.php\/producto\/licencia-adobe-acrobat-pro-por-1-ano\/","title":{"rendered":"Licencia por 3 meses Para Adobe Acrobat Pro"},"content":{"rendered":"<p>Adobe Acrobat Pro es una aplicaci\u00f3n profesional dise\u00f1ada para la creaci\u00f3n, edici\u00f3n y gesti\u00f3n avanzada de archivos PDF. Es una herramienta esencial para usuarios que necesitan convertir documentos en papel a formato digital, as\u00ed como para quienes trabajan con archivos PDF interactivos, formularios y documentos de uso compartido. Acrobat Pro permite realizar ediciones en PDF, agregar firmas digitales, proteger documentos con contrase\u00f1as, comparar versiones y convertir archivos de otros formatos a PDF y viceversa. Adem\u00e1s, es compatible con la integraci\u00f3n de servicios en la nube y facilita la colaboraci\u00f3n en l\u00ednea al permitir que los usuarios revisen, comenten y firmen documentos de manera remota.<\/p>\n<p>Este producto consta de una licencia que se vincula con su propia cuenta de usuario. Duraci\u00f3n de tres meses, para un PC por licencia.<\/p>\n<p><strong>Compatibilidad:<\/strong><\/p>\n<p><strong>Requisitos de Adobe Acrobat<\/strong><\/p>\n<p><strong>Sistema operativo:<\/strong><\/p>\n<ul>\n<li>Windows 10 o posterior (solo versiones de 64 bits).<\/li>\n<li>macOS 11 (Big Sur) o posterior.<\/li>\n<\/ul>\n<p><strong>Procesador:<\/strong><\/p>\n<ul>\n<li>M\u00ednimo: Procesador Intel o AMD con soporte para 64 bits.<\/li>\n<li>Recomendado: Procesador de 2.5 GHz o superior.<\/li>\n<\/ul>\n<p><strong>Memoria RAM:<\/strong><\/p>\n<ul>\n<li>M\u00ednimo: 4 GB.<\/li>\n<li>Recomendado: 8 GB o m\u00e1s para un mejor rendimiento.<\/li>\n<\/ul>\n<p><strong>Espacio en disco:<\/strong><\/p>\n<ul>\n<li>Al menos 4.5 GB de espacio disponible en el disco duro para la instalaci\u00f3n. Se recomienda SSD para un rendimiento \u00f3ptimo.<\/li>\n<\/ul>\n<p><strong>Resoluci\u00f3n de pantalla:<\/strong><\/p>\n<ul>\n<li>M\u00ednimo: Pantalla de 1024 x 768.<\/li>\n<li>Recomendado: Pantalla de 1920 x 1080 (Full HD) o superior.<\/li>\n<\/ul>\n<p><strong>Env\u00edo:<\/strong><\/p>\n<p>Tras su compra, enviaremos un enlace para que vincule su cuenta a la suscripci\u00f3n de Adobe Acrobat<\/p>\n<p><strong>Empresa<\/strong><\/p>\n<p>Compratucodigo es una marca de 3Clics Colombia SAS, somos una empresa formal registrada en Colombia con m\u00e1s de tres a\u00f1os de experiencia en la venta de c\u00f3digos de licencia digitales. Entregamos factura y todos nuestros productos est\u00e1n garantizados por nuestra empresa.<\/p>\n<div id=\"divtags\">\n<h1>Licencia Adobe Acrobat Pro<\/h1>\n<h1>Comprar licencia Adobe Acrobat Pro<\/h1>\n<h1>Activar licencia Adobe Acrobat Pro<\/h1>\n<h1>Licencia anual Adobe Acrobat Pro<\/h1>\n<h1>Descargar Adobe Acrobat Pro<\/h1>\n<h1>Precios licencia Adobe Acrobat Pro<\/h1>\n<h1>Beneficios de Adobe Acrobat Pro<\/h1>\n<h1>C\u00f3mo activar Adobe Acrobat Pro<\/h1>\n<h1>Licencia Adobe Acrobat Pro por 3 meses<\/h1>\n<h1>Comprar Adobe Acrobat Pro online<\/h1>\n<h1>Activaci\u00f3n f\u00e1cil Adobe Acrobat Pro<\/h1>\n<h1>Ofertas licencia Adobe Acrobat Pro<\/h1>\n<h1>Licencia de software Adobe Acrobat Pro<\/h1>\n<h1>Mejor precio Adobe Acrobat Pro<\/h1>\n<h1>Licencia para empresas Adobe Acrobat Pro<\/h1>\n<h1>Caracter\u00edsticas Adobe Acrobat Pro<\/h1>\n<\/div>\n","protected":false},"excerpt":{"rendered":"<p>-Licencia por 3 meses para Adobe Acrobat Pro<br \/>\n-Activaci\u00f3n con su propia cuenta de usuario<br \/>\n-Licencia \u201cBusiness\u201d apta para empresas<br \/>\n-Incluye acceso a todos los programas incluidos por el paquete.<br \/>\n-Para un dispositivo por licencia.<br \/>\n<span style=\"color: #ff0000;\"><b>Todos nuestros productos son originales y cuentan con garant\u00eda y soporte t\u00e9cnico.<\/b><\/span><br \/>\n<span style=\"color: #ff0000;\"><b>Entrega inmediata directo a tu correo electr\u00f3nico junto con manual de instalaci\u00f3n.<\/b><\/span><\/p>\n","protected":false},"featured_media":19884,"template":"","meta":{"_acf_changed":false},"product_brand":[],"product_cat":[1641],"product_tag":[],"class_list":{"0":"post-19892","1":"product","2":"type-product","3":"status-publish","4":"has-post-thumbnail","6":"product_cat-adobe","8":"first","9":"outofstock","10":"shipping-taxable","11":"product-type-simple"},"acf":[],"_links":{"self":[{"href":"https:\/\/compratucodigo.co\/index.php\/wp-json\/wp\/v2\/product\/19892","targetHints":{"allow":["GET"]}}],"collection":[{"href":"https:\/\/compratucodigo.co\/index.php\/wp-json\/wp\/v2\/product"}],"about":[{"href":"https:\/\/compratucodigo.co\/index.php\/wp-json\/wp\/v2\/types\/product"}],"wp:featuredmedia":[{"embeddable":true,"href":"https:\/\/compratucodigo.co\/index.php\/wp-json\/wp\/v2\/media\/19884"}],"wp:attachment":[{"href":"https:\/\/compratucodigo.co\/index.php\/wp-json\/wp\/v2\/media?parent=19892"}],"wp:term":[{"taxonomy":"product_brand","embeddable":true,"href":"https:\/\/compratucodigo.co\/index.php\/wp-json\/wp\/v2\/product_brand?post=19892"},{"taxonomy":"product_cat","embeddable":true,"href":"https:\/\/compratucodigo.co\/index.php\/wp-json\/wp\/v2\/product_cat?post=19892"},{"taxonomy":"product_tag","embeddable":true,"href":"https:\/\/compratucodigo.co\/index.php\/wp-json\/wp\/v2\/product_tag?post=19892"}],"curies":[{"name":"wp","href":"https:\/\/api.w.org\/{rel}","templated":true}]}}