{"id":19891,"date":"2024-10-21T09:25:23","date_gmt":"2024-10-21T14:25:23","guid":{"rendered":"https:\/\/compratucodigo.co\/?post_type=product&#038;p=19891"},"modified":"2025-12-04T15:38:10","modified_gmt":"2025-12-04T20:38:10","slug":"licencia-adobe-premiere-pro-por-1-ano","status":"publish","type":"product","link":"https:\/\/compratucodigo.co\/index.php\/producto\/licencia-adobe-premiere-pro-por-1-ano\/","title":{"rendered":"Licencia Adobe Premiere Pro por 3 meses"},"content":{"rendered":"<p><a href=\"https:\/\/compratucodigo.co\/index.php\/producto\/licencia-adobe-creative-cloud-por-1-ano\/\">Este producto ya no se vende por separado. Si desea adquirirlo, est\u00e1 inclu\u00eddo en Adobe Creative Cloud All Apps, haga clic aqu\u00ed para comprarlo<\/a><\/p>\n<p>Adobe Premiere Pro es un software de edici\u00f3n de video no lineal ampliamente utilizado en la industria del cine, la televisi\u00f3n y la producci\u00f3n de contenido digital. Permite editar videos en m\u00faltiples formatos, desde HD hasta 8K, ofreciendo una amplia gama de herramientas profesionales para cortar, ensamblar, ajustar color, agregar efectos especiales y exportar en diferentes formatos de medios. Premiere Pro se integra a la perfecci\u00f3n con otros programas de Adobe, como After Effects y Audition, para flujos de trabajo avanzados de edici\u00f3n, efectos visuales y audio. Con soporte para proyectos multic\u00e1mara y funciones avanzadas como la correcci\u00f3n de color Lumetri y edici\u00f3n VR, es una herramienta esencial para editores y creadores de contenido profesional.<\/p>\n<p>Este producto consta de una licencia que se vincula con su propia cuenta de usuario. Duraci\u00f3n de tres meses, para un PC por licencia.<\/p>\n<p><strong>Compatibilidad:<\/strong><\/p>\n<p><strong>Requisitos de Adobe Premiere<\/strong><\/p>\n<p><strong>Sistema operativo:<\/strong><\/p>\n<ul>\n<li>Windows 10 o posterior (solo versiones de 64 bits).<\/li>\n<li>macOS 11 (Big Sur) o posterior.<\/li>\n<\/ul>\n<p><strong>Procesador:<\/strong><\/p>\n<ul>\n<li>M\u00ednimo: Procesador Intel de sexta generaci\u00f3n o AMD Ryzen 1000 o superior.<\/li>\n<li>Recomendado: Procesador de 8 n\u00facleos o superior para edici\u00f3n 4K.<\/li>\n<\/ul>\n<p><strong>Memoria RAM:<\/strong><\/p>\n<ul>\n<li>M\u00ednimo: 8 GB.<\/li>\n<li>Recomendado: 16 GB o m\u00e1s (32 GB para 4K o superior).<\/li>\n<\/ul>\n<p><strong>Espacio en disco:<\/strong><\/p>\n<ul>\n<li>Al menos 8 GB de espacio disponible en el disco duro para la instalaci\u00f3n. Se recomienda SSD para los archivos de medios y cach\u00e9.<\/li>\n<\/ul>\n<p><strong>Resoluci\u00f3n de pantalla:<\/strong><\/p>\n<ul>\n<li>M\u00ednimo: 1280 x 800.<\/li>\n<li>Recomendado: Pantalla 1920 x 1080 o superior.<\/li>\n<\/ul>\n<p><strong>GPU:<\/strong><\/p>\n<ul>\n<li>M\u00ednimo: Compatible con DirectX 12 (Windows) o Metal (macOS) con 2 GB de VRAM.<\/li>\n<li>Recomendado: Tarjeta gr\u00e1fica con 4 GB de VRAM o superior para un rendimiento \u00f3ptimo en la edici\u00f3n de video 4K.<\/li>\n<\/ul>\n<p><strong>Env\u00edo:<\/strong><\/p>\n<p>Tras su compra, enviaremos un enlace para que vincule su cuenta a la suscripci\u00f3n de Adobe Premiere<\/p>\n<p><strong>Empresa<\/strong><\/p>\n<p>Compratucodigo es una marca de 3Clics Colombia SAS, somos una empresa formal registrada en Colombia con m\u00e1s de tres a\u00f1os de experiencia en la venta de c\u00f3digos de licencia digitales. Entregamos factura y todos nuestros productos est\u00e1n garantizados por nuestra empresa.<\/p>\n<div id=\"divtags\">\n<h1>Licencia Adobe Premiere Pro<\/h1>\n<h1>Comprar licencia Adobe Premiere Pro 3 meses<\/h1>\n<h1>Activar licencia Adobe Premiere Pro<\/h1>\n<h1>Adobe Premiere Pro licencia anual<\/h1>\n<h1>Licencia 1 a\u00f1o Adobe Premiere Pro<\/h1>\n<h1>Precios licencia Adobe Premiere Pro<\/h1>\n<h1>Licencia de Adobe Premiere Pro online<\/h1>\n<h1>C\u00f3mo comprar Adobe Premiere Pro<\/h1>\n<h1>Obtener licencia Adobe Premiere Pro<\/h1>\n<h1>Licencia Adobe Premiere Pro en oferta<\/h1>\n<h1>Descuentos licencia Adobe Premiere Pro<\/h1>\n<h1>Activaci\u00f3n r\u00e1pida Adobe Premiere Pro<\/h1>\n<h1>Gu\u00eda para licencia Adobe Premiere Pro<\/h1>\n<h1>Licencia Adobe Premiere Pro para estudiantes<\/h1>\n<h1>Licencia Adobe Premiere Pro sin costo adicional<\/h1>\n<h1>Beneficios de la licencia Adobe Premiere Pro<\/h1>\n<\/div>\n","protected":false},"excerpt":{"rendered":"<p>-Licencia por 3 meses para Adobe Premiere<br \/>\n-Activaci\u00f3n con su propia cuenta de usuario<br \/>\n-Licencia \u201cBusiness\u201d apta para empresas<br \/>\n-Incluye acceso a todos los programas incluidos por el paquete.<br \/>\n-Para un dispositivo por licencia.<br \/>\n<span style=\"color: #ff0000;\"><b>Todos nuestros productos son originales y cuentan con garant\u00eda y soporte t\u00e9cnico.<\/b><\/span><br \/>\n<span style=\"color: #ff0000;\"><b>Entrega inmediata directo a tu correo electr\u00f3nico junto con manual de instalaci\u00f3n.<\/b><\/span><\/p>\n","protected":false},"featured_media":19885,"template":"","meta":{"_acf_changed":false},"product_brand":[],"product_cat":[1641],"product_tag":[],"class_list":{"0":"post-19891","1":"product","2":"type-product","3":"status-publish","4":"has-post-thumbnail","6":"product_cat-adobe","8":"first","9":"outofstock","10":"shipping-taxable","11":"product-type-simple"},"acf":[],"_links":{"self":[{"href":"https:\/\/compratucodigo.co\/index.php\/wp-json\/wp\/v2\/product\/19891","targetHints":{"allow":["GET"]}}],"collection":[{"href":"https:\/\/compratucodigo.co\/index.php\/wp-json\/wp\/v2\/product"}],"about":[{"href":"https:\/\/compratucodigo.co\/index.php\/wp-json\/wp\/v2\/types\/product"}],"wp:featuredmedia":[{"embeddable":true,"href":"https:\/\/compratucodigo.co\/index.php\/wp-json\/wp\/v2\/media\/19885"}],"wp:attachment":[{"href":"https:\/\/compratucodigo.co\/index.php\/wp-json\/wp\/v2\/media?parent=19891"}],"wp:term":[{"taxonomy":"product_brand","embeddable":true,"href":"https:\/\/compratucodigo.co\/index.php\/wp-json\/wp\/v2\/product_brand?post=19891"},{"taxonomy":"product_cat","embeddable":true,"href":"https:\/\/compratucodigo.co\/index.php\/wp-json\/wp\/v2\/product_cat?post=19891"},{"taxonomy":"product_tag","embeddable":true,"href":"https:\/\/compratucodigo.co\/index.php\/wp-json\/wp\/v2\/product_tag?post=19891"}],"curies":[{"name":"wp","href":"https:\/\/api.w.org\/{rel}","templated":true}]}}