{"id":19889,"date":"2024-10-21T09:19:45","date_gmt":"2024-10-21T14:19:45","guid":{"rendered":"https:\/\/compratucodigo.co\/?post_type=product&#038;p=19889"},"modified":"2025-12-04T11:51:51","modified_gmt":"2025-12-04T16:51:51","slug":"licencia-adobe-photoshop-por-1-ano","status":"publish","type":"product","link":"https:\/\/compratucodigo.co\/index.php\/producto\/licencia-adobe-photoshop-por-1-ano\/","title":{"rendered":"Licencia Adobe Photoshop por 3 meses"},"content":{"rendered":"<p><a href=\"https:\/\/compratucodigo.co\/index.php\/producto\/licencia-adobe-creative-cloud-por-1-ano\/\">Este producto ya no se vende por separado. Si desea adquirirlo, est\u00e1 inclu\u00eddo en Adobe Creative Cloud All Apps, haga clic aqu\u00ed para comprarlo<\/a><\/p>\n<p>Adobe Photoshop es el software de edici\u00f3n y manipulaci\u00f3n de im\u00e1genes m\u00e1s utilizado a nivel mundial. Su versatilidad lo hace adecuado para una amplia gama de tareas, desde retoque fotogr\u00e1fico y restauraci\u00f3n de im\u00e1genes hasta creaci\u00f3n de composiciones complejas, arte digital, dise\u00f1o gr\u00e1fico y m\u00e1s. Photoshop trabaja principalmente con gr\u00e1ficos rasterizados (pixelados), pero tambi\u00e9n admite algunos elementos vectoriales. Es una herramienta esencial para fot\u00f3grafos, dise\u00f1adores, artistas digitales y profesionales del marketing, gracias a sus potentes capacidades para crear, mejorar y transformar im\u00e1genes. Adem\u00e1s, su integraci\u00f3n con otros programas de Adobe, como Lightroom o Illustrator, potencia el flujo de trabajo en proyectos creativos.<\/p>\n<p>Este producto consta de una licencia que se vincula con su propia cuenta de usuario. Duraci\u00f3n de tres meses, para un PC por licencia.<\/p>\n<p><strong>Compatibilidad:<\/strong><\/p>\n<p><strong>Requisitos de Adobe Photoshop<\/strong><\/p>\n<p><strong>Sistema operativo:<\/strong><\/p>\n<ul>\n<li>Windows 10 o posterior (solo versiones de 64 bits).<\/li>\n<li>macOS 11 (Big Sur) o posterior.<\/li>\n<\/ul>\n<p><strong>Procesador:<\/strong><\/p>\n<ul>\n<li>M\u00ednimo: Procesador multin\u00facleo Intel o AMD compatible con 64 bits.<\/li>\n<li>Recomendado: Procesador de 4 n\u00facleos o superior.<\/li>\n<\/ul>\n<p><strong>Memoria RAM:<\/strong><\/p>\n<ul>\n<li>M\u00ednimo: 8 GB.<\/li>\n<li>Recomendado: 16 GB o m\u00e1s.<\/li>\n<\/ul>\n<p><strong>Espacio en disco:<\/strong><\/p>\n<ul>\n<li>Al menos 4 GB de espacio disponible en el disco duro para la instalaci\u00f3n. Se recomienda SSD para un rendimiento \u00f3ptimo.<\/li>\n<\/ul>\n<p><strong>Resoluci\u00f3n de pantalla:<\/strong><\/p>\n<ul>\n<li>M\u00ednimo: Pantalla de 1280 x 800.<\/li>\n<li>Recomendado: Pantalla de 1920 x 1080 (Full HD) o superior.<\/li>\n<\/ul>\n<p><strong>GPU:<\/strong><\/p>\n<ul>\n<li>M\u00ednimo: Tarjeta gr\u00e1fica compatible con DirectX 12 (Windows) o Metal (macOS).<\/li>\n<li>Recomendado: 4 GB de VRAM (tarjeta gr\u00e1fica dedicada).<\/li>\n<\/ul>\n<p><strong>Env\u00edo:<\/strong><\/p>\n<p>Tras su compra, enviaremos un enlace para que vincule su cuenta a la suscripci\u00f3n de Adobe Photoshop<\/p>\n<p><strong>Empresa<\/strong><\/p>\n<p>Compratucodigo es una marca de 3Clics Colombia SAS, somos una empresa formal registrada en Colombia con m\u00e1s de tres a\u00f1os de experiencia en la venta de c\u00f3digos de licencia digitales. Entregamos factura y todos nuestros productos est\u00e1n garantizados por nuestra empresa.<\/p>\n<div id=\"divtags\">\n<h1>licencia Adobe Photoshop<\/h1>\n<h1>comprar licencia Adobe Photoshop<\/h1>\n<h1>activar Adobe Photoshop por 3 meses<\/h1>\n<h1>licencia anual Adobe Photoshop<\/h1>\n<h1>ofertas licencia Adobe Photoshop<\/h1>\n<h1>licencia Adobe Photoshop descuento<\/h1>\n<h1>comprar Adobe Photoshop 3 meses<\/h1>\n<h1>activaci\u00f3n licencia Adobe Photoshop<\/h1>\n<h1>licencia Photoshop para estudiantes<\/h1>\n<h1>Adobe Photoshop a\u00f1o completo<\/h1>\n<h1>licencia Photoshop online<\/h1>\n<h1>precio licencia Adobe Photoshop<\/h1>\n<h1>licencia Photoshop en promoci\u00f3n<\/h1>\n<h1>suscripci\u00f3n Adobe Photoshop<\/h1>\n<h1>licencia Photoshop f\u00e1cil y r\u00e1pida<\/h1>\n<h1>beneficios licencia Adobe Photoshop<\/h1>\n<h1>licencia Adobe Photoshop con soporte<\/h1>\n<\/div>\n","protected":false},"excerpt":{"rendered":"<p>-Licencia por 3 meses\u00a0 para Adobe Photoshop<br \/>\n-Activaci\u00f3n con su propia cuenta de usuario<br \/>\n-Licencia \u201cBusiness\u201d apta para empresas<br \/>\n-Incluye acceso a todos los programas incluidos por el paquete.<br \/>\n-Para un dispositivo por licencia.<br \/>\n<span style=\"color: #ff0000;\"><b>Todos nuestros productos son originales y cuentan con garant\u00eda y soporte t\u00e9cnico.<\/b><\/span><br \/>\n<span style=\"color: #ff0000;\"><b>Entrega inmediata directo a tu correo electr\u00f3nico junto con manual de instalaci\u00f3n.<\/b><\/span><\/p>\n","protected":false},"featured_media":19887,"template":"","meta":{"_acf_changed":false},"product_brand":[],"product_cat":[1641],"product_tag":[],"class_list":{"0":"post-19889","1":"product","2":"type-product","3":"status-publish","4":"has-post-thumbnail","6":"product_cat-adobe","8":"first","9":"outofstock","10":"shipping-taxable","11":"product-type-simple"},"acf":[],"_links":{"self":[{"href":"https:\/\/compratucodigo.co\/index.php\/wp-json\/wp\/v2\/product\/19889","targetHints":{"allow":["GET"]}}],"collection":[{"href":"https:\/\/compratucodigo.co\/index.php\/wp-json\/wp\/v2\/product"}],"about":[{"href":"https:\/\/compratucodigo.co\/index.php\/wp-json\/wp\/v2\/types\/product"}],"wp:featuredmedia":[{"embeddable":true,"href":"https:\/\/compratucodigo.co\/index.php\/wp-json\/wp\/v2\/media\/19887"}],"wp:attachment":[{"href":"https:\/\/compratucodigo.co\/index.php\/wp-json\/wp\/v2\/media?parent=19889"}],"wp:term":[{"taxonomy":"product_brand","embeddable":true,"href":"https:\/\/compratucodigo.co\/index.php\/wp-json\/wp\/v2\/product_brand?post=19889"},{"taxonomy":"product_cat","embeddable":true,"href":"https:\/\/compratucodigo.co\/index.php\/wp-json\/wp\/v2\/product_cat?post=19889"},{"taxonomy":"product_tag","embeddable":true,"href":"https:\/\/compratucodigo.co\/index.php\/wp-json\/wp\/v2\/product_tag?post=19889"}],"curies":[{"name":"wp","href":"https:\/\/api.w.org\/{rel}","templated":true}]}}