{"id":19859,"date":"2024-10-21T09:15:33","date_gmt":"2024-10-21T14:15:33","guid":{"rendered":"https:\/\/compratucodigo.co\/?post_type=product&#038;p=19859"},"modified":"2026-03-23T16:18:02","modified_gmt":"2026-03-23T21:18:02","slug":"licencia-adobe-creative-cloud-por-1-ano","status":"publish","type":"product","link":"https:\/\/compratucodigo.co\/index.php\/producto\/licencia-adobe-creative-cloud-por-1-ano\/","title":{"rendered":"Licencia Adobe Creative Cloud All Apps  ( Agotado )"},"content":{"rendered":"<p>Licencia Adobe Creative Cloud All Apps, que incluye todos los programas de Adobe.<\/p>\n<p>La activaci\u00f3n se hace en redeem.adobe.com con su propia cuenta de usuario. Tiene una duraci\u00f3n de tres meses renovables.<\/p>\n<p><strong>Compatibilidad:<\/strong><\/p>\n<p>Cada software de Adobe cuenta con sus propios requisitos. Esta suscripci\u00f3n permite instalarlos todos, en un dispositivo a la vez.<\/p>\n<p><strong>Env\u00edo y activaci\u00f3n:<\/strong><br \/>\nTras su compra, enviaremos la licencia para que vincule su cuenta de Adobe con la suscripci\u00f3n. Tambi\u00e9n permite renovar una cuenta ya existente.<\/p>\n<p>Como alternativa, si no tiene una cuenta de adobe, podemos proporcionar una cuenta pre-activada.<\/p>\n<p><strong>Compatibilidad:<\/strong><\/p>\n<p>Cada software de Adobe cuenta con sus propios requisitos. Esta suscripci\u00f3n permite instalarlos todos, en un dispositivo a la vez.<\/p>\n<p><strong>Env\u00edo:<\/strong><\/p>\n<p>Tras su compra, enviaremos un enlace para que vincule su cuenta a la suscripci\u00f3n de Adobe Creative Cloud All Apps<\/p>\n<p><strong>Empresa<\/strong><\/p>\n<p>Compratucodigo es una marca de 3Clics Colombia SAS, somos una empresa formal registrada en Colombia con m\u00e1s de tres a\u00f1os de experiencia en la venta de c\u00f3digos de licencia digitales. Entregamos factura y todos nuestros productos est\u00e1n garantizados por nuestra empresa.<\/p>\n<div id=\"divtags\">\n<h1>licencia Adobe Creative Cloud All Apps<\/h1>\n<h1>comprar Adobe Creative Cloud All Apps<\/h1>\n<h1>activar licencia Adobe<\/h1>\n<h1>licencia Creative Cloud All Apps<\/h1>\n<h1>Adobe Creative Cloud oferta<\/h1>\n<h1>suscripci\u00f3n Adobe Creative Cloud All Apps<\/h1>\n<h1>precios licencia Adobe<\/h1>\n<h1>beneficios Adobe Creative Cloud All Apps<\/h1>\n<h1>licencia anual Adobe Creative Cloud All Apps<\/h1>\n<h1>c\u00f3mo activar Adobe Creative Cloud All Apps<\/h1>\n<h1>descuentos Adobe Creative Cloud All Apps<\/h1>\n<h1>adquirir Adobe Creative Cloud All Apps<\/h1>\n<h1>licencia de software Adobe All Apps<\/h1>\n<h1>gu\u00eda para comprar Adobe Creative Cloud<\/h1>\n<h1>licencia oficial Adobe Creative Cloud All Apps<\/h1>\n<h1>activar suscripci\u00f3n Adobe<\/h1>\n<\/div>\n","protected":false},"excerpt":{"rendered":"<p><span>-Licencia de tres meses para Adobe Adobe Creative Cloud All App<\/span><br \/>\n<span>-Activaci\u00f3n con su propia cuenta de usuario<\/span><br \/>\n<span>-Suscripci\u00f3n All Apps con acceso a todos los programas.<\/span><br \/>\n<span>-Un dispositivo por licencia, por 3 meses renovables.<\/span><\/p>\n<p><span style=\"color: #ff0000;\" data-darkreader-inline-color=\"\"><b>Todos nuestros productos son originales y cuentan con garant\u00eda y soporte t\u00e9cnico.<\/b><\/span><br \/>\n<span style=\"color: #ff0000;\" data-darkreader-inline-color=\"\"><b>Entrega inmediata directo a tu correo electr\u00f3nico junto con manual de instalaci\u00f3n.<\/b><\/span><\/p>\n","protected":false},"featured_media":19888,"template":"","meta":{"_acf_changed":false},"product_brand":[],"product_cat":[1641],"product_tag":[],"class_list":{"0":"post-19859","1":"product","2":"type-product","3":"status-publish","4":"has-post-thumbnail","6":"product_cat-adobe","8":"first","9":"outofstock","10":"shipping-taxable","11":"product-type-simple"},"acf":[],"_links":{"self":[{"href":"https:\/\/compratucodigo.co\/index.php\/wp-json\/wp\/v2\/product\/19859","targetHints":{"allow":["GET"]}}],"collection":[{"href":"https:\/\/compratucodigo.co\/index.php\/wp-json\/wp\/v2\/product"}],"about":[{"href":"https:\/\/compratucodigo.co\/index.php\/wp-json\/wp\/v2\/types\/product"}],"wp:featuredmedia":[{"embeddable":true,"href":"https:\/\/compratucodigo.co\/index.php\/wp-json\/wp\/v2\/media\/19888"}],"wp:attachment":[{"href":"https:\/\/compratucodigo.co\/index.php\/wp-json\/wp\/v2\/media?parent=19859"}],"wp:term":[{"taxonomy":"product_brand","embeddable":true,"href":"https:\/\/compratucodigo.co\/index.php\/wp-json\/wp\/v2\/product_brand?post=19859"},{"taxonomy":"product_cat","embeddable":true,"href":"https:\/\/compratucodigo.co\/index.php\/wp-json\/wp\/v2\/product_cat?post=19859"},{"taxonomy":"product_tag","embeddable":true,"href":"https:\/\/compratucodigo.co\/index.php\/wp-json\/wp\/v2\/product_tag?post=19859"}],"curies":[{"name":"wp","href":"https:\/\/api.w.org\/{rel}","templated":true}]}}