{"id":19707,"date":"2024-06-13T17:22:15","date_gmt":"2024-06-13T22:22:15","guid":{"rendered":"https:\/\/compratucodigo.co\/?post_type=product&#038;p=19707"},"modified":"2024-07-31T11:38:34","modified_gmt":"2024-07-31T16:38:34","slug":"licencia-visual-studio-2019","status":"publish","type":"product","link":"https:\/\/compratucodigo.co\/index.php\/producto\/licencia-visual-studio-2019\/","title":{"rendered":"Licencia Visual Studio 2019"},"content":{"rendered":"<p>Visual Studio es uno de los editores de c\u00f3digo m\u00e1s populares en el mundo. Esta licencia activa la versi\u00f3n &#8220;Pro&#8221; que desbloquea todas las caracter\u00edsticas del Software.<\/p>\n<p><strong>Compatibilidad:<\/strong><\/p>\n<ul>\n<li>Windows 10 (versiones 1703 y superiores)<\/li>\n<li>Windows 8.1 (con Update 2919355)<\/li>\n<li>Windows 7 SP1 (con las actualizaciones m\u00e1s recientes)<\/li>\n<li>Windows Server 2016<\/li>\n<li>Windows Server 2012 R2 (con Update 2919355)<\/li>\n<li>Windows Server 2012<\/li>\n<li>Windows Server 2008 R2 SP1 (con las actualizaciones m\u00e1s recientes)<\/li>\n<\/ul>\n<p><strong>Env\u00edo del producto:<\/strong><\/p>\n<p>Una vez realizado el pago o la consignaci\u00f3n, recibir\u00e1 su c\u00f3digo de licencia digital de inmediato en su correo, junto con las instrucciones de instalaci\u00f3n y la factura en caso de ser solicitada.<\/p>\n<p><strong>Nuestra Empresa:<\/strong><\/p>\n<p>Compratucodigo es una marca de 3Clics Colombia SAS, somos una empresa formal registrada en Colombia con m\u00e1s de tres a\u00f1os de experiencia en la venta de c\u00f3digos de licencia digitales. Entregamos factura y todos nuestros productos est\u00e1n garantizados por nuestra empresa.<\/p>\n<div id=\"divtags\">\n<h1>Comprar Licencia Visual Studio 2019<\/h1>\n<h1>Precio Licencia Visual Studio 2019<\/h1>\n<h1>Obtener Licencia Visual Studio 2019<\/h1>\n<h1>Activar Licencia Visual Studio 2019<\/h1>\n<h1>Descargar Licencia Visual Studio 2019<\/h1>\n<h1>Instalar Licencia Visual Studio 2019<\/h1>\n<h1>Licencia Visual Studio 2019 Estudiantes<\/h1>\n<h1>Renovar Licencia Visual Studio 2019<\/h1>\n<h1>Licencia Visual Studio 2019 Profesional<\/h1>\n<h1>Licencia Visual Studio 2019 Enterprise<\/h1>\n<h1>Licencia Visual Studio 2019 Gratis<\/h1>\n<h1>Beneficios Licencia Visual Studio 2019<\/h1>\n<h1>Soporte Licencia Visual Studio 2019<\/h1>\n<h1>Actualizar Licencia Visual Studio 2019<\/h1>\n<h1>Ventajas Licencia Visual Studio 2019<\/h1>\n<h1>Comparar Licencias Visual Studio 2019<\/h1>\n<\/div>\n","protected":false},"excerpt":{"rendered":"<p>C\u00f3digo de activaci\u00f3n para Visual Studio 2019<\/p>\n<p>Activa el software original para 1 Usuario, por tiempo indefinido.<\/p>\n<p>Activaci\u00f3n original por internet<\/p>\n<p><span style=\"color: #ff0000;\" data-darkreader-inline-color=\"\"><b>Todos nuestros productos son originales y cuentan con garant\u00eda y soporte t\u00e9cnico.<\/b><\/span><\/p>\n<p><span style=\"color: #ff0000;\" data-darkreader-inline-color=\"\"><b>Entrega inmediata directo a tu correo electr\u00f3nico junto con manual de instalaci\u00f3n.<\/b><\/span><\/p>\n","protected":false},"featured_media":19688,"template":"","meta":{"_acf_changed":false},"product_brand":[],"product_cat":[1640],"product_tag":[],"class_list":{"0":"post-19707","1":"product","2":"type-product","3":"status-publish","4":"has-post-thumbnail","6":"product_cat-editor-de-codigo","8":"first","9":"instock","10":"shipping-taxable","11":"purchasable","12":"product-type-simple"},"acf":[],"_links":{"self":[{"href":"https:\/\/compratucodigo.co\/index.php\/wp-json\/wp\/v2\/product\/19707","targetHints":{"allow":["GET"]}}],"collection":[{"href":"https:\/\/compratucodigo.co\/index.php\/wp-json\/wp\/v2\/product"}],"about":[{"href":"https:\/\/compratucodigo.co\/index.php\/wp-json\/wp\/v2\/types\/product"}],"wp:featuredmedia":[{"embeddable":true,"href":"https:\/\/compratucodigo.co\/index.php\/wp-json\/wp\/v2\/media\/19688"}],"wp:attachment":[{"href":"https:\/\/compratucodigo.co\/index.php\/wp-json\/wp\/v2\/media?parent=19707"}],"wp:term":[{"taxonomy":"product_brand","embeddable":true,"href":"https:\/\/compratucodigo.co\/index.php\/wp-json\/wp\/v2\/product_brand?post=19707"},{"taxonomy":"product_cat","embeddable":true,"href":"https:\/\/compratucodigo.co\/index.php\/wp-json\/wp\/v2\/product_cat?post=19707"},{"taxonomy":"product_tag","embeddable":true,"href":"https:\/\/compratucodigo.co\/index.php\/wp-json\/wp\/v2\/product_tag?post=19707"}],"curies":[{"name":"wp","href":"https:\/\/api.w.org\/{rel}","templated":true}]}}