{"id":19686,"date":"2024-06-13T16:25:33","date_gmt":"2024-06-13T21:25:33","guid":{"rendered":"https:\/\/compratucodigo.co\/?post_type=product&#038;p=19686"},"modified":"2024-07-31T11:15:03","modified_gmt":"2024-07-31T16:15:03","slug":"licencia-microsoft-project-pro-2019-reinstalable","status":"publish","type":"product","link":"https:\/\/compratucodigo.co\/index.php\/producto\/licencia-microsoft-project-pro-2019-reinstalable\/","title":{"rendered":"Licencia Microsoft Project Pro 2019 (Reinstalable)"},"content":{"rendered":"<p>Project 2019 es un programa extra de Office que se vende por separado. Es un programa utilizado en el rubro de administraci\u00f3n, para crear diagramas de proyectos de toda clase.<\/p>\n<p>Esta versi\u00f3n de Project difiere de la licencia m\u00e1s econ\u00f3mica (Project 2019 Pro), en que puede trasladarse a un nuevo dispositivo, a trav\u00e9s del panel de administraci\u00f3n de su cuenta Microsoft.<\/p>\n<p><strong>Recomendado para:<\/strong><\/p>\n<ul>\n<li>Cualquier persona que requiera comprar Project<\/li>\n<li>Personas que necesiten utilizar Project como programa independiente y no como suscripci\u00f3n.<\/li>\n<\/ul>\n<p><strong>Compatibilidad:<\/strong><\/p>\n<ul>\n<li>Project 2019 es compatible exclusivamente con Windows 10 y Windows 11.<\/li>\n<li>Si tiene un Windows anterior, prefiera Visio 2016, que es compatible en todos los Windows a partir de Windows 7.<\/li>\n<li>Si tiene Mac, debe instalar una m\u00e1quina virtual de Windows 10, ya que no es compatible con Mac.<\/li>\n<\/ul>\n<p><strong>Env\u00edo del producto:<\/strong><\/p>\n<p>Una vez realizado el pago o la consignaci\u00f3n, recibir\u00e1 su c\u00f3digo de licencia digital de inmediato en su correo, junto con las instrucciones de instalaci\u00f3n y la factura en caso de ser solicitada.<\/p>\n<p><strong>Nuestra Empresa:<\/strong><\/p>\n<p>Compratucodigo es una marca de 3Clics Colombia SAS, somos una empresa formal registrada en Colombia con m\u00e1s de tres a\u00f1os de experiencia en la venta de c\u00f3digos de licencia digitales. Entregamos factura y todos nuestros productos est\u00e1n garantizados por nuestra empresa.<\/p>\n<div id=\"divtags\">\n<h1>Compra Licencia Microsoft Project Pro 2019<\/h1>\n<h1>Descarga Microsoft Project Pro 2019 reinstalable<\/h1>\n<h1>Licencia original Microsoft Project Pro 2019<\/h1>\n<h1>Reinstalaci\u00f3n Microsoft Project Pro 2019<\/h1>\n<h1>Gu\u00eda instalaci\u00f3n Microsoft Project Pro 2019<\/h1>\n<h1>Clave producto Microsoft Project Pro 2019<\/h1>\n<h1>Adquirir Microsoft Project Pro 2019<\/h1>\n<h1>Caracter\u00edsticas Microsoft Project Pro 2019<\/h1>\n<h1>Beneficios Microsoft Project Pro 2019<\/h1>\n<h1>Compatibilidad Microsoft Project Pro 2019<\/h1>\n<h1>Actualizar Microsoft Project Pro 2019<\/h1>\n<h1>Licencia digital Microsoft Project Pro 2019<\/h1>\n<h1>Soporte t\u00e9cnico Microsoft Project Pro 2019<\/h1>\n<h1>Ofertas Microsoft Project Pro 2019<\/h1>\n<h1>C\u00f3mo reinstalar Microsoft Project Pro 2019<\/h1>\n<h1>Opiniones Microsoft Project Pro 2019<\/h1>\n<\/div>\n","protected":false},"excerpt":{"rendered":"<p>Licencia para activar Project Pro 2019 (Versi\u00f3n Reinstalable)<\/p>\n<p>Apta para 64 bits y 32 bits<\/p>\n<p>Activaci\u00f3n por internet a trav\u00e9s del portal office.com\/setup<\/p>\n<p>Se vincula a su cuenta Microsoft y permite trasladar a un nuevo equipo.<\/p>\n<p>Versi\u00f3n &#8220;Pro&#8221; apta para personas, empresas e instituciones<\/p>\n<p><span style=\"color: #ff0000;\" data-darkreader-inline-color=\"\"><b>Todos nuestros productos son originales y cuentan con garant\u00eda y soporte t\u00e9cnico.<\/b><\/span><\/p>\n<p><span style=\"color: #ff0000;\" data-darkreader-inline-color=\"\"><b>Entrega inmediata directo a tu correo electr\u00f3nico junto con manual de instalaci\u00f3n.<\/b><\/span><\/p>\n","protected":false},"featured_media":19696,"template":"","meta":{"_acf_changed":false},"product_brand":[],"product_cat":[1614],"product_tag":[],"class_list":{"0":"post-19686","1":"product","2":"type-product","3":"status-publish","4":"has-post-thumbnail","6":"product_cat-licencias-office","8":"first","9":"instock","10":"shipping-taxable","11":"purchasable","12":"product-type-simple"},"acf":[],"_links":{"self":[{"href":"https:\/\/compratucodigo.co\/index.php\/wp-json\/wp\/v2\/product\/19686","targetHints":{"allow":["GET"]}}],"collection":[{"href":"https:\/\/compratucodigo.co\/index.php\/wp-json\/wp\/v2\/product"}],"about":[{"href":"https:\/\/compratucodigo.co\/index.php\/wp-json\/wp\/v2\/types\/product"}],"wp:featuredmedia":[{"embeddable":true,"href":"https:\/\/compratucodigo.co\/index.php\/wp-json\/wp\/v2\/media\/19696"}],"wp:attachment":[{"href":"https:\/\/compratucodigo.co\/index.php\/wp-json\/wp\/v2\/media?parent=19686"}],"wp:term":[{"taxonomy":"product_brand","embeddable":true,"href":"https:\/\/compratucodigo.co\/index.php\/wp-json\/wp\/v2\/product_brand?post=19686"},{"taxonomy":"product_cat","embeddable":true,"href":"https:\/\/compratucodigo.co\/index.php\/wp-json\/wp\/v2\/product_cat?post=19686"},{"taxonomy":"product_tag","embeddable":true,"href":"https:\/\/compratucodigo.co\/index.php\/wp-json\/wp\/v2\/product_tag?post=19686"}],"curies":[{"name":"wp","href":"https:\/\/api.w.org\/{rel}","templated":true}]}}