{"id":19491,"date":"2024-02-12T10:18:29","date_gmt":"2024-02-12T15:18:29","guid":{"rendered":"https:\/\/compratucodigo.co\/?post_type=product&#038;p=19491"},"modified":"2024-05-31T12:02:56","modified_gmt":"2024-05-31T17:02:56","slug":"office-2021-pro-plus-1-dispositivo","status":"publish","type":"product","link":"https:\/\/compratucodigo.co\/index.php\/producto\/office-2021-pro-plus-1-dispositivo\/","title":{"rendered":"Office 2021 Pro Plus 1 dispositivo"},"content":{"rendered":"<p>Office 2021 es la \u00faltima versi\u00f3n de Office, lanzada en octubre de 2021. Office 2021 trae varias mejoras con respecto a <span style=\"color: #ff0000;\" data-darkreader-inline-color=\"\">Office 2019<\/span>, incluyendo varias funciones que anteriormente solo estaban disponibles con Office 365.<br \/>\nOffice 2021 Professional Plus incluye todos los programas de Office: Word, Excel, Powerpoint, Outlook, Access, Publisher y OneNote<br \/>\nEste producto tiene la importante ventaja de que no tiene que pagarse todos los a\u00f1os.<br \/>\n<b>Recomendado para:<\/b><br \/>\n&#8211; Empresas que busquen la \u00faltima versi\u00f3n de Office 2021 sin limitaciones de uso y sin pagar anualmente.<br \/>\n&#8211; Personas que solo tengan un dispositivo y quieran pagar una sola vez el Office.<br \/>\n&#8211; Cualquiera que quiera ahorrar a largo plazo al evitar el pago de una mantenci\u00f3n anual por el programa.<br \/>\n<b>Compatibilidad<\/b><br \/>\nOffice 2021 funciona \u00fanicamente en Windows 11 y Windows 10.<br \/>\nPara usuarios Mac o m\u00f3viles, prefiera Office 365<br \/>\nPara Windows 7, Windows 8 o Windows 8.1, Prefiera Office 2013 u Office 2016<br \/>\nPara Windows XP o Windows Vista, prefiera Office 2010<br \/>\nSi requiere mover el software a otro equipo, o formatea frecuentemente el disco duro, prefiera Office 2021 Reinstalable.<br \/>\n<b>Env\u00edo del producto<\/b><br \/>\nTras realizar su pago o consignaci\u00f3n, recibir\u00e1 su c\u00f3digo de licencia digital al instante en su correo, junto con instrucciones de instalaci\u00f3n y la factura en caso de solicitarla.<br \/>\n<b>Empresa<\/b><br \/>\nCompratucodigo es una marca de 3Clics Colombia SAS, somos una empresa formal registrada en Colombia con m\u00e1s de tres a\u00f1os de experiencia en la venta de c\u00f3digos de licencia digitales. Entregamos factura y todos nuestros productos est\u00e1n garantizados por nuestra empresa.<\/p>\n<div id=\"divtags\">\n<h1>Licencia Office 2021 Professional Plus Colombia<\/h1>\n<h1>Servicio Office 2021 Professional Plus comprar<\/h1>\n<h1>Activar Office 2021 Professional Plus<\/h1>\n<h1>Clave activaci\u00f3n Office 2021 Professional Plus<\/h1>\n<h1>Comprar clave Office 2021 Professional Plus<\/h1>\n<h1>Venta clave 2021 Professional Plus Colombia<\/h1>\n<h1>Subscripci\u00f3n Office 2021 Professional Plus<\/h1>\n<h1>Key Office 2021 Professional Plus<\/h1>\n<h1>Clave de producto Office 2021 Professional Plus<\/h1>\n<h1>Serial Office 2021 Professional Plus Colombia<\/h1>\n<h1>C\u00f3digo Office 2021 Professional Plus<\/h1>\n<\/div>\n","protected":false},"excerpt":{"rendered":"<p>Licencia para activar Office 2021<br \/>\nActivaci\u00f3n original 100% por internet<br \/>\nDuraci\u00f3n indefinida en el PC donde se instale<br \/>\nLicencia \u201cPro\u201d apta para personas y empresas<br \/>\nIncluye: Word, Excel, Powerpoint, Outlook, Access, Publisher y OneNote<br \/>\n<b>Todos nuestros productos son originales y cuentan con garant\u00eda y soporte t\u00e9cnico.<\/b><br \/>\nEntrega inmediata directo a su correo electr\u00f3nico junto con manual de instalaci\u00f3n<\/p>\n","protected":false},"featured_media":19492,"template":"","meta":{"_acf_changed":false},"product_brand":[],"product_cat":[1614],"product_tag":[],"class_list":{"0":"post-19491","1":"product","2":"type-product","3":"status-publish","4":"has-post-thumbnail","6":"product_cat-licencias-office","8":"first","9":"instock","10":"shipping-taxable","11":"purchasable","12":"product-type-simple"},"acf":[],"_links":{"self":[{"href":"https:\/\/compratucodigo.co\/index.php\/wp-json\/wp\/v2\/product\/19491","targetHints":{"allow":["GET"]}}],"collection":[{"href":"https:\/\/compratucodigo.co\/index.php\/wp-json\/wp\/v2\/product"}],"about":[{"href":"https:\/\/compratucodigo.co\/index.php\/wp-json\/wp\/v2\/types\/product"}],"wp:featuredmedia":[{"embeddable":true,"href":"https:\/\/compratucodigo.co\/index.php\/wp-json\/wp\/v2\/media\/19492"}],"wp:attachment":[{"href":"https:\/\/compratucodigo.co\/index.php\/wp-json\/wp\/v2\/media?parent=19491"}],"wp:term":[{"taxonomy":"product_brand","embeddable":true,"href":"https:\/\/compratucodigo.co\/index.php\/wp-json\/wp\/v2\/product_brand?post=19491"},{"taxonomy":"product_cat","embeddable":true,"href":"https:\/\/compratucodigo.co\/index.php\/wp-json\/wp\/v2\/product_cat?post=19491"},{"taxonomy":"product_tag","embeddable":true,"href":"https:\/\/compratucodigo.co\/index.php\/wp-json\/wp\/v2\/product_tag?post=19491"}],"curies":[{"name":"wp","href":"https:\/\/api.w.org\/{rel}","templated":true}]}}