{"id":19018,"date":"2023-10-02T15:10:39","date_gmt":"2023-10-02T20:10:39","guid":{"rendered":"https:\/\/compratucodigo.co\/?post_type=product&#038;p=19018"},"modified":"2024-05-31T13:01:01","modified_gmt":"2024-05-31T18:01:01","slug":"licencia-radiant-dicom-viewer-por-2-anos","status":"publish","type":"product","link":"https:\/\/compratucodigo.co\/index.php\/producto\/licencia-radiant-dicom-viewer-por-2-anos\/","title":{"rendered":"Licencia RadiANT Dicom Viewer por 2 A\u00f1os"},"content":{"rendered":"<p>RadiANT Dicom Viewer es un software utilizado por profesionales de la salud alrededor del mundo para visualizar, guardar y trabajar con imagenolog\u00eda m\u00e9dica.<\/p>\n<p>Entre otras cosas, RadiANT Dicom Viewer es capaz de abrir estudios de:<\/p>\n<p>Radiograf\u00edas digitales (CR, DX)<\/p>\n<p>Mamograf\u00edas (MG)<\/p>\n<p>Tomograf\u00edas (CT)<\/p>\n<p>Resonancias magn\u00e9ticas (MR)<\/p>\n<p>Tomograf\u00eda por emisi\u00f3n de positrones PET-CT (PT)<\/p>\n<p>Ultrasonido (US)<\/p>\n<p>Angiograf\u00eda digital (XA)<\/p>\n<p>C\u00e1mara gama, medicina nuclear (NM)<\/p>\n<p>Im\u00e1genes secundarias y escaneadas (SC)<\/p>\n<p>Structured Reports (SR)<\/p>\n<p><strong>Compatibilidad<\/strong><\/p>\n<p>Funciona en Windows 7, Windows 8, Windows 8.1, Windows 10 y Windows 11. No funciona en Mac. No posee versi\u00f3n para m\u00f3viles.<\/p>\n<p><strong>Env\u00edo<\/strong><\/p>\n<p>Tras realizar su compra, la licencia se solicita directamente a la empresa desarrolladora del software y se entrega en su correo electr\u00f3nico.<\/p>\n<p><strong>Nuestra Empresa:<\/strong><\/p>\n<p>Compratucodigo es una marca de 3Clics Colombia SAS, somos una empresa formal registrada en Colombia con m\u00e1s de tres a\u00f1os de experiencia en la venta de c\u00f3digos de licencia digitales. Entregamos factura y todos nuestros productos est\u00e1n garantizados por nuestra empresa.<\/p>\n<div id=\"divtags\">\n<h1>Licencia RadiANT Dicom Viewer<\/h1>\n<h1>Licencia Dicom Viewer Colombia<\/h1>\n<h1>Licencia RadiANT por 2 A\u00f1os<\/h1>\n<h1>Viewer Dicom Colombia<\/h1>\n<h1>Software RadiANT Dicom<\/h1>\n<h1>Adquirir Licencia Dicom Viewer<\/h1>\n<h1>Licencia RadiANT para PACS<\/h1>\n<h1>Soluciones Dicom Colombia<\/h1>\n<h1>Precio Licencia RadiANT Dicom Viewer<\/h1>\n<h1>Descargar Dicom Viewer Colombia<\/h1>\n<h1>Mejor Software Dicom 2023<\/h1>\n<h1>RadiANT &#8211; Licencia para Visualizaci\u00f3n Dicom<\/h1>\n<h1>Compatibilidad Dicom Viewer Colombia<\/h1>\n<h1>Oferta Especial Licencia RadiANT Dicom<\/h1>\n<h1>Beneficios Licencia Dicom Viewer 2 A\u00f1os<\/h1>\n<h1>Opiniones Usuarios RadiANT Dicom Viewer<\/h1>\n<\/div>\n","protected":false},"excerpt":{"rendered":"<p>V\u00e1lida por 2 A\u00f1os para un dispositivo<br \/>\nEntregamos factura y garant\u00eda<br \/>\nSomos distribuidores oficiales de RadiANT<br \/>\nEntrega inmediata<\/p>\n","protected":false},"featured_media":19015,"template":"","meta":{"_acf_changed":false},"product_brand":[],"product_cat":[1630,1629],"product_tag":[],"class_list":{"0":"post-19018","1":"product","2":"type-product","3":"status-publish","4":"has-post-thumbnail","6":"product_cat-radiant","7":"product_cat-software-medico","9":"first","10":"instock","11":"shipping-taxable","12":"purchasable","13":"product-type-variable","14":"has-default-attributes"},"acf":[],"_links":{"self":[{"href":"https:\/\/compratucodigo.co\/index.php\/wp-json\/wp\/v2\/product\/19018","targetHints":{"allow":["GET"]}}],"collection":[{"href":"https:\/\/compratucodigo.co\/index.php\/wp-json\/wp\/v2\/product"}],"about":[{"href":"https:\/\/compratucodigo.co\/index.php\/wp-json\/wp\/v2\/types\/product"}],"wp:featuredmedia":[{"embeddable":true,"href":"https:\/\/compratucodigo.co\/index.php\/wp-json\/wp\/v2\/media\/19015"}],"wp:attachment":[{"href":"https:\/\/compratucodigo.co\/index.php\/wp-json\/wp\/v2\/media?parent=19018"}],"wp:term":[{"taxonomy":"product_brand","embeddable":true,"href":"https:\/\/compratucodigo.co\/index.php\/wp-json\/wp\/v2\/product_brand?post=19018"},{"taxonomy":"product_cat","embeddable":true,"href":"https:\/\/compratucodigo.co\/index.php\/wp-json\/wp\/v2\/product_cat?post=19018"},{"taxonomy":"product_tag","embeddable":true,"href":"https:\/\/compratucodigo.co\/index.php\/wp-json\/wp\/v2\/product_tag?post=19018"}],"curies":[{"name":"wp","href":"https:\/\/api.w.org\/{rel}","templated":true}]}}