{"id":18998,"date":"2022-04-13T16:34:07","date_gmt":"2022-04-13T21:34:07","guid":{"rendered":"https:\/\/compratucodigo.co\/?post_type=product&#038;p=18998"},"modified":"2024-05-31T12:08:47","modified_gmt":"2024-05-31T17:08:47","slug":"office-2016-professional-plus-reinstalable","status":"publish","type":"product","link":"https:\/\/compratucodigo.co\/index.php\/producto\/office-2016-professional-plus-reinstalable\/","title":{"rendered":"Office 2016 Professional Plus (Reinstalable)"},"content":{"rendered":"<p>Office 2016, al igual que Office 2019, es una versi\u00f3n de Office que se activa para siempre sin necesidad de pagar cada cierto tiempo.<\/p>\n<p>Incluye todo el paquete de Office: Word, Excel, PowerPoint, Outlook, Access, Publisher y OneNote, que son los programas principales de Office.<\/p>\n<p>Office 2016 es perfecto para quienes no tienen Windows 10 y quieren instalar Office sin pagar cada a\u00f1o, ya que funciona en todos los Windows a partir de Windows 7.<\/p>\n<p>Esta versi\u00f3n \u201cReinstalable\u201d se diferencia en que permite mover f\u00e1cilmente su licencia a un nuevo equipo.<\/p>\n<p><strong>Recomendado para:<\/strong><\/p>\n<p>-Personas que quieran activar Office 2016 original<\/p>\n<p>-Empresas o individuos que necesiten instalar un software que no sea compatible con Office 2019.<\/p>\n<p>-Empresas que deseen instalar la misma versi\u00f3n de Office en todos sus sistemas, independientemente de su versi\u00f3n de Windows.<\/p>\n<p>-Personas que prefieran esta versi\u00f3n de Office sobre las otras.<\/p>\n<p><strong>Compatibilidad y sistemas operativos:<\/strong><\/p>\n<p>Office 2016 funciona en todos los Windows desde Windows 7 en adelante.<\/p>\n<p>Si usa Mac o dispositivos m\u00f3viles, le recomendamos Office 365.<\/p>\n<p>Si tiene Windows XP o Windows Vista, es mejor optar por Office 2010.<\/p>\n<p>Requiere la misma cantidad de recursos del sistema que Office 2019.<\/p>\n<p><strong>Env\u00edo del producto:<\/strong><\/p>\n<p>Una vez realizado el pago o la consignaci\u00f3n, recibir\u00e1 al instante en su correo electr\u00f3nico el c\u00f3digo de licencia digital junto con las instrucciones de instalaci\u00f3n. Tambi\u00e9n se le enviar\u00e1 la factura si as\u00ed lo solicita.<\/p>\n<p><strong>Nuestra Empresa:<\/strong><\/p>\n<p>Compratucodigo es una marca de 3Clics Colombia SAS, somos una empresa formal registrada en Colombia con m\u00e1s de tres a\u00f1os de experiencia en la venta de c\u00f3digos de licencia digitales. Entregamos factura y todos nuestros productos est\u00e1n garantizados por nuestra empresa.<\/p>\n<div id=\"divtags\">\n<h1>Office 2016 Professional Plus<\/h1>\n<h1>Reinstalable<\/h1>\n<h1>Descarga de Office 2016<\/h1>\n<h1>Software de oficina 2016<\/h1>\n<h1>Instalaci\u00f3n de Office 2016<\/h1>\n<h1>Actualizaci\u00f3n de Office 2016<\/h1>\n<h1>Requisitos de Office 2016<\/h1>\n<h1>Compatibilidad con Windows<\/h1>\n<h1>Oferta de Office 2016<\/h1>\n<h1>Activaci\u00f3n de Office 2016<\/h1>\n<h1>Funciones de Office 2016<\/h1>\n<h1>Office 2016 en espa\u00f1ol<\/h1>\n<h1>Gu\u00eda de Office 2016<\/h1>\n<h1>Precios de Office 2016<\/h1>\n<h1>Oficina en casa con Office 2016<\/h1>\n<h1>Descargar versi\u00f3n reinstalable de Office 2016<\/h1>\n<\/div>\n","protected":false},"excerpt":{"rendered":"<p>Licencia para activar Office 2016 Professional Plus<br \/>\nActivaci\u00f3n a trav\u00e9s de Office.com\/setup<br \/>\nPermite trasladar su licencia de un equipo a otro<br \/>\nLicencia &#8220;Pro&#8221; apta para personas y empresas.<br \/>\nEs v\u00e1lida de por vida, no tiene fecha de vencimiento.<br \/>\nIncluye: Word, Excel, Powerpoint, Outlook, Access, Publisher, OneNote<br \/>\n<span style=\"color: #ff0000;\" data-darkreader-inline-color=\"\"><b>Todos nuestros productos son originales y cuentan con garant\u00eda y soporte t\u00e9cnico.<\/b><\/span><br \/>\n<span style=\"color: #ff0000;\" data-darkreader-inline-color=\"\"><b>Entrega inmediata directo a tu correo electr\u00f3nico junto con manual de instalaci\u00f3n.<\/b><\/span><\/p>\n","protected":false},"featured_media":18999,"template":"","meta":{"_acf_changed":false},"product_brand":[],"product_cat":[1614],"product_tag":[],"class_list":{"0":"post-18998","1":"product","2":"type-product","3":"status-publish","4":"has-post-thumbnail","6":"product_cat-licencias-office","8":"first","9":"instock","10":"shipping-taxable","11":"purchasable","12":"product-type-variable","13":"has-default-attributes"},"acf":[],"_links":{"self":[{"href":"https:\/\/compratucodigo.co\/index.php\/wp-json\/wp\/v2\/product\/18998","targetHints":{"allow":["GET"]}}],"collection":[{"href":"https:\/\/compratucodigo.co\/index.php\/wp-json\/wp\/v2\/product"}],"about":[{"href":"https:\/\/compratucodigo.co\/index.php\/wp-json\/wp\/v2\/types\/product"}],"wp:featuredmedia":[{"embeddable":true,"href":"https:\/\/compratucodigo.co\/index.php\/wp-json\/wp\/v2\/media\/18999"}],"wp:attachment":[{"href":"https:\/\/compratucodigo.co\/index.php\/wp-json\/wp\/v2\/media?parent=18998"}],"wp:term":[{"taxonomy":"product_brand","embeddable":true,"href":"https:\/\/compratucodigo.co\/index.php\/wp-json\/wp\/v2\/product_brand?post=18998"},{"taxonomy":"product_cat","embeddable":true,"href":"https:\/\/compratucodigo.co\/index.php\/wp-json\/wp\/v2\/product_cat?post=18998"},{"taxonomy":"product_tag","embeddable":true,"href":"https:\/\/compratucodigo.co\/index.php\/wp-json\/wp\/v2\/product_tag?post=18998"}],"curies":[{"name":"wp","href":"https:\/\/api.w.org\/{rel}","templated":true}]}}