{"id":18996,"date":"2022-04-13T16:41:20","date_gmt":"2022-04-13T21:41:20","guid":{"rendered":"https:\/\/compratucodigo.co\/?post_type=product&#038;p=18996"},"modified":"2024-05-31T12:06:52","modified_gmt":"2024-05-31T17:06:52","slug":"microsoft-365-personal-5-dispositivos-por-1-ano","status":"publish","type":"product","link":"https:\/\/compratucodigo.co\/index.php\/producto\/microsoft-365-personal-5-dispositivos-por-1-ano\/","title":{"rendered":"Microsoft 365 Personal 5 Dispositivos por 1 A\u00f1o"},"content":{"rendered":"<p>Este producto consta de una subscripci\u00f3n de un a\u00f1o para utilizar Microsoft 365 con su propia cuenta de usuario. A diferencia de la versi\u00f3n m\u00e1s econ\u00f3mica, incluye 1 TB de OneDrive y se puede vincular su cuenta sin problemas, as\u00ed como reinstalar entre distintos dispositivos.<\/p>\n<p>Producto para uso personal, no se recomienda su instalaci\u00f3n en empresas.<\/p>\n<p><strong>Recomendado para:<\/strong><\/p>\n<p>-Usuarios que busquen activar Office y que requieran utilizar OneDrive<\/p>\n<p>-Personas que necesiten utilizar las aplicaciones de Office con su propia cuenta de usuario<\/p>\n<p>-Usuarios que hagan uso constante de sistemas en la nube<\/p>\n<p><strong>Compatibilidad:<\/strong><\/p>\n<p>Funciona en todos los sistemas Windows a partir de Windows 8.1 y Mac a partir de High Sierra. No compatible con Linux o Chromebook.<\/p>\n<p><strong>Env\u00edo del producto:<\/strong><\/p>\n<p>Este producto es una suscripci\u00f3n que se asocia a su correo electr\u00f3nico personal. Tras realizar el pago, se enviar\u00e1 un correo con las instrucciones para activar su suscripci\u00f3n de un a\u00f1o.<\/p>\n<p><strong>Nuestra Empresa:<\/strong><\/p>\n<p>Compratucodigo es una marca de 3Clics Colombia SAS, somos una empresa formal registrada en Colombia con m\u00e1s de tres a\u00f1os de experiencia en la venta de c\u00f3digos de licencia digitales. Entregamos factura y todos nuestros productos est\u00e1n garantizados por nuestra empresa.<\/p>\n<div id=\"divtags\">\n<h1>Microsoft 365 Personal Colombia<\/h1>\n<h1>5 Dispositivos por 1 A\u00f1o<\/h1>\n<h1>Oferta Microsoft 365 Personal<\/h1>\n<h1>Suscripci\u00f3n Microsoft 365<\/h1>\n<h1>Beneficios de Microsoft 365<\/h1>\n<h1>Herramientas de Microsoft 365<\/h1>\n<h1>Office 365 Personal<\/h1>\n<h1>Aplicaciones de Microsoft 365<\/h1>\n<h1>Comprar Microsoft 365 en Colombia<\/h1>\n<h1>Instalaci\u00f3n de Microsoft 365<\/h1>\n<h1>Sincronizaci\u00f3n de dispositivos en Microsoft 365<\/h1>\n<h1>Acceso a Microsoft 365 en m\u00faltiples dispositivos<\/h1>\n<h1>Renovar Microsoft 365 Personal<\/h1>\n<h1>Seguridad en Microsoft 365<\/h1>\n<h1>Soporte t\u00e9cnico para Microsoft 365<\/h1>\n<h1>Actualizar Microsoft 365 Personal<\/h1>\n<\/div>\n","protected":false},"excerpt":{"rendered":"<p>Subscripci\u00f3n Microsoft 365 Personal por un a\u00f1o<br \/>\nActivaci\u00f3n con su propia cuenta de Microsoft<br \/>\nIncluye todos los programas de Office: Word, Excel, PowerPoint, Access, Outlook y OneNote<br \/>\nPara 32 y 64 Bits<br \/>\nFunciona en Windows, Mac, iOS y Android<br \/>\nPara cinco computadoras, m\u00e1s cinco celulares, m\u00e1s cinco tablets.<br \/>\nSirve para activar el Office preinstalado en su computador<br \/>\nIncluye 1 TB de OneDrive<br \/>\n<span style=\"color: #ff0000;\" data-darkreader-inline-color=\"\"><b>Todos nuestros productos son originales y cuentan con garant\u00eda y soporte t\u00e9cnico.<\/b><\/span><br \/>\n<span style=\"color: #ff0000;\" data-darkreader-inline-color=\"\"><b>Entrega inmediata directo a tu correo electr\u00f3nico junto con manual de instalaci\u00f3n.<\/b><\/span><\/p>\n","protected":false},"featured_media":18997,"template":"","meta":{"_acf_changed":false},"product_brand":[],"product_cat":[1614],"product_tag":[],"class_list":{"0":"post-18996","1":"product","2":"type-product","3":"status-publish","4":"has-post-thumbnail","6":"product_cat-licencias-office","8":"first","9":"instock","10":"shipping-taxable","11":"purchasable","12":"product-type-simple"},"acf":[],"_links":{"self":[{"href":"https:\/\/compratucodigo.co\/index.php\/wp-json\/wp\/v2\/product\/18996","targetHints":{"allow":["GET"]}}],"collection":[{"href":"https:\/\/compratucodigo.co\/index.php\/wp-json\/wp\/v2\/product"}],"about":[{"href":"https:\/\/compratucodigo.co\/index.php\/wp-json\/wp\/v2\/types\/product"}],"wp:featuredmedia":[{"embeddable":true,"href":"https:\/\/compratucodigo.co\/index.php\/wp-json\/wp\/v2\/media\/18997"}],"wp:attachment":[{"href":"https:\/\/compratucodigo.co\/index.php\/wp-json\/wp\/v2\/media?parent=18996"}],"wp:term":[{"taxonomy":"product_brand","embeddable":true,"href":"https:\/\/compratucodigo.co\/index.php\/wp-json\/wp\/v2\/product_brand?post=18996"},{"taxonomy":"product_cat","embeddable":true,"href":"https:\/\/compratucodigo.co\/index.php\/wp-json\/wp\/v2\/product_cat?post=18996"},{"taxonomy":"product_tag","embeddable":true,"href":"https:\/\/compratucodigo.co\/index.php\/wp-json\/wp\/v2\/product_tag?post=18996"}],"curies":[{"name":"wp","href":"https:\/\/api.w.org\/{rel}","templated":true}]}}