{"id":18637,"date":"2023-07-14T09:23:57","date_gmt":"2023-07-14T14:23:57","guid":{"rendered":"https:\/\/compratucodigo.co\/?post_type=product&#038;p=18637"},"modified":"2024-05-31T12:57:38","modified_gmt":"2024-05-31T17:57:38","slug":"norton-360-standard-1-dispositivo-1-ano","status":"publish","type":"product","link":"https:\/\/compratucodigo.co\/index.php\/producto\/norton-360-standard-1-dispositivo-1-ano\/","title":{"rendered":"Norton 360 Standard 1 Dispositivo 1 A\u00f1o"},"content":{"rendered":"<p>Con Norton 360 Standard, obtendr\u00e1s varias capas de protecci\u00f3n contra virus, ransomware, hackeos y software malicioso, con una garant\u00eda de protecci\u00f3n al 100%. Adem\u00e1s, tendr\u00e1s acceso a una VPN para proteger tu privacidad en l\u00ednea y 10 GB de almacenamiento en la nube para hacer copias de seguridad. Tambi\u00e9n incluye un gestor de contrase\u00f1as y SAFECAM para PC, que te alertar\u00e1 si alguien intenta acceder a tu c\u00e1mara web y te permitir\u00e1 bloquear el acceso no autorizado.<\/p>\n<p><strong>Recomendado para:<\/strong><\/p>\n<p>Individuos que necesiten proteger sus dispositivos PC o Mac contra virus, software malicioso y hackeos, con 10 GB de almacenamiento disponible para copias de seguridad y acceso a VPN para mantener su privacidad protegida.<\/p>\n<p><strong>Env\u00edo del producto:<\/strong><\/p>\n<p>La compra y entrega se realizan de forma digital. Podr\u00e1s descargar el programa desde el sitio web oficial de Norton e ingresar el c\u00f3digo que te proporcionamos para activarlo.<\/p>\n<p><strong>Nuestra Empresa:<\/strong><\/p>\n<p>Compratucodigo es una marca de 3Clics Colombia SAS, somos una empresa formal registrada en Colombia con m\u00e1s de tres a\u00f1os de experiencia en la venta de c\u00f3digos de licencia digitales. Entregamos factura y todos nuestros productos est\u00e1n garantizados por nuestra empresa.<\/p>\n<div id=\"divtags\">\n<h1>Norton 360 Standard 1 Dispositivo 1 A\u00f1o<\/h1>\n<h1>Protecci\u00f3n en l\u00ednea<\/h1>\n<h1>Antivirus confiable<\/h1>\n<h1>Seguridad inform\u00e1tica<\/h1>\n<h1>Protecci\u00f3n de datos<\/h1>\n<h1>Firewall avanzado<\/h1>\n<h1>Escaneo de amenazas en tiempo real<\/h1>\n<h1>Bloqueo de malware<\/h1>\n<h1>Privacidad en l\u00ednea<\/h1>\n<h1>Protege tus dispositivos<\/h1>\n<h1>Actualizaciones autom\u00e1ticas<\/h1>\n<h1>Optimizaci\u00f3n del rendimiento<\/h1>\n<h1>Garant\u00eda de seguridad<\/h1>\n<h1>Compra segura<\/h1>\n<h1>Oferta especial Norton 360 Standard<\/h1>\n<h1>Ciberseguridad confiable<\/h1>\n<\/div>\n","protected":false},"excerpt":{"rendered":"<p>Licencia para Norton 360 Standard<br \/>\nPara 1 dispositivo Windows, Mac, Android o iOS<br \/>\nProtecci\u00f3n contra virus, software malicioso, ransomware y ataques de hackers<br \/>\nCopia de seguridad en la nube para PC con 10 GB disponibles.<br \/>\nIncluye servicio de conexi\u00f3n VPN a Internet<br \/>\nEntrega inmediata a su correo electr\u00f3nico<br \/>\n<b>Somos distribuidores oficiales de Norton y su compra cuenta con soporte por parte de la marca.<\/b><\/p>\n","protected":false},"featured_media":18624,"template":"","meta":{"_acf_changed":false},"product_brand":[],"product_cat":[1627,1615],"product_tag":[],"class_list":{"0":"post-18637","1":"product","2":"type-product","3":"status-publish","4":"has-post-thumbnail","6":"product_cat-antivirus-norton","7":"product_cat-licencias-antivirus","9":"first","10":"instock","11":"shipping-taxable","12":"purchasable","13":"product-type-simple"},"acf":[],"_links":{"self":[{"href":"https:\/\/compratucodigo.co\/index.php\/wp-json\/wp\/v2\/product\/18637","targetHints":{"allow":["GET"]}}],"collection":[{"href":"https:\/\/compratucodigo.co\/index.php\/wp-json\/wp\/v2\/product"}],"about":[{"href":"https:\/\/compratucodigo.co\/index.php\/wp-json\/wp\/v2\/types\/product"}],"wp:featuredmedia":[{"embeddable":true,"href":"https:\/\/compratucodigo.co\/index.php\/wp-json\/wp\/v2\/media\/18624"}],"wp:attachment":[{"href":"https:\/\/compratucodigo.co\/index.php\/wp-json\/wp\/v2\/media?parent=18637"}],"wp:term":[{"taxonomy":"product_brand","embeddable":true,"href":"https:\/\/compratucodigo.co\/index.php\/wp-json\/wp\/v2\/product_brand?post=18637"},{"taxonomy":"product_cat","embeddable":true,"href":"https:\/\/compratucodigo.co\/index.php\/wp-json\/wp\/v2\/product_cat?post=18637"},{"taxonomy":"product_tag","embeddable":true,"href":"https:\/\/compratucodigo.co\/index.php\/wp-json\/wp\/v2\/product_tag?post=18637"}],"curies":[{"name":"wp","href":"https:\/\/api.w.org\/{rel}","templated":true}]}}