{"id":18635,"date":"2023-07-14T09:20:30","date_gmt":"2023-07-14T14:20:30","guid":{"rendered":"https:\/\/compratucodigo.co\/?post_type=product&#038;p=18635"},"modified":"2024-05-31T12:57:52","modified_gmt":"2024-05-31T17:57:52","slug":"norton-360-deluxe-3-dispositivos-1-ano","status":"publish","type":"product","link":"https:\/\/compratucodigo.co\/index.php\/producto\/norton-360-deluxe-3-dispositivos-1-ano\/","title":{"rendered":"Norton 360 Deluxe 3 Dispositivos 1 A\u00f1o"},"content":{"rendered":"<p>Protege tus dispositivos de amenazas en tiempo real con Norton 360 Deluxe. Este completo paquete no solo ofrece protecci\u00f3n contra virus, malware y hackeos, sino tambi\u00e9n una variedad de funcionalidades adicionales. Disfruta de una conexi\u00f3n VPN para garantizar tu privacidad mientras navegas por internet, y adem\u00e1s, obt\u00e9n 50GB de espacio en la nube para respaldar y proteger tus archivos confidenciales. Entre las m\u00faltiples herramientas disponibles se encuentra SafeCam, que bloquea accesos no autorizados a tu c\u00e1mara web, Control Parental para establecer horarios de uso en los dispositivos de tus hijos y Dark Web Monitoring, que te notifica si tu informaci\u00f3n personal est\u00e1 en la Dark web.<\/p>\n<p><strong>Recomendado para:<\/strong><\/p>\n<p>Personas que necesiten proteger sus dispositivos PC o MAC contra virus, malware y hackeos, con la ventaja adicional de 50GB de almacenamiento en la nube y diversas herramientas.<\/p>\n<p><strong>Env\u00edo del producto:<\/strong><\/p>\n<p>La compra y entrega son completamente digitales. Podr\u00e1s descargar el programa desde la p\u00e1gina oficial de Norton e ingresar el c\u00f3digo que te proporcionamos para activarlo.<\/p>\n<p><strong>Nuestra Empresa:<\/strong><\/p>\n<p>Compratucodigo es una marca de 3Clics Colombia SAS, somos una empresa formal registrada en Colombia con m\u00e1s de tres a\u00f1os de experiencia en la venta de c\u00f3digos de licencia digitales. Entregamos factura y todos nuestros productos est\u00e1n garantizados por nuestra empresa.<\/p>\n<div id=\"divtags\">\n<h1>Norton 360 Deluxe 3 Dispositivos 1 A\u00f1o<\/h1>\n<h1>Seguridad en l\u00ednea<\/h1>\n<h1>Protecci\u00f3n antivirus<\/h1>\n<h1>Firewall avanzado<\/h1>\n<h1>Privacidad en l\u00ednea<\/h1>\n<h1>Protecci\u00f3n contra malware<\/h1>\n<h1>Seguridad digital<\/h1>\n<h1>Herramientas de optimizaci\u00f3n<\/h1>\n<h1>Resguarda tus datos<\/h1>\n<h1>Prevenci\u00f3n de amenazas<\/h1>\n<h1>Navegaci\u00f3n segura<\/h1>\n<h1>Protecci\u00f3n contra phishing<\/h1>\n<h1>Compatibilidad multiplataforma<\/h1>\n<h1>Norton Security<\/h1>\n<h1>Antivirus en l\u00ednea<\/h1>\n<h1>Protecci\u00f3n completa<\/h1>\n<\/div>\n","protected":false},"excerpt":{"rendered":"<p>Licencia para Norton 360 Deluxe<br \/>\nPara 3 dispositivos Windows, Mac, Android o iOS<br \/>\nProtecci\u00f3n contra virus, software malicioso, ransomware y ataques de hackers<br \/>\nCopia de seguridad en la nube para PC con 50 GB disponibles.<br \/>\nIncluye servicio de conexi\u00f3n VPN a Internet<br \/>\nSistema de control parental<br \/>\nDark Web Monitoring<br \/>\n<b>Somos distribuidores oficiales de Norton y su compra cuenta con soporte por parte de la marca.<\/b><\/p>\n","protected":false},"featured_media":18636,"template":"","meta":{"_acf_changed":false},"product_brand":[],"product_cat":[1627,1615],"product_tag":[],"class_list":{"0":"post-18635","1":"product","2":"type-product","3":"status-publish","4":"has-post-thumbnail","6":"product_cat-antivirus-norton","7":"product_cat-licencias-antivirus","9":"first","10":"instock","11":"shipping-taxable","12":"purchasable","13":"product-type-simple"},"acf":[],"_links":{"self":[{"href":"https:\/\/compratucodigo.co\/index.php\/wp-json\/wp\/v2\/product\/18635","targetHints":{"allow":["GET"]}}],"collection":[{"href":"https:\/\/compratucodigo.co\/index.php\/wp-json\/wp\/v2\/product"}],"about":[{"href":"https:\/\/compratucodigo.co\/index.php\/wp-json\/wp\/v2\/types\/product"}],"wp:featuredmedia":[{"embeddable":true,"href":"https:\/\/compratucodigo.co\/index.php\/wp-json\/wp\/v2\/media\/18636"}],"wp:attachment":[{"href":"https:\/\/compratucodigo.co\/index.php\/wp-json\/wp\/v2\/media?parent=18635"}],"wp:term":[{"taxonomy":"product_brand","embeddable":true,"href":"https:\/\/compratucodigo.co\/index.php\/wp-json\/wp\/v2\/product_brand?post=18635"},{"taxonomy":"product_cat","embeddable":true,"href":"https:\/\/compratucodigo.co\/index.php\/wp-json\/wp\/v2\/product_cat?post=18635"},{"taxonomy":"product_tag","embeddable":true,"href":"https:\/\/compratucodigo.co\/index.php\/wp-json\/wp\/v2\/product_tag?post=18635"}],"curies":[{"name":"wp","href":"https:\/\/api.w.org\/{rel}","templated":true}]}}