{"id":18630,"date":"2023-07-14T09:09:55","date_gmt":"2023-07-14T14:09:55","guid":{"rendered":"https:\/\/compratucodigo.co\/?post_type=product&#038;p=18630"},"modified":"2024-05-31T12:58:05","modified_gmt":"2024-05-31T17:58:05","slug":"norton-360-deluxe-5-dispositivos-1-ano","status":"publish","type":"product","link":"https:\/\/compratucodigo.co\/index.php\/producto\/norton-360-deluxe-5-dispositivos-1-ano\/","title":{"rendered":"Norton 360 Deluxe 5 Dispositivos 1 A\u00f1o"},"content":{"rendered":"<p>Protege tus dispositivos contra amenazas en tiempo real con Norton 360 Deluxe, que va m\u00e1s all\u00e1 de la simple protecci\u00f3n contra virus, softwares maliciosos o hackeos. Adem\u00e1s, disfruta de una conexi\u00f3n VPN para preservar tu privacidad en l\u00ednea y 50GB de espacio en la nube para respaldar y proteger tus archivos confidenciales. Tambi\u00e9n incluye diversas herramientas \u00fatiles, como SafeCam para bloquear accesos no autorizados a tu c\u00e1mara web, Control Parental para establecer horarios de uso para los dispositivos de tus hijos y Dark Web Monitoring, que te notifica si tu informaci\u00f3n personal est\u00e1 en la Dark Web.<\/p>\n<p><strong>Recomendado para:<\/strong><\/p>\n<p>Personas que buscan proteger sus dispositivos PC o Mac contra virus, software malicioso y hackeos, con 50GB de almacenamiento para copias de seguridad y una variedad de herramientas \u00fatiles.<\/p>\n<p><strong>Env\u00edo del producto:<\/strong><\/p>\n<p>La compra y entrega son completamente digitales. Podr\u00e1s descargar el programa desde la p\u00e1gina oficial de Norton e ingresar el c\u00f3digo que te proporcionamos para activarlo.<\/p>\n<p><strong>Nuestra Empresa:<\/strong><\/p>\n<p>Compratucodigo es una marca de 3Clics Colombia SAS, somos una empresa formal registrada en Colombia con m\u00e1s de tres a\u00f1os de experiencia en la venta de c\u00f3digos de licencia digitales. Entregamos factura y todos nuestros productos est\u00e1n garantizados por nuestra empresa.<\/p>\n<div id=\"divtags\">\n<h1>Norton 360 Deluxe Colombia<\/h1>\n<h1>Antivirus Norton 360 5 Dispositivos<\/h1>\n<h1>Norton 360 Protecci\u00f3n Total<\/h1>\n<h1>Seguridad en L\u00ednea con Norton 360<\/h1>\n<h1>Antivirus para 5 Dispositivos Norton 360<\/h1>\n<h1>Protecci\u00f3n Completa con Norton 360 Deluxe<\/h1>\n<h1>Norton 360 Anual para 5 Dispositivos<\/h1>\n<h1>Oferta Norton 360 Deluxe Colombia<\/h1>\n<h1>Compra Norton 360 5 Dispositivos 1 A\u00f1o<\/h1>\n<h1>Antivirus de Calidad: Norton 360 Deluxe<\/h1>\n<h1>Norton 360 Deluxe en Colombia<\/h1>\n<h1>Protege tus Dispositivos con Norton 360<\/h1>\n<h1>Mejor Antivirus: Norton 360 1 A\u00f1o<\/h1>\n<h1>Seguridad Avanzada: Norton 360 Deluxe<\/h1>\n<h1>Norton 360 Premium 5 Dispositivos<\/h1>\n<h1>Renueva tu Norton 360 Deluxe 1 A\u00f1o<\/h1>\n<\/div>\n","protected":false},"excerpt":{"rendered":"<p>Licencia para Norton 360 Deluxe<br \/>\nPara 5 dispositivos Windows, Mac, Android o iOS<br \/>\nProtecci\u00f3n contra virus, software malicioso, ransomware y ataques de<br \/>\nhackers<br \/>\nCopia de seguridad en la nube para PC con 50 GB disponibles.<br \/>\nIncluye servicio de conexi\u00f3n VPN a Internet<br \/>\nSistema de control parental<br \/>\nDark Web Monitoring<br \/>\n<b>Somos distribuidores oficiales de Norton y su compra cuenta con soporte por parte de la marca.<\/b><\/p>\n","protected":false},"featured_media":18633,"template":"","meta":{"_acf_changed":false},"product_brand":[],"product_cat":[1627,1615],"product_tag":[],"class_list":{"0":"post-18630","1":"product","2":"type-product","3":"status-publish","4":"has-post-thumbnail","6":"product_cat-antivirus-norton","7":"product_cat-licencias-antivirus","9":"first","10":"instock","11":"shipping-taxable","12":"purchasable","13":"product-type-simple"},"acf":[],"_links":{"self":[{"href":"https:\/\/compratucodigo.co\/index.php\/wp-json\/wp\/v2\/product\/18630","targetHints":{"allow":["GET"]}}],"collection":[{"href":"https:\/\/compratucodigo.co\/index.php\/wp-json\/wp\/v2\/product"}],"about":[{"href":"https:\/\/compratucodigo.co\/index.php\/wp-json\/wp\/v2\/types\/product"}],"wp:featuredmedia":[{"embeddable":true,"href":"https:\/\/compratucodigo.co\/index.php\/wp-json\/wp\/v2\/media\/18633"}],"wp:attachment":[{"href":"https:\/\/compratucodigo.co\/index.php\/wp-json\/wp\/v2\/media?parent=18630"}],"wp:term":[{"taxonomy":"product_brand","embeddable":true,"href":"https:\/\/compratucodigo.co\/index.php\/wp-json\/wp\/v2\/product_brand?post=18630"},{"taxonomy":"product_cat","embeddable":true,"href":"https:\/\/compratucodigo.co\/index.php\/wp-json\/wp\/v2\/product_cat?post=18630"},{"taxonomy":"product_tag","embeddable":true,"href":"https:\/\/compratucodigo.co\/index.php\/wp-json\/wp\/v2\/product_tag?post=18630"}],"curies":[{"name":"wp","href":"https:\/\/api.w.org\/{rel}","templated":true}]}}