{"id":18626,"date":"2023-07-14T08:54:23","date_gmt":"2023-07-14T13:54:23","guid":{"rendered":"https:\/\/compratucodigo.co\/?post_type=product&#038;p=18626"},"modified":"2024-05-31T12:58:32","modified_gmt":"2024-05-31T17:58:32","slug":"norton-360-for-gamers-3-dispositivos-1-ano","status":"publish","type":"product","link":"https:\/\/compratucodigo.co\/index.php\/producto\/norton-360-for-gamers-3-dispositivos-1-ano\/","title":{"rendered":"Norton 360 For Gamers 3 Dispositivos 1 A\u00f1o"},"content":{"rendered":"<p>Norton 360 para GAMERS ofrece una protecci\u00f3n completa contra virus y software malicioso dise\u00f1ada especialmente para los jugadores de PC. Protege tus cuentas de juegos y evita el robo de tus activos digitales. Con Norton 360 for Gamers, puedes optimizar el rendimiento de tu PC para disfrutar de juegos m\u00e1s fluidos al eliminar retrasos y ralentizaciones de otras aplicaciones. Tambi\u00e9n puedes gestionar los programas en segundo plano para evitar que consuman los recursos de tu sistema.<\/p>\n<p>Adem\u00e1s, disfruta de herramientas adicionales como:<\/p>\n<ul>\n<li><strong>Dark Web Monitoring<\/strong>: Protege tu informaci\u00f3n y la detecta en la Dark web.<\/li>\n<li><strong>VPN integrada<\/strong>: Te protege contra ataques de denegaci\u00f3n de servicio y doxing.<\/li>\n<li><strong>PC SafeCam<\/strong>: Asegura tu privacidad mientras juegas y evita accesos no autorizados a tu c\u00e1mara web.<\/li>\n<li><strong>Control parental, optimizaci\u00f3n de notificaciones, gestor de contrase\u00f1as y mucho m\u00e1s<\/strong>.<\/li>\n<\/ul>\n<p><strong>Recomendado para:<\/strong><\/p>\n<p>Personas que necesitan proteger sus dispositivos para PC gamers contra virus, software malicioso y hackeos. Incluye una copia de seguridad de 200GB disponible y m\u00faltiples herramientas. Es aplicable para hasta 3 dispositivos.<\/p>\n<p><strong>Env\u00edo del producto:<\/strong><\/p>\n<p>La compra y la entrega son totalmente digitales. Podr\u00e1s descargar el programa desde la p\u00e1gina oficial de Norton e ingresar el c\u00f3digo que te proporcionamos para su activaci\u00f3n.<\/p>\n<p><strong>Nuestra Empresa:<\/strong><\/p>\n<p>Compratucodigo es una marca de 3Clics Colombia SAS, somos una empresa formal registrada en Colombia con m\u00e1s de tres a\u00f1os de experiencia en la venta de c\u00f3digos de licencia digitales. Entregamos factura y todos nuestros productos est\u00e1n garantizados por nuestra empresa.<\/p>\n<div id=\"divtags\">\n<h1>Norton 360 For Gamers Colombia<\/h1>\n<h1>Antivirus para gamers<\/h1>\n<h1>Protecci\u00f3n para jugadores en l\u00ednea<\/h1>\n<h1>Seguridad para videojugadores<\/h1>\n<h1>3 Dispositivos 1 A\u00f1o<\/h1>\n<h1>Antivirus y seguridad para juegos<\/h1>\n<h1>Norton 360 Gaming<\/h1>\n<h1>Protege tu experiencia de juego<\/h1>\n<h1>Mejora tu seguridad en videojuegos<\/h1>\n<h1>Antivirus para jugadores en Colombia<\/h1>\n<h1>Norton 360 para videojugadores<\/h1>\n<h1>Protecci\u00f3n online para gamers<\/h1>\n<h1>Defiende tus partidas con Norton 360<\/h1>\n<h1>Antivirus para consolas y PC<\/h1>\n<h1>Seguridad para gamers en l\u00ednea<\/h1>\n<h1>Optimiza tu experiencia de juego con Norton<\/h1>\n<\/div>\n","protected":false},"excerpt":{"rendered":"<p>Licencia para Norton 360 For Gamers<br \/>\nPara 3 dispositivos Windows, Mac, Android o iOS<br \/>\nProtecci\u00f3n contra virus, software malicioso, ransomware y ataques de hackers<br \/>\nCopia de seguridad en la nube para PC con 200 GB disponibles.<br \/>\nIncluye servicio de conexi\u00f3n VPN a Internet<br \/>\nSistema de control parental<br \/>\n<b>Sistema de optimizaci\u00f3n para juegos<\/b><br \/>\nDark Web Monitoring<br \/>\n<strong>Somos distribuidores oficiales de Norton y su compra cuenta con soporte por parte de la marca.<\/strong><\/p>\n","protected":false},"featured_media":18627,"template":"","meta":{"_acf_changed":false},"product_brand":[],"product_cat":[1627,1615],"product_tag":[],"class_list":{"0":"post-18626","1":"product","2":"type-product","3":"status-publish","4":"has-post-thumbnail","6":"product_cat-antivirus-norton","7":"product_cat-licencias-antivirus","9":"first","10":"instock","11":"shipping-taxable","12":"purchasable","13":"product-type-simple"},"acf":[],"_links":{"self":[{"href":"https:\/\/compratucodigo.co\/index.php\/wp-json\/wp\/v2\/product\/18626","targetHints":{"allow":["GET"]}}],"collection":[{"href":"https:\/\/compratucodigo.co\/index.php\/wp-json\/wp\/v2\/product"}],"about":[{"href":"https:\/\/compratucodigo.co\/index.php\/wp-json\/wp\/v2\/types\/product"}],"wp:featuredmedia":[{"embeddable":true,"href":"https:\/\/compratucodigo.co\/index.php\/wp-json\/wp\/v2\/media\/18627"}],"wp:attachment":[{"href":"https:\/\/compratucodigo.co\/index.php\/wp-json\/wp\/v2\/media?parent=18626"}],"wp:term":[{"taxonomy":"product_brand","embeddable":true,"href":"https:\/\/compratucodigo.co\/index.php\/wp-json\/wp\/v2\/product_brand?post=18626"},{"taxonomy":"product_cat","embeddable":true,"href":"https:\/\/compratucodigo.co\/index.php\/wp-json\/wp\/v2\/product_cat?post=18626"},{"taxonomy":"product_tag","embeddable":true,"href":"https:\/\/compratucodigo.co\/index.php\/wp-json\/wp\/v2\/product_tag?post=18626"}],"curies":[{"name":"wp","href":"https:\/\/api.w.org\/{rel}","templated":true}]}}