{"id":18617,"date":"2023-07-13T12:40:04","date_gmt":"2023-07-13T17:40:04","guid":{"rendered":"https:\/\/compratucodigo.co\/?post_type=product&#038;p=18617"},"modified":"2024-05-31T12:58:49","modified_gmt":"2024-05-31T17:58:49","slug":"norton-antivirus-plus-1-dispositivo-1-ano","status":"publish","type":"product","link":"https:\/\/compratucodigo.co\/index.php\/producto\/norton-antivirus-plus-1-dispositivo-1-ano\/","title":{"rendered":"Norton Antivirus Plus 1 Dispositivo 1 A\u00f1o"},"content":{"rendered":"<p>Antivirus Norton Plus te brinda protecci\u00f3n en tiempo real contra amenazas en tu PC o MAC, as\u00ed como la seguridad de tu informaci\u00f3n confidencial y financiera mientras est\u00e1s en l\u00ednea. Incluye herramientas como gestor de contrase\u00f1as, firewall inteligente y respaldo en la nube con 2GB de espacio disponible.<\/p>\n<p><strong>Recomendado para:<\/strong><\/p>\n<p>&#8211; Personas que deseen proteger sus dispositivos PC o MAC contra virus, software malicioso y posibles hackeos, con la ventaja adicional de un respaldo de 2GB.<\/p>\n<p><strong>Env\u00edo del producto:<\/strong><\/p>\n<p>&#8211; La compra y entrega son completamente digitales. Podr\u00e1s descargar el programa desde la p\u00e1gina oficial de Norton e introducir el c\u00f3digo de activaci\u00f3n que te proporcionamos.<\/p>\n<p><strong>Nuestra Empresa:<\/strong><\/p>\n<p>Compratucodigo es una marca de 3Clics Colombia SAS, somos una empresa formal registrada en Colombia con m\u00e1s de tres a\u00f1os de experiencia en la venta de c\u00f3digos de licencia digitales. Entregamos factura y todos nuestros productos est\u00e1n garantizados por nuestra empresa.<\/p>\n<div id=\"divtags\">\n<h1>Norton Antivirus Plus 1 Dispositivo 1 A\u00f1o Colombia<\/h1>\n<h1>Protecci\u00f3n antivirus Norton en Colombia<\/h1>\n<h1>Seguridad en l\u00ednea con Norton Antivirus en Colombia<\/h1>\n<h1>Compra Norton Antivirus Plus en Colombia<\/h1>\n<h1>Antivirus Norton para 1 dispositivo en Colombia<\/h1>\n<h1>Oferta de Norton Antivirus Plus en Colombia<\/h1>\n<h1>Garantiza tu seguridad con Norton Antivirus en Colombia<\/h1>\n<h1>Protege tu equipo con Norton Antivirus en Colombia<\/h1>\n<h1>Renueva tu antivirus con Norton en Colombia<\/h1>\n<h1>Mejora la seguridad de tu dispositivo en Colombia con Norton<\/h1>\n<h1>Antivirus Norton Plus para 1 a\u00f1o en Colombia<\/h1>\n<h1>Compra seguro en l\u00ednea con Norton Antivirus en Colombia<\/h1>\n<h1>Obt\u00e9n Norton Antivirus Plus para tu equipo en Colombia<\/h1>\n<h1>Protege tus datos con Norton Antivirus en Colombia<\/h1>\n<h1>Descuento en Norton Antivirus Plus para Colombia<\/h1>\n<h1>Compra en l\u00ednea Norton Antivirus para Colombia<\/h1>\n<\/div>\n","protected":false},"excerpt":{"rendered":"<p>Licencia para Norton Antivirus Plus<br \/>\nPara 1 dispositivo Windows, Mac, Android o iOS<br \/>\nProtecci\u00f3n contra virus, software malicioso, ransomware y ataques de hackers<br \/>\nCopia de seguridad en la nube para PC con 2 GB disponibles<br \/>\nEntrega inmediata a su correo electr\u00f3nico<br \/>\n<b>Somos distribuidores oficiales de Norton y su compra cuenta con soporte por parte de la marca.<\/b><\/p>\n","protected":false},"featured_media":18625,"template":"","meta":{"_acf_changed":false},"product_brand":[],"product_cat":[1627,1615],"product_tag":[],"class_list":{"0":"post-18617","1":"product","2":"type-product","3":"status-publish","4":"has-post-thumbnail","6":"product_cat-antivirus-norton","7":"product_cat-licencias-antivirus","9":"first","10":"instock","11":"shipping-taxable","12":"purchasable","13":"product-type-simple"},"acf":[],"_links":{"self":[{"href":"https:\/\/compratucodigo.co\/index.php\/wp-json\/wp\/v2\/product\/18617","targetHints":{"allow":["GET"]}}],"collection":[{"href":"https:\/\/compratucodigo.co\/index.php\/wp-json\/wp\/v2\/product"}],"about":[{"href":"https:\/\/compratucodigo.co\/index.php\/wp-json\/wp\/v2\/types\/product"}],"wp:featuredmedia":[{"embeddable":true,"href":"https:\/\/compratucodigo.co\/index.php\/wp-json\/wp\/v2\/media\/18625"}],"wp:attachment":[{"href":"https:\/\/compratucodigo.co\/index.php\/wp-json\/wp\/v2\/media?parent=18617"}],"wp:term":[{"taxonomy":"product_brand","embeddable":true,"href":"https:\/\/compratucodigo.co\/index.php\/wp-json\/wp\/v2\/product_brand?post=18617"},{"taxonomy":"product_cat","embeddable":true,"href":"https:\/\/compratucodigo.co\/index.php\/wp-json\/wp\/v2\/product_cat?post=18617"},{"taxonomy":"product_tag","embeddable":true,"href":"https:\/\/compratucodigo.co\/index.php\/wp-json\/wp\/v2\/product_tag?post=18617"}],"curies":[{"name":"wp","href":"https:\/\/api.w.org\/{rel}","templated":true}]}}