{"id":17874,"date":"2022-03-24T09:23:43","date_gmt":"2022-03-24T14:23:43","guid":{"rendered":"https:\/\/compratucodigo.co\/?post_type=product&#038;p=17874"},"modified":"2024-05-31T12:21:52","modified_gmt":"2024-05-31T17:21:52","slug":"windows-server-2012-r2-datacenter","status":"publish","type":"product","link":"https:\/\/compratucodigo.co\/index.php\/producto\/windows-server-2012-r2-datacenter\/","title":{"rendered":"Windows Server 2012 R2 Datacenter"},"content":{"rendered":"<p>Windows Server es una adaptaci\u00f3n de Windows dise\u00f1ada para ser utilizada en entornos de servidor. Estas versiones, aunque est\u00e1n fundamentadas en Windows, ofrecen una mayor seguridad y caracter\u00edsticas especialmente pensadas para su uso continuo y remoto.<\/p>\n<p>Una de las versiones m\u00e1s populares de Windows Server es el Windows Server 2012R2, que proporciona una excelente compatibilidad con una amplia variedad de aplicaciones.<\/p>\n<p>La versi\u00f3n &#8220;Datacenter&#8221; se distingue por permitir la ejecuci\u00f3n de m\u00faltiples instancias de m\u00e1quinas virtuales en el mismo servidor.<\/p>\n<p><strong>Recomendado para:<\/strong><\/p>\n<p>&#8211; Empresas que necesitan un servidor basado en Windows en lugar de uno basado en Linux.<\/p>\n<p><strong>Env\u00edo del producto:<\/strong><\/p>\n<p>Una vez realizado su pago o consignaci\u00f3n, recibir\u00e1 al instante en su correo electr\u00f3nico el c\u00f3digo de licencia digital, junto con las instrucciones de instalaci\u00f3n y, si as\u00ed lo solicita, la factura.<\/p>\n<p><strong>Nuestra Empresa:<\/strong><\/p>\n<p>Compratucodigo es una marca de 3Clics Colombia SAS, somos una empresa formal registrada en Colombia con m\u00e1s de tres a\u00f1os de experiencia en la venta de c\u00f3digos de licencia digitales. Entregamos factura y todos nuestros productos est\u00e1n garantizados por nuestra empresa.<\/p>\n<div id=\"divtags\">\n<h1>Windows Server 2012 R2 Datacenter<\/h1>\n<h1>Caracter\u00edsticas del Windows Server 2012 R2 Datacenter<\/h1>\n<h1>Beneficios de usar Windows Server 2012 R2 Datacenter<\/h1>\n<h1>Configuraci\u00f3n \u00f3ptima de Windows Server 2012 R2 Datacenter<\/h1>\n<h1>Actualizaciones y parches para Windows Server 2012 R2 Datacenter<\/h1>\n<h1>Compatibilidad de aplicaciones en Windows Server 2012 R2 Datacenter<\/h1>\n<h1>Seguridad en Windows Server 2012 R2 Datacenter<\/h1>\n<h1>Gesti\u00f3n de usuarios en Windows Server 2012 R2 Datacenter<\/h1>\n<h1>Redes y conectividad en Windows Server 2012 R2 Datacenter<\/h1>\n<h1>Virtualizaci\u00f3n en Windows Server 2012 R2 Datacenter<\/h1>\n<h1>Optimizaci\u00f3n de rendimiento en Windows Server 2012 R2 Datacenter<\/h1>\n<h1>Integraci\u00f3n con otros sistemas en Windows Server 2012 R2 Datacenter<\/h1>\n<h1>Licenciamiento para Windows Server 2012 R2 Datacenter<\/h1>\n<h1>Problemas comunes en Windows Server 2012 R2 Datacenter<\/h1>\n<h1>Soluciones a problemas en Windows Server 2012 R2 Datacenter<\/h1>\n<h1>Recursos y documentaci\u00f3n de Windows Server 2012 R2 Datacenter<\/h1>\n<\/div>\n","protected":false},"excerpt":{"rendered":"<p>Licencia para activar Windows Server 2012 Datacenter<br \/>\nDescargue el software desde el sitio oficial<br \/>\nClave de activaci\u00f3n original de 25 d\u00edgitos<br \/>\nEntrega inmediata directo a su correo electr\u00f3nico<br \/>\nTodas nuestras licencias son originales y cuentan con garant\u00eda y soporte t\u00e9cnico<\/p>\n","protected":false},"featured_media":14900,"template":"","meta":{"_acf_changed":false},"product_brand":[],"product_cat":[15],"product_tag":[],"class_list":{"0":"post-17874","1":"product","2":"type-product","3":"status-publish","4":"has-post-thumbnail","6":"product_cat-licencias-windows","8":"first","9":"instock","10":"shipping-taxable","11":"purchasable","12":"product-type-simple"},"acf":[],"_links":{"self":[{"href":"https:\/\/compratucodigo.co\/index.php\/wp-json\/wp\/v2\/product\/17874","targetHints":{"allow":["GET"]}}],"collection":[{"href":"https:\/\/compratucodigo.co\/index.php\/wp-json\/wp\/v2\/product"}],"about":[{"href":"https:\/\/compratucodigo.co\/index.php\/wp-json\/wp\/v2\/types\/product"}],"wp:featuredmedia":[{"embeddable":true,"href":"https:\/\/compratucodigo.co\/index.php\/wp-json\/wp\/v2\/media\/14900"}],"wp:attachment":[{"href":"https:\/\/compratucodigo.co\/index.php\/wp-json\/wp\/v2\/media?parent=17874"}],"wp:term":[{"taxonomy":"product_brand","embeddable":true,"href":"https:\/\/compratucodigo.co\/index.php\/wp-json\/wp\/v2\/product_brand?post=17874"},{"taxonomy":"product_cat","embeddable":true,"href":"https:\/\/compratucodigo.co\/index.php\/wp-json\/wp\/v2\/product_cat?post=17874"},{"taxonomy":"product_tag","embeddable":true,"href":"https:\/\/compratucodigo.co\/index.php\/wp-json\/wp\/v2\/product_tag?post=17874"}],"curies":[{"name":"wp","href":"https:\/\/api.w.org\/{rel}","templated":true}]}}