{"id":16698,"date":"2022-10-27T10:42:25","date_gmt":"2022-10-27T15:42:25","guid":{"rendered":"https:\/\/compratucodigo.co\/?post_type=product&#038;p=16698"},"modified":"2024-10-28T16:30:01","modified_gmt":"2024-10-28T21:30:01","slug":"office-2019-professional-plus-reinstalable","status":"publish","type":"product","link":"https:\/\/compratucodigo.co\/index.php\/producto\/office-2019-professional-plus-reinstalable\/","title":{"rendered":"Office 2019 Professional Plus Reinstalable"},"content":{"rendered":"<p>Office 2019 es una de las versiones m\u00e1s populares de Office, ya que es m\u00e1s ligera que Office 2021.<\/p>\n<p>Lo que la distingue de la versi\u00f3n m\u00e1s econ\u00f3mica, es que se puede reinstalar en otro dispositivo al estar vinculada a su cuenta Microsoft.<\/p>\n<p><strong>Recomendado para:<\/strong><\/p>\n<p>&#8211; Empresas que requieran una versi\u00f3n de Office sin limitaciones de uso y no deseen pagar una suscripci\u00f3n anual.<br \/>\n&#8211; Individuos con un \u00fanico dispositivo o aquellos que prefieran pagar una sola vez y olvidarse de la activaci\u00f3n del producto.<br \/>\n&#8211; Personas o empresas que busquen ahorrar a largo plazo al evitar el pago anual por el programa.<br \/>\n&#8211; Quienes necesiten formatear discos duros con regularidad o cambien de dispositivo con frecuencia.<\/p>\n<p><strong>Env\u00edo del producto:<\/strong><\/p>\n<p>Despu\u00e9s de realizar el pago o consignaci\u00f3n, recibir\u00e1 al instante su c\u00f3digo de licencia digital en su correo, junto con instrucciones de instalaci\u00f3n y, si lo solicita, la factura.<\/p>\n<p><strong>Nuestra Empresa:<\/strong><\/p>\n<p>Compratucodigo es una marca de 3Clics Colombia SAS, somos una empresa formal registrada en Colombia con m\u00e1s de tres a\u00f1os de experiencia en la venta de c\u00f3digos de licencia digitales. Entregamos factura y todos nuestros productos est\u00e1n garantizados por nuestra empresa.<\/p>\n<div id=\"divtags\">\n<h1>Office 2019 Professional Plus Reinstalable<\/h1>\n<h1>Software de oficina<\/h1>\n<h1>Actualizaci\u00f3n de Office 2019<\/h1>\n<h1>Versi\u00f3n Reinstalable de Office 2019<\/h1>\n<h1>Oficina 2019 Colombia<\/h1>\n<h1>Descarga Office 2019 Professional Plus<\/h1>\n<h1>Instalaci\u00f3n de Office 2019<\/h1>\n<h1>Office 2019 para empresas<\/h1>\n<h1>Actualizaci\u00f3n de software de oficina<\/h1>\n<h1>Caracter\u00edsticas de Office 2019<\/h1>\n<h1>Precios de Office 2019 Professional Plus<\/h1>\n<h1>Compatibilidad Office 2019<\/h1>\n<h1>Beneficios de Office 2019<\/h1>\n<h1>Mejoras en Office 2019<\/h1>\n<h1>Aplicaciones incluidas en Office 2019<\/h1>\n<h1>Office 2019 vs. versiones anteriores<\/h1>\n<\/div>\n","protected":false},"excerpt":{"rendered":"<p>Office 2019 es una de las versiones m\u00e1s populares de Office, ya que es m\u00e1s ligera que Office 2021. Lo que la distingue de la versi\u00f3n m\u00e1s econ\u00f3mica, es que se puede reinstalar en otro dispositivo al estar vinculada a su cuenta Microsoft. Recomendado para: &#8211; Empresas que requieran una versi\u00f3n de Office sin limitaciones&#8230;<\/p>\n","protected":false},"featured_media":16659,"template":"","meta":{"_acf_changed":false},"product_brand":[],"product_cat":[1614],"product_tag":[],"class_list":{"0":"post-16698","1":"product","2":"type-product","3":"status-publish","4":"has-post-thumbnail","6":"product_cat-licencias-office","8":"first","9":"instock","10":"shipping-taxable","11":"purchasable","12":"product-type-simple"},"acf":[],"_links":{"self":[{"href":"https:\/\/compratucodigo.co\/index.php\/wp-json\/wp\/v2\/product\/16698","targetHints":{"allow":["GET"]}}],"collection":[{"href":"https:\/\/compratucodigo.co\/index.php\/wp-json\/wp\/v2\/product"}],"about":[{"href":"https:\/\/compratucodigo.co\/index.php\/wp-json\/wp\/v2\/types\/product"}],"wp:featuredmedia":[{"embeddable":true,"href":"https:\/\/compratucodigo.co\/index.php\/wp-json\/wp\/v2\/media\/16659"}],"wp:attachment":[{"href":"https:\/\/compratucodigo.co\/index.php\/wp-json\/wp\/v2\/media?parent=16698"}],"wp:term":[{"taxonomy":"product_brand","embeddable":true,"href":"https:\/\/compratucodigo.co\/index.php\/wp-json\/wp\/v2\/product_brand?post=16698"},{"taxonomy":"product_cat","embeddable":true,"href":"https:\/\/compratucodigo.co\/index.php\/wp-json\/wp\/v2\/product_cat?post=16698"},{"taxonomy":"product_tag","embeddable":true,"href":"https:\/\/compratucodigo.co\/index.php\/wp-json\/wp\/v2\/product_tag?post=16698"}],"curies":[{"name":"wp","href":"https:\/\/api.w.org\/{rel}","templated":true}]}}