{"id":16694,"date":"2022-10-27T10:39:14","date_gmt":"2022-10-27T15:39:14","guid":{"rendered":"https:\/\/compratucodigo.co\/?post_type=product&#038;p=16694"},"modified":"2024-05-31T12:14:51","modified_gmt":"2024-05-31T17:14:51","slug":"windows-11-pro-n","status":"publish","type":"product","link":"https:\/\/compratucodigo.co\/index.php\/producto\/windows-11-pro-n\/","title":{"rendered":"Windows 11 Pro N"},"content":{"rendered":"<p>Windows 11 Pro N es la variante &#8220;Europea&#8221; de Windows que, por cuestiones legales, no incluye ciertos complementos presentes en la versi\u00f3n est\u00e1ndar de Windows 11.<\/p>\n<p>En ocasiones, se venden computadoras que ya vienen con esta versi\u00f3n preinstalada. Esta licencia permite activar estos dispositivos, ya que la versi\u00f3n com\u00fan y corriente de Windows 11 Pro no es compatible con Windows 11 Pro N.<\/p>\n<p><strong>Recomendado para:<\/strong><\/p>\n<p>&#8211; Personas que tengan la versi\u00f3n &#8220;N&#8221; de Windows y necesiten activar su sistema operativo.<\/p>\n<p><strong>Env\u00edo del producto:<\/strong><\/p>\n<p>Una vez realizado el pago o la consignaci\u00f3n, recibir\u00e1s tu c\u00f3digo de licencia digital de forma instant\u00e1nea en tu correo electr\u00f3nico. Junto con ello, recibir\u00e1s instrucciones detalladas para la instalaci\u00f3n y, si lo solicitas, la factura correspondiente.<\/p>\n<p><strong>Nuestra Empresa:<\/strong><\/p>\n<p>Compratucodigo es una marca de 3Clics Colombia SAS, somos una empresa formal registrada en Colombia con m\u00e1s de tres a\u00f1os de experiencia en la venta de c\u00f3digos de licencia digitales. Entregamos factura y todos nuestros productos est\u00e1n garantizados por nuestra empresa.<\/p>\n<div id=\"divtags\">\n<h1>Windows 11 Pro N Colombia<\/h1>\n<h1>Actualizaci\u00f3n de Windows 11 Pro N<\/h1>\n<h1>Caracter\u00edsticas de Windows 11 Pro N<\/h1>\n<h1>Descargar Windows 11 Pro N<\/h1>\n<h1>Compatibilidad de aplicaciones en Windows 11 Pro N<\/h1>\n<h1>Requisitos del sistema para Windows 11 Pro N<\/h1>\n<h1>Instalaci\u00f3n de Windows 11 Pro N en Colombia<\/h1>\n<h1>Optimizaci\u00f3n para Windows 11 Pro N<\/h1>\n<h1>Seguridad en Windows 11 Pro N<\/h1>\n<h1>Rendimiento en Windows 11 Pro N<\/h1>\n<h1>Mejoras en la interfaz de Windows 11 Pro N<\/h1>\n<h1>Actualizaciones de Windows 11 Pro N<\/h1>\n<h1>Problemas comunes en Windows 11 Pro N<\/h1>\n<h1>Soluciones para Windows 11 Pro N<\/h1>\n<h1>Opiniones sobre Windows 11 Pro N en Colombia<\/h1>\n<h1>Asistencia y soporte t\u00e9cnico para Windows 11 Pro N<\/h1>\n<\/div>\n","protected":false},"excerpt":{"rendered":"<p>Windows 11 Pro N es la variante &#8220;Europea&#8221; de Windows que, por cuestiones legales, no incluye ciertos complementos presentes en la versi\u00f3n est\u00e1ndar de Windows 11. En ocasiones, se venden computadoras que ya vienen con esta versi\u00f3n preinstalada. Esta licencia permite activar estos dispositivos, ya que la versi\u00f3n com\u00fan y corriente de Windows 11 Pro&#8230;<\/p>\n","protected":false},"featured_media":16658,"template":"","meta":{"_acf_changed":false},"product_brand":[],"product_cat":[15],"product_tag":[],"class_list":{"0":"post-16694","1":"product","2":"type-product","3":"status-publish","4":"has-post-thumbnail","6":"product_cat-licencias-windows","8":"first","9":"instock","10":"shipping-taxable","11":"purchasable","12":"product-type-simple"},"acf":[],"_links":{"self":[{"href":"https:\/\/compratucodigo.co\/index.php\/wp-json\/wp\/v2\/product\/16694","targetHints":{"allow":["GET"]}}],"collection":[{"href":"https:\/\/compratucodigo.co\/index.php\/wp-json\/wp\/v2\/product"}],"about":[{"href":"https:\/\/compratucodigo.co\/index.php\/wp-json\/wp\/v2\/types\/product"}],"wp:featuredmedia":[{"embeddable":true,"href":"https:\/\/compratucodigo.co\/index.php\/wp-json\/wp\/v2\/media\/16658"}],"wp:attachment":[{"href":"https:\/\/compratucodigo.co\/index.php\/wp-json\/wp\/v2\/media?parent=16694"}],"wp:term":[{"taxonomy":"product_brand","embeddable":true,"href":"https:\/\/compratucodigo.co\/index.php\/wp-json\/wp\/v2\/product_brand?post=16694"},{"taxonomy":"product_cat","embeddable":true,"href":"https:\/\/compratucodigo.co\/index.php\/wp-json\/wp\/v2\/product_cat?post=16694"},{"taxonomy":"product_tag","embeddable":true,"href":"https:\/\/compratucodigo.co\/index.php\/wp-json\/wp\/v2\/product_tag?post=16694"}],"curies":[{"name":"wp","href":"https:\/\/api.w.org\/{rel}","templated":true}]}}