{"id":16691,"date":"2022-10-27T10:34:58","date_gmt":"2022-10-27T15:34:58","guid":{"rendered":"https:\/\/compratucodigo.co\/?post_type=product&#038;p=16691"},"modified":"2024-05-31T12:15:42","modified_gmt":"2024-05-31T17:15:42","slug":"windows-10-pro-n","status":"publish","type":"product","link":"https:\/\/compratucodigo.co\/index.php\/producto\/windows-10-pro-n\/","title":{"rendered":"Windows 10 Pro N"},"content":{"rendered":"<p>Windows 10 Pro N es la variante &#8220;europea&#8221; de Windows que, por razones legales, excluye ciertos complementos presentes en la versi\u00f3n est\u00e1ndar de Windows 10.<\/p>\n<p>En algunas ocasiones, los ordenadores vienen preinstalados con esta versi\u00f3n. Esta licencia permite activar estos dispositivos, ya que los c\u00f3digos de activaci\u00f3n est\u00e1ndar no son compatibles con Windows 10 Pro N.<\/p>\n<p><strong>Recomendado para:<\/strong><\/p>\n<p>&#8211; Personas que dispongan de la versi\u00f3n &#8220;N&#8221; de Windows y necesiten activar su sistema operativo.<\/p>\n<p><strong>Env\u00edo del producto:<\/strong><\/p>\n<p>Despu\u00e9s de efectuar su pago o consignaci\u00f3n, recibir\u00e1 de inmediato su c\u00f3digo de licencia digital en su correo electr\u00f3nico, junto con las instrucciones de instalaci\u00f3n y, si lo solicita, la factura.<\/p>\n<p><strong>Nuestra Empresa:<\/strong><\/p>\n<p>Compratucodigo es una marca de 3Clics Colombia SAS, somos una empresa formal registrada en Colombia con m\u00e1s de tres a\u00f1os de experiencia en la venta de c\u00f3digos de licencia digitales. Entregamos factura y todos nuestros productos est\u00e1n garantizados por nuestra empresa.<\/p>\n<div id=\"divtags\">\n<h1>Windows 10 Pro N<\/h1>\n<h1>Actualizaciones de Windows 10 Pro N<\/h1>\n<h1>Caracter\u00edsticas de Windows 10 Pro N<\/h1>\n<h1>Compatibilidad de aplicaciones en Windows 10 Pro N<\/h1>\n<h1>Descarga de Windows 10 Pro N<\/h1>\n<h1>Requisitos del sistema para Windows 10 Pro N<\/h1>\n<h1>Instalaci\u00f3n de Windows 10 Pro N<\/h1>\n<h1>Activaci\u00f3n de Windows 10 Pro N<\/h1>\n<h1>Configuraci\u00f3n de Windows 10 Pro N<\/h1>\n<h1>Optimizaci\u00f3n de rendimiento en Windows 10 Pro N<\/h1>\n<h1>Protecci\u00f3n y seguridad en Windows 10 Pro N<\/h1>\n<h1>Tips y trucos para Windows 10 Pro N<\/h1>\n<h1>Problemas comunes en Windows 10 Pro N<\/h1>\n<h1>Soluci\u00f3n de errores en Windows 10 Pro N<\/h1>\n<h1>Actualizaci\u00f3n de controladores en Windows 10 Pro N<\/h1>\n<h1>Soporte t\u00e9cnico para Windows 10 Pro N<\/h1>\n<\/div>\n","protected":false},"excerpt":{"rendered":"<p>Windows 10 Pro N es la variante &#8220;europea&#8221; de Windows que, por razones legales, excluye ciertos complementos presentes en la versi\u00f3n est\u00e1ndar de Windows 10. En algunas ocasiones, los ordenadores vienen preinstalados con esta versi\u00f3n. Esta licencia permite activar estos dispositivos, ya que los c\u00f3digos de activaci\u00f3n est\u00e1ndar no son compatibles con Windows 10 Pro&#8230;<\/p>\n","protected":false},"featured_media":16656,"template":"","meta":{"_acf_changed":false},"product_brand":[],"product_cat":[15],"product_tag":[],"class_list":{"0":"post-16691","1":"product","2":"type-product","3":"status-publish","4":"has-post-thumbnail","6":"product_cat-licencias-windows","8":"first","9":"instock","10":"shipping-taxable","11":"purchasable","12":"product-type-simple"},"acf":[],"_links":{"self":[{"href":"https:\/\/compratucodigo.co\/index.php\/wp-json\/wp\/v2\/product\/16691","targetHints":{"allow":["GET"]}}],"collection":[{"href":"https:\/\/compratucodigo.co\/index.php\/wp-json\/wp\/v2\/product"}],"about":[{"href":"https:\/\/compratucodigo.co\/index.php\/wp-json\/wp\/v2\/types\/product"}],"wp:featuredmedia":[{"embeddable":true,"href":"https:\/\/compratucodigo.co\/index.php\/wp-json\/wp\/v2\/media\/16656"}],"wp:attachment":[{"href":"https:\/\/compratucodigo.co\/index.php\/wp-json\/wp\/v2\/media?parent=16691"}],"wp:term":[{"taxonomy":"product_brand","embeddable":true,"href":"https:\/\/compratucodigo.co\/index.php\/wp-json\/wp\/v2\/product_brand?post=16691"},{"taxonomy":"product_cat","embeddable":true,"href":"https:\/\/compratucodigo.co\/index.php\/wp-json\/wp\/v2\/product_cat?post=16691"},{"taxonomy":"product_tag","embeddable":true,"href":"https:\/\/compratucodigo.co\/index.php\/wp-json\/wp\/v2\/product_tag?post=16691"}],"curies":[{"name":"wp","href":"https:\/\/api.w.org\/{rel}","templated":true}]}}