{"id":16688,"date":"2022-10-27T10:36:48","date_gmt":"2022-10-27T15:36:48","guid":{"rendered":"https:\/\/compratucodigo.co\/?post_type=product&#038;p=16688"},"modified":"2024-05-31T12:15:05","modified_gmt":"2024-05-31T17:15:05","slug":"windows-11-home","status":"publish","type":"product","link":"https:\/\/compratucodigo.co\/index.php\/producto\/windows-11-home\/","title":{"rendered":"Windows 11 Home"},"content":{"rendered":"<p>Windows 11 representa la \u00faltima y m\u00e1s avanzada versi\u00f3n de Windows hasta la fecha. Viene con numerosas mejoras con respecto a su predecesor, Windows 10, especialmente en t\u00e9rminos de apariencia y facilidad de uso, otorg\u00e1ndole un aspecto m\u00e1s contempor\u00e1neo. Adem\u00e1s, posibilita la ejecuci\u00f3n de aplicaciones de Android directamente dentro de Windows.<\/p>\n<p>Adquirir una licencia le brindar\u00e1 acceso a las \u00faltimas actualizaciones, fortaleciendo la seguridad de su sistema contra virus o intentos de hackeo. Adicionalmente, eliminar\u00e1 la molesta notificaci\u00f3n de &#8216;Activar Windows&#8217;.<\/p>\n<p><strong>Recomendado para:<\/strong><\/p>\n<ul>\n<li>Personas que adquieran un PC nuevo y deseen instalar el sistema operativo m\u00e1s moderno disponible.<\/li>\n<li>Usuarios que reciben el mensaje &#8216;Activar Windows&#8217; en la esquina inferior derecha de su pantalla y tienen instalada la versi\u00f3n Home del sistema.<\/li>\n<\/ul>\n<p><strong>Env\u00edo del producto:<\/strong><\/p>\n<p>Una vez realice su pago o consignaci\u00f3n, recibir\u00e1 al instante su c\u00f3digo de licencia digital en su correo electr\u00f3nico, acompa\u00f1ado de las instrucciones de instalaci\u00f3n y, si lo solicita, la factura correspondiente.<\/p>\n<p><strong>Nuestra Empresa:<\/strong><\/p>\n<p>Compratucodigo es una marca de 3Clics Colombia SAS, somos una empresa formal registrada en Colombia con m\u00e1s de tres a\u00f1os de experiencia en la venta de c\u00f3digos de licencia digitales. Entregamos factura y todos nuestros productos est\u00e1n garantizados por nuestra empresa.<\/p>\n<div id=\"divtags\">\n<h1>Windows 11 Home<\/h1>\n<h1>Actualizaci\u00f3n de Windows<\/h1>\n<h1>Novedades de Windows 11<\/h1>\n<h1>Requisitos de sistema para Windows 11 Home<\/h1>\n<h1>Instalaci\u00f3n de Windows 11 Home<\/h1>\n<h1>Interfaz de usuario de Windows 11<\/h1>\n<h1>Optimizaci\u00f3n de rendimiento en Windows 11 Home<\/h1>\n<h1>Personalizaci\u00f3n en Windows 11<\/h1>\n<h1>Configuraci\u00f3n de privacidad en Windows 11 Home<\/h1>\n<h1>Compatibilidad de aplicaciones en Windows 11<\/h1>\n<h1>Seguridad en Windows 11 Home<\/h1>\n<h1>Funciones destacadas de Windows 11 Home<\/h1>\n<h1>Tips y trucos para Windows 11<\/h1>\n<h1>Comparativa entre Windows 11 Home y versiones anteriores<\/h1>\n<h1>Actualizaciones de software en Windows 11 Home<\/h1>\n<h1>Soporte t\u00e9cnico para Windows 11 Home<\/h1>\n<\/div>\n","protected":false},"excerpt":{"rendered":"<p>Windows 11 representa la \u00faltima y m\u00e1s avanzada versi\u00f3n de Windows hasta la fecha. Viene con numerosas mejoras con respecto a su predecesor, Windows 10, especialmente en t\u00e9rminos de apariencia y facilidad de uso, otorg\u00e1ndole un aspecto m\u00e1s contempor\u00e1neo. Adem\u00e1s, posibilita la ejecuci\u00f3n de aplicaciones de Android directamente dentro de Windows. Adquirir una licencia le&#8230;<\/p>\n","protected":false},"featured_media":16657,"template":"","meta":{"_acf_changed":false},"product_brand":[],"product_cat":[15],"product_tag":[],"class_list":{"0":"post-16688","1":"product","2":"type-product","3":"status-publish","4":"has-post-thumbnail","6":"product_cat-licencias-windows","8":"first","9":"instock","10":"shipping-taxable","11":"purchasable","12":"product-type-simple"},"acf":[],"_links":{"self":[{"href":"https:\/\/compratucodigo.co\/index.php\/wp-json\/wp\/v2\/product\/16688","targetHints":{"allow":["GET"]}}],"collection":[{"href":"https:\/\/compratucodigo.co\/index.php\/wp-json\/wp\/v2\/product"}],"about":[{"href":"https:\/\/compratucodigo.co\/index.php\/wp-json\/wp\/v2\/types\/product"}],"wp:featuredmedia":[{"embeddable":true,"href":"https:\/\/compratucodigo.co\/index.php\/wp-json\/wp\/v2\/media\/16657"}],"wp:attachment":[{"href":"https:\/\/compratucodigo.co\/index.php\/wp-json\/wp\/v2\/media?parent=16688"}],"wp:term":[{"taxonomy":"product_brand","embeddable":true,"href":"https:\/\/compratucodigo.co\/index.php\/wp-json\/wp\/v2\/product_brand?post=16688"},{"taxonomy":"product_cat","embeddable":true,"href":"https:\/\/compratucodigo.co\/index.php\/wp-json\/wp\/v2\/product_cat?post=16688"},{"taxonomy":"product_tag","embeddable":true,"href":"https:\/\/compratucodigo.co\/index.php\/wp-json\/wp\/v2\/product_tag?post=16688"}],"curies":[{"name":"wp","href":"https:\/\/api.w.org\/{rel}","templated":true}]}}