{"id":16685,"date":"2022-10-27T10:28:26","date_gmt":"2022-10-27T15:28:26","guid":{"rendered":"https:\/\/compratucodigo.co\/?post_type=product&#038;p=16685"},"modified":"2024-05-31T12:04:25","modified_gmt":"2024-05-31T17:04:25","slug":"office-2019-hogar-y-empresas-mac","status":"publish","type":"product","link":"https:\/\/compratucodigo.co\/index.php\/producto\/office-2019-hogar-y-empresas-mac\/","title":{"rendered":"Office 2019 Hogar y Empresas Mac"},"content":{"rendered":"<p>Oficina Hogar y Empresas 2019 (tambi\u00e9n conocido como &#8220;Office Home And Business&#8221;) es la versi\u00f3n de Office 2019 que Microsoft recomienda.<\/p>\n<p><strong>Env\u00edo del producto:<\/strong><\/p>\n<p>Despu\u00e9s de realizar su pago o consignaci\u00f3n, recibir\u00e1 al instante su c\u00f3digo de licencia digital en su correo, junto con las instrucciones de instalaci\u00f3n y, si as\u00ed lo solicita, la factura.<\/p>\n<p><strong>Nuestra Empresa:<\/strong><\/p>\n<p>Compratucodigo es una marca de 3Clics Colombia SAS, somos una empresa formal registrada en Colombia con m\u00e1s de tres a\u00f1os de experiencia en la venta de c\u00f3digos de licencia digitales. Entregamos factura y todos nuestros productos est\u00e1n garantizados por nuestra empresa.<\/p>\n<div id=\"divtags\">\n<h1>Office 2019 Hogar y Empresas Mac<\/h1>\n<h1>Software de Oficina<\/h1>\n<h1>Office 2019 para Mac<\/h1>\n<h1>Herramientas de Productividad<\/h1>\n<h1>Aplicaciones de Oficina<\/h1>\n<h1>Microsoft Office para Mac<\/h1>\n<h1>Word, Excel, PowerPoint y Outlook<\/h1>\n<h1>Ofim\u00e1tica para Mac<\/h1>\n<h1>Actualizaci\u00f3n Office 2019<\/h1>\n<h1>Compatibilidad Office 2019 Mac<\/h1>\n<h1>MacOS y Office 2019<\/h1>\n<h1>Comprar Office 2019 Mac<\/h1>\n<h1>Descargar Office 2019 Mac<\/h1>\n<h1>Activar Office 2019 Mac<\/h1>\n<h1>Gu\u00eda de uso Office 2019 Mac<\/h1>\n<h1>Soporte Office 2019 Mac<\/h1>\n<\/div>\n","protected":false},"excerpt":{"rendered":"<p>Oficina Hogar y Empresas 2019 (tambi\u00e9n conocido como &#8220;Office Home And Business&#8221;) es la versi\u00f3n de Office 2019 que Microsoft recomienda. Env\u00edo del producto: Despu\u00e9s de realizar su pago o consignaci\u00f3n, recibir\u00e1 al instante su c\u00f3digo de licencia digital en su correo, junto con las instrucciones de instalaci\u00f3n y, si as\u00ed lo solicita, la factura&#8230;.<\/p>\n","protected":false},"featured_media":16647,"template":"","meta":{"_acf_changed":false},"product_brand":[],"product_cat":[1614],"product_tag":[],"class_list":{"0":"post-16685","1":"product","2":"type-product","3":"status-publish","4":"has-post-thumbnail","6":"product_cat-licencias-office","8":"first","9":"instock","10":"shipping-taxable","11":"purchasable","12":"product-type-simple"},"acf":[],"_links":{"self":[{"href":"https:\/\/compratucodigo.co\/index.php\/wp-json\/wp\/v2\/product\/16685","targetHints":{"allow":["GET"]}}],"collection":[{"href":"https:\/\/compratucodigo.co\/index.php\/wp-json\/wp\/v2\/product"}],"about":[{"href":"https:\/\/compratucodigo.co\/index.php\/wp-json\/wp\/v2\/types\/product"}],"wp:featuredmedia":[{"embeddable":true,"href":"https:\/\/compratucodigo.co\/index.php\/wp-json\/wp\/v2\/media\/16647"}],"wp:attachment":[{"href":"https:\/\/compratucodigo.co\/index.php\/wp-json\/wp\/v2\/media?parent=16685"}],"wp:term":[{"taxonomy":"product_brand","embeddable":true,"href":"https:\/\/compratucodigo.co\/index.php\/wp-json\/wp\/v2\/product_brand?post=16685"},{"taxonomy":"product_cat","embeddable":true,"href":"https:\/\/compratucodigo.co\/index.php\/wp-json\/wp\/v2\/product_cat?post=16685"},{"taxonomy":"product_tag","embeddable":true,"href":"https:\/\/compratucodigo.co\/index.php\/wp-json\/wp\/v2\/product_tag?post=16685"}],"curies":[{"name":"wp","href":"https:\/\/api.w.org\/{rel}","templated":true}]}}