{"id":16682,"date":"2022-10-27T10:19:42","date_gmt":"2022-10-27T15:19:42","guid":{"rendered":"https:\/\/compratucodigo.co\/?post_type=product&#038;p=16682"},"modified":"2024-05-31T12:04:38","modified_gmt":"2024-05-31T17:04:38","slug":"office-2019-hogar-y-empresas-windows","status":"publish","type":"product","link":"https:\/\/compratucodigo.co\/index.php\/producto\/office-2019-hogar-y-empresas-windows\/","title":{"rendered":"Office 2019 Hogar y Empresas Windows"},"content":{"rendered":"<p>Office Hogar y Empresas 2019 (tambi\u00e9n conocido en ingl\u00e9s como \u201cOffice Home And Business\u201d) es la versi\u00f3n de Office 2019 recomendada por Microsoft.<\/p>\n<p><strong>Env\u00edo del producto:<\/strong><\/p>\n<p>Una vez que realice su pago o consignaci\u00f3n, recibir\u00e1 al instante su c\u00f3digo de licencia digital en su correo electr\u00f3nico, junto con instrucciones detalladas para la instalaci\u00f3n y la factura en caso de que la solicite.<\/p>\n<p><strong>Nuestra Empresa:<\/strong><\/p>\n<p>Compratucodigo es una marca de 3Clics Colombia SAS, somos una empresa formal registrada en Colombia con m\u00e1s de tres a\u00f1os de experiencia en la venta de c\u00f3digos de licencia digitales. Entregamos factura y todos nuestros productos est\u00e1n garantizados por nuestra empresa.<\/p>\n<div id=\"divtags\">\n<h1>Office 2019 Hogar y Empresas Windows<\/h1>\n<h1>Oficina en casa<\/h1>\n<h1>Suite de oficina<\/h1>\n<h1>Programas de productividad<\/h1>\n<h1>Microsoft Office 2019<\/h1>\n<h1>Word, Excel, PowerPoint, Outlook<\/h1>\n<h1>Herramientas de trabajo<\/h1>\n<h1>Software empresarial<\/h1>\n<h1>Aplicaciones de oficina<\/h1>\n<h1>Actualizaci\u00f3n de Office<\/h1>\n<h1>Compra de licencia Office<\/h1>\n<h1>Tecnolog\u00eda Microsoft<\/h1>\n<h1>Mejora de la productividad<\/h1>\n<h1>Compatibilidad Windows<\/h1>\n<h1>Ofim\u00e1tica para Windows<\/h1>\n<h1>Adquisici\u00f3n de Office 2019<\/h1>\n<\/div>\n","protected":false},"excerpt":{"rendered":"<p>Office Hogar y Empresas 2019 (tambi\u00e9n conocido en ingl\u00e9s como \u201cOffice Home And Business\u201d) es la versi\u00f3n de Office 2019 recomendada por Microsoft. Env\u00edo del producto: Una vez que realice su pago o consignaci\u00f3n, recibir\u00e1 al instante su c\u00f3digo de licencia digital en su correo electr\u00f3nico, junto con instrucciones detalladas para la instalaci\u00f3n y la&#8230;<\/p>\n","protected":false},"featured_media":16648,"template":"","meta":{"_acf_changed":false},"product_brand":[],"product_cat":[1614],"product_tag":[],"class_list":{"0":"post-16682","1":"product","2":"type-product","3":"status-publish","4":"has-post-thumbnail","6":"product_cat-licencias-office","8":"first","9":"instock","10":"shipping-taxable","11":"purchasable","12":"product-type-simple"},"acf":[],"_links":{"self":[{"href":"https:\/\/compratucodigo.co\/index.php\/wp-json\/wp\/v2\/product\/16682","targetHints":{"allow":["GET"]}}],"collection":[{"href":"https:\/\/compratucodigo.co\/index.php\/wp-json\/wp\/v2\/product"}],"about":[{"href":"https:\/\/compratucodigo.co\/index.php\/wp-json\/wp\/v2\/types\/product"}],"wp:featuredmedia":[{"embeddable":true,"href":"https:\/\/compratucodigo.co\/index.php\/wp-json\/wp\/v2\/media\/16648"}],"wp:attachment":[{"href":"https:\/\/compratucodigo.co\/index.php\/wp-json\/wp\/v2\/media?parent=16682"}],"wp:term":[{"taxonomy":"product_brand","embeddable":true,"href":"https:\/\/compratucodigo.co\/index.php\/wp-json\/wp\/v2\/product_brand?post=16682"},{"taxonomy":"product_cat","embeddable":true,"href":"https:\/\/compratucodigo.co\/index.php\/wp-json\/wp\/v2\/product_cat?post=16682"},{"taxonomy":"product_tag","embeddable":true,"href":"https:\/\/compratucodigo.co\/index.php\/wp-json\/wp\/v2\/product_tag?post=16682"}],"curies":[{"name":"wp","href":"https:\/\/api.w.org\/{rel}","templated":true}]}}