{"id":16679,"date":"2022-10-27T10:16:48","date_gmt":"2022-10-27T15:16:48","guid":{"rendered":"https:\/\/compratucodigo.co\/?post_type=product&#038;p=16679"},"modified":"2024-05-31T12:04:49","modified_gmt":"2024-05-31T17:04:49","slug":"office-2021-hogar-y-empresas-mac","status":"publish","type":"product","link":"https:\/\/compratucodigo.co\/index.php\/producto\/office-2021-hogar-y-empresas-mac\/","title":{"rendered":"Office 2021 Hogar y Empresas Mac"},"content":{"rendered":"<p>Office Hogar y Empresas 2021 (tambi\u00e9n conocido como &#8220;Office Home And Business&#8221; en ingl\u00e9s) es la versi\u00f3n de Office recomendada por Microsoft para un uso permanente.<\/p>\n<p>Esta edici\u00f3n est\u00e1 dise\u00f1ada espec\u00edficamente para computadoras Mac.<\/p>\n<p><strong>Env\u00edo del producto:<\/strong><\/p>\n<p>Despu\u00e9s de completar su pago o consignaci\u00f3n, recibir\u00e1 de inmediato el c\u00f3digo de licencia digital en su correo electr\u00f3nico. Junto con \u00e9l, tambi\u00e9n recibir\u00e1 instrucciones detalladas para la instalaci\u00f3n y, si lo solicita, la factura correspondiente.<\/p>\n<p><strong>Nuestra Empresa:<\/strong><\/p>\n<p>Compratucodigo es una marca de 3Clics Colombia SAS, somos una empresa formal registrada en Colombia con m\u00e1s de tres a\u00f1os de experiencia en la venta de c\u00f3digos de licencia digitales. Entregamos factura y todos nuestros productos est\u00e1n garantizados por nuestra empresa.<\/p>\n<div id=\"divtags\">\n<h1>Office 2021 Hogar y Empresas Mac<\/h1>\n<h1>Software de oficina para Mac<\/h1>\n<h1>Actualizaci\u00f3n de Office para Mac<\/h1>\n<h1>Productividad con Office en Mac<\/h1>\n<h1>Oficina en casa con Office 2021 para Mac<\/h1>\n<h1>Microsoft Office para Mac<\/h1>\n<h1>Caracter\u00edsticas de Office 2021 para Mac<\/h1>\n<h1>Compatibilidad de Office 2021 con Mac<\/h1>\n<h1>Compra y descarga de Office 2021 para Mac<\/h1>\n<h1>Tutorial de instalaci\u00f3n de Office 2021 en Mac<\/h1>\n<h1>Office 2021 vs. versiones anteriores en Mac<\/h1>\n<h1>Mejoras en Office 2021 para usuarios de Mac<\/h1>\n<h1>Aplicaciones incluidas en Office 2021 para Mac<\/h1>\n<h1>Integraci\u00f3n de Office 2021 con macOS<\/h1>\n<h1>Optimizaci\u00f3n de rendimiento en Office 2021 para Mac<\/h1>\n<h1>Actualizaciones y parches para Office 2021 en Mac<\/h1>\n<\/div>\n","protected":false},"excerpt":{"rendered":"<p>Office Hogar y Empresas 2021 (tambi\u00e9n conocido como &#8220;Office Home And Business&#8221; en ingl\u00e9s) es la versi\u00f3n de Office recomendada por Microsoft para un uso permanente. Esta edici\u00f3n est\u00e1 dise\u00f1ada espec\u00edficamente para computadoras Mac. Env\u00edo del producto: Despu\u00e9s de completar su pago o consignaci\u00f3n, recibir\u00e1 de inmediato el c\u00f3digo de licencia digital en su correo&#8230;<\/p>\n","protected":false},"featured_media":16649,"template":"","meta":{"_acf_changed":false},"product_brand":[],"product_cat":[1614],"product_tag":[],"class_list":{"0":"post-16679","1":"product","2":"type-product","3":"status-publish","4":"has-post-thumbnail","6":"product_cat-licencias-office","8":"first","9":"instock","10":"shipping-taxable","11":"purchasable","12":"product-type-simple"},"acf":[],"_links":{"self":[{"href":"https:\/\/compratucodigo.co\/index.php\/wp-json\/wp\/v2\/product\/16679","targetHints":{"allow":["GET"]}}],"collection":[{"href":"https:\/\/compratucodigo.co\/index.php\/wp-json\/wp\/v2\/product"}],"about":[{"href":"https:\/\/compratucodigo.co\/index.php\/wp-json\/wp\/v2\/types\/product"}],"wp:featuredmedia":[{"embeddable":true,"href":"https:\/\/compratucodigo.co\/index.php\/wp-json\/wp\/v2\/media\/16649"}],"wp:attachment":[{"href":"https:\/\/compratucodigo.co\/index.php\/wp-json\/wp\/v2\/media?parent=16679"}],"wp:term":[{"taxonomy":"product_brand","embeddable":true,"href":"https:\/\/compratucodigo.co\/index.php\/wp-json\/wp\/v2\/product_brand?post=16679"},{"taxonomy":"product_cat","embeddable":true,"href":"https:\/\/compratucodigo.co\/index.php\/wp-json\/wp\/v2\/product_cat?post=16679"},{"taxonomy":"product_tag","embeddable":true,"href":"https:\/\/compratucodigo.co\/index.php\/wp-json\/wp\/v2\/product_tag?post=16679"}],"curies":[{"name":"wp","href":"https:\/\/api.w.org\/{rel}","templated":true}]}}