{"id":16676,"date":"2022-10-27T10:15:31","date_gmt":"2022-10-27T15:15:31","guid":{"rendered":"https:\/\/compratucodigo.co\/?post_type=product&#038;p=16676"},"modified":"2024-05-31T12:05:00","modified_gmt":"2024-05-31T17:05:00","slug":"office-2021-hogar-y-empresas-windows-y-mac","status":"publish","type":"product","link":"https:\/\/compratucodigo.co\/index.php\/producto\/office-2021-hogar-y-empresas-windows-y-mac\/","title":{"rendered":"Office 2021 Hogar y Empresas Windows y Mac"},"content":{"rendered":"<p>Office Hogar y Empresas 2021 (tambi\u00e9n conocido como &#8220;Office Home And Business&#8221; en ingl\u00e9s) es la versi\u00f3n de Office recomendada por Microsoft para un uso continuo.<\/p>\n<p>Destaca por ser la \u00fanica licencia permanente que ofrecemos, compatible tanto con Windows como con Mac. Esto la convierte en la opci\u00f3n ideal para empresas que necesitan una licencia reinstalable que les permita cambiar f\u00e1cilmente entre dispositivos con sistemas operativos Windows o Mac.<\/p>\n<p><strong>Env\u00edo del producto:<\/strong><\/p>\n<p>Despu\u00e9s de realizar su pago o consignaci\u00f3n, recibir\u00e1 al instante en su correo electr\u00f3nico el c\u00f3digo de licencia digital, junto con instrucciones detalladas para la instalaci\u00f3n y, si lo solicita, la factura correspondiente.<\/p>\n<p><strong>Nuestra Empresa:<\/strong><\/p>\n<p>Compratucodigo es una marca de 3Clics Colombia SAS, somos una empresa formal registrada en Colombia con m\u00e1s de tres a\u00f1os de experiencia en la venta de c\u00f3digos de licencia digitales. Entregamos factura y todos nuestros productos est\u00e1n garantizados por nuestra empresa.<\/p>\n<div id=\"divtags\">\n<h1>Office 2021 Hogar y Empresas<\/h1>\n<h1>Office 2021 para Windows<\/h1>\n<h1>Office 2021 para Mac<\/h1>\n<h1>Software de oficina 2021<\/h1>\n<h1>Actualizaci\u00f3n de Office 2021<\/h1>\n<h1>Office 2021 licencia<\/h1>\n<h1>Herramientas de oficina 2021<\/h1>\n<h1>Compatibilidad Office 2021<\/h1>\n<h1>Funciones Office 2021<\/h1>\n<h1>Office 2021 Colombia<\/h1>\n<h1>Compra Office 2021<\/h1>\n<h1>Mejoras Office 2021<\/h1>\n<h1>Office 2021 Windows y Mac<\/h1>\n<h1>Microsoft Office 2021<\/h1>\n<h1>Ofim\u00e1tica 2021<\/h1>\n<h1>Oficina en casa 2021<\/h1>\n<\/div>\n","protected":false},"excerpt":{"rendered":"<p>Office Hogar y Empresas 2021 (tambi\u00e9n conocido como &#8220;Office Home And Business&#8221; en ingl\u00e9s) es la versi\u00f3n de Office recomendada por Microsoft para un uso continuo. Destaca por ser la \u00fanica licencia permanente que ofrecemos, compatible tanto con Windows como con Mac. Esto la convierte en la opci\u00f3n ideal para empresas que necesitan una licencia&#8230;<\/p>\n","protected":false},"featured_media":16650,"template":"","meta":{"_acf_changed":false},"product_brand":[],"product_cat":[1614],"product_tag":[],"class_list":{"0":"post-16676","1":"product","2":"type-product","3":"status-publish","4":"has-post-thumbnail","6":"product_cat-licencias-office","8":"first","9":"instock","10":"shipping-taxable","11":"purchasable","12":"product-type-simple"},"acf":[],"_links":{"self":[{"href":"https:\/\/compratucodigo.co\/index.php\/wp-json\/wp\/v2\/product\/16676","targetHints":{"allow":["GET"]}}],"collection":[{"href":"https:\/\/compratucodigo.co\/index.php\/wp-json\/wp\/v2\/product"}],"about":[{"href":"https:\/\/compratucodigo.co\/index.php\/wp-json\/wp\/v2\/types\/product"}],"wp:featuredmedia":[{"embeddable":true,"href":"https:\/\/compratucodigo.co\/index.php\/wp-json\/wp\/v2\/media\/16650"}],"wp:attachment":[{"href":"https:\/\/compratucodigo.co\/index.php\/wp-json\/wp\/v2\/media?parent=16676"}],"wp:term":[{"taxonomy":"product_brand","embeddable":true,"href":"https:\/\/compratucodigo.co\/index.php\/wp-json\/wp\/v2\/product_brand?post=16676"},{"taxonomy":"product_cat","embeddable":true,"href":"https:\/\/compratucodigo.co\/index.php\/wp-json\/wp\/v2\/product_cat?post=16676"},{"taxonomy":"product_tag","embeddable":true,"href":"https:\/\/compratucodigo.co\/index.php\/wp-json\/wp\/v2\/product_tag?post=16676"}],"curies":[{"name":"wp","href":"https:\/\/api.w.org\/{rel}","templated":true}]}}