{"id":16667,"date":"2022-10-27T10:10:43","date_gmt":"2022-10-27T15:10:43","guid":{"rendered":"https:\/\/compratucodigo.co\/?post_type=product&#038;p=16667"},"modified":"2024-05-31T12:18:20","modified_gmt":"2024-05-31T17:18:20","slug":"windows-server-2022-standard","status":"publish","type":"product","link":"https:\/\/compratucodigo.co\/index.php\/producto\/windows-server-2022-standard\/","title":{"rendered":"Windows Server 2022 Standard"},"content":{"rendered":"<p>Windows Server es la versi\u00f3n de Windows dise\u00f1ada espec\u00edficamente para su utilizaci\u00f3n en entornos de servidor. Estas versiones, aunque se basan en Windows, incorporan mayor seguridad y caracter\u00edsticas orientadas a un uso continuo y remoto.<\/p>\n<p>Windows Server Standard es la variante m\u00e1s popular de Windows Server, ya que incluye los elementos b\u00e1sicos necesarios para el funcionamiento del servidor. Esta licencia activa el sistema base de Windows Server de forma digital y aut\u00e9ntica.<\/p>\n<p><strong>Recomendado para:<\/strong><\/p>\n<p>&#8211; Empresas que necesiten un servidor basado en Windows en lugar de uno basado en Linux.<\/p>\n<p><strong>Env\u00edo del producto:<\/strong><\/p>\n<p>Una vez realizado el pago o la consignaci\u00f3n, recibir\u00e1 al instante su c\u00f3digo de licencia digital en su correo, junto con las instrucciones de instalaci\u00f3n y, si as\u00ed lo solicita, la factura.<\/p>\n<p><strong>Nuestra Empresa:<\/strong><\/p>\n<p>Compratucodigo es una marca de 3Clics Colombia SAS, somos una empresa formal registrada en Colombia con m\u00e1s de tres a\u00f1os de experiencia en la venta de c\u00f3digos de licencia digitales. Entregamos factura y todos nuestros productos est\u00e1n garantizados por nuestra empresa.<\/p>\n<div id=\"divtags\">\n<h1>Windows Server 2022 Standard<\/h1>\n<h1>Actualizaciones y caracter\u00edsticas<\/h1>\n<h1>Administraci\u00f3n de servidores<\/h1>\n<h1>Seguridad en servidores<\/h1>\n<h1>Optimizaci\u00f3n de rendimiento<\/h1>\n<h1>Configuraci\u00f3n de red en Windows Server<\/h1>\n<h1>Implementaci\u00f3n de roles y funciones<\/h1>\n<h1>Virtualizaci\u00f3n con Windows Server 2022<\/h1>\n<h1>Gesti\u00f3n de usuarios y permisos<\/h1>\n<h1>Resoluci\u00f3n de problemas en servidores<\/h1>\n<h1>Integraci\u00f3n con entornos empresariales<\/h1>\n<h1>Escalabilidad en Windows Server 2022<\/h1>\n<h1>Compatibilidad de aplicaciones<\/h1>\n<h1>Infraestructura como servicio (IaaS)<\/h1>\n<h1>Microsoft Azure y Windows Server 2022<\/h1>\n<h1>Implementaci\u00f3n de pol\u00edticas de grupo<\/h1>\n<\/div>\n","protected":false},"excerpt":{"rendered":"<p>Windows Server es la versi\u00f3n de Windows dise\u00f1ada espec\u00edficamente para su utilizaci\u00f3n en entornos de servidor. Estas versiones, aunque se basan en Windows, incorporan mayor seguridad y caracter\u00edsticas orientadas a un uso continuo y remoto. Windows Server Standard es la variante m\u00e1s popular de Windows Server, ya que incluye los elementos b\u00e1sicos necesarios para el&#8230;<\/p>\n","protected":false},"featured_media":16654,"template":"","meta":{"_acf_changed":false},"product_brand":[],"product_cat":[15],"product_tag":[],"class_list":{"0":"post-16667","1":"product","2":"type-product","3":"status-publish","4":"has-post-thumbnail","6":"product_cat-licencias-windows","8":"first","9":"instock","10":"shipping-taxable","11":"purchasable","12":"product-type-simple"},"acf":[],"_links":{"self":[{"href":"https:\/\/compratucodigo.co\/index.php\/wp-json\/wp\/v2\/product\/16667","targetHints":{"allow":["GET"]}}],"collection":[{"href":"https:\/\/compratucodigo.co\/index.php\/wp-json\/wp\/v2\/product"}],"about":[{"href":"https:\/\/compratucodigo.co\/index.php\/wp-json\/wp\/v2\/types\/product"}],"wp:featuredmedia":[{"embeddable":true,"href":"https:\/\/compratucodigo.co\/index.php\/wp-json\/wp\/v2\/media\/16654"}],"wp:attachment":[{"href":"https:\/\/compratucodigo.co\/index.php\/wp-json\/wp\/v2\/media?parent=16667"}],"wp:term":[{"taxonomy":"product_brand","embeddable":true,"href":"https:\/\/compratucodigo.co\/index.php\/wp-json\/wp\/v2\/product_brand?post=16667"},{"taxonomy":"product_cat","embeddable":true,"href":"https:\/\/compratucodigo.co\/index.php\/wp-json\/wp\/v2\/product_cat?post=16667"},{"taxonomy":"product_tag","embeddable":true,"href":"https:\/\/compratucodigo.co\/index.php\/wp-json\/wp\/v2\/product_tag?post=16667"}],"curies":[{"name":"wp","href":"https:\/\/api.w.org\/{rel}","templated":true}]}}