{"id":16664,"date":"2022-10-27T10:09:06","date_gmt":"2022-10-27T15:09:06","guid":{"rendered":"https:\/\/compratucodigo.co\/?post_type=product&#038;p=16664"},"modified":"2024-05-31T12:05:53","modified_gmt":"2024-05-31T17:05:53","slug":"microsoft-access-2021","status":"publish","type":"product","link":"https:\/\/compratucodigo.co\/index.php\/producto\/microsoft-access-2021\/","title":{"rendered":"Microsoft Access 2021"},"content":{"rendered":"<p>Access es una aplicaci\u00f3n de la suite de Office que se utiliza com\u00fanmente para visualizar y editar bases de datos. Puedes adquirir este programa tanto como parte de un paquete completo o de manera independiente. En ocasiones, las versiones m\u00e1s ligeras de Office, como Home and Student o Home and Business, no incluyen Access. Por lo tanto, obtener una licencia de Access te permite instalarlo por separado, de manera similar a como puedes hacerlo con programas como Visio y Project.<\/p>\n<p>Esta versi\u00f3n de Access es compatible \u00fanicamente con Office 2021. Si tienes Office 2019 sin Access, te recomendamos optar por Access 2019.<\/p>\n<p><strong>Recomendado para:<\/strong><\/p>\n<ul>\n<li>Personas que ya han adquirido una suscripci\u00f3n o licencia de Office pero que no cuentan con Access.<\/li>\n<li>Personas que solo necesitan Access y no requieren ning\u00fan otro programa de Office.<\/li>\n<\/ul>\n<p><strong>Instalaci\u00f3n del producto:<\/strong><\/p>\n<p>Si ya tienes Office, puedes agregar Access como una aplicaci\u00f3n independiente durante el proceso de instalaci\u00f3n.<\/p>\n<p><strong>Env\u00edo del producto:<\/strong><\/p>\n<p>Una vez realizado el pago o la consignaci\u00f3n, recibir\u00e1s al instante tu c\u00f3digo de licencia digital en tu correo electr\u00f3nico, junto con las instrucciones de instalaci\u00f3n y la factura, en caso de que la necesites.<\/p>\n<p><strong>Nuestra Empresa:<\/strong><\/p>\n<p>Compratucodigo es una marca de 3Clics Colombia SAS, somos una empresa formal registrada en Colombia con m\u00e1s de tres a\u00f1os de experiencia en la venta de c\u00f3digos de licencia digitales. Entregamos factura y todos nuestros productos est\u00e1n garantizados por nuestra empresa.<\/p>\n<div id=\"divtags\">\n<h1>Microsoft Access 2021<\/h1>\n<h1>Base de datos<\/h1>\n<h1>Desarrollo de aplicaciones<\/h1>\n<h1>Software de gesti\u00f3n de datos<\/h1>\n<h1>Gesti\u00f3n de informaci\u00f3n<\/h1>\n<h1>Microsoft Office<\/h1>\n<h1>Herramienta de bases de datos<\/h1>\n<h1>Gesti\u00f3n empresarial<\/h1>\n<h1>Aplicaciones de escritorio<\/h1>\n<h1>Programa de bases de datos<\/h1>\n<h1>Sistemas de gesti\u00f3n de datos<\/h1>\n<h1>Microsoft Access en Colombia<\/h1>\n<h1>Interfaz de usuario<\/h1>\n<h1>Desarrollo de software empresarial<\/h1>\n<h1>Automatizaci\u00f3n de procesos<\/h1>\n<h1>Integraci\u00f3n de datos<\/h1>\n<\/div>\n","protected":false},"excerpt":{"rendered":"<p>Access es una aplicaci\u00f3n de la suite de Office que se utiliza com\u00fanmente para visualizar y editar bases de datos. Puedes adquirir este programa tanto como parte de un paquete completo o de manera independiente. En ocasiones, las versiones m\u00e1s ligeras de Office, como Home and Student o Home and Business, no incluyen Access. Por&#8230;<\/p>\n","protected":false},"featured_media":16660,"template":"","meta":{"_acf_changed":false},"product_brand":[],"product_cat":[1614],"product_tag":[],"class_list":{"0":"post-16664","1":"product","2":"type-product","3":"status-publish","4":"has-post-thumbnail","6":"product_cat-licencias-office","8":"first","9":"instock","10":"shipping-taxable","11":"purchasable","12":"product-type-simple"},"acf":[],"_links":{"self":[{"href":"https:\/\/compratucodigo.co\/index.php\/wp-json\/wp\/v2\/product\/16664","targetHints":{"allow":["GET"]}}],"collection":[{"href":"https:\/\/compratucodigo.co\/index.php\/wp-json\/wp\/v2\/product"}],"about":[{"href":"https:\/\/compratucodigo.co\/index.php\/wp-json\/wp\/v2\/types\/product"}],"wp:featuredmedia":[{"embeddable":true,"href":"https:\/\/compratucodigo.co\/index.php\/wp-json\/wp\/v2\/media\/16660"}],"wp:attachment":[{"href":"https:\/\/compratucodigo.co\/index.php\/wp-json\/wp\/v2\/media?parent=16664"}],"wp:term":[{"taxonomy":"product_brand","embeddable":true,"href":"https:\/\/compratucodigo.co\/index.php\/wp-json\/wp\/v2\/product_brand?post=16664"},{"taxonomy":"product_cat","embeddable":true,"href":"https:\/\/compratucodigo.co\/index.php\/wp-json\/wp\/v2\/product_cat?post=16664"},{"taxonomy":"product_tag","embeddable":true,"href":"https:\/\/compratucodigo.co\/index.php\/wp-json\/wp\/v2\/product_tag?post=16664"}],"curies":[{"name":"wp","href":"https:\/\/api.w.org\/{rel}","templated":true}]}}