{"id":16661,"date":"2022-10-27T10:03:47","date_gmt":"2022-10-27T15:03:47","guid":{"rendered":"https:\/\/compratucodigo.co\/?post_type=product&#038;p=16661"},"modified":"2026-01-06T10:17:37","modified_gmt":"2026-01-06T15:17:37","slug":"microsoft-visio-2021","status":"publish","type":"product","link":"https:\/\/compratucodigo.co\/index.php\/producto\/microsoft-visio-2021\/","title":{"rendered":"Microsoft Visio 2021 (Reinstalable)"},"content":{"rendered":"<p>Visio 2021 es un programa adicional de la suite de Office y se vende por separado. Est\u00e1 dise\u00f1ado para la creaci\u00f3n de gr\u00e1ficos vectoriales.<\/p>\n<p>Esta edici\u00f3n de Visio, conocida como &#8220;Pro&#8221;, incluye todas las funciones disponibles en el software.<\/p>\n<p><strong>Recomendado para:<\/strong><\/p>\n<p>&#8211; Cualquier persona que est\u00e9 interesada en adquirir Visio.<br \/>\n&#8211; Personas que necesiten utilizar Visio como programa independiente y no deseen una suscripci\u00f3n.<\/p>\n<p><strong>Instalaci\u00f3n del producto:<\/strong><\/p>\n<p>Si ya cuenta con Office, puede instalar Visio junto a su suite actual; se instalar\u00e1 como una aplicaci\u00f3n independiente.<\/p>\n<p><strong>Env\u00edo del producto:<\/strong><\/p>\n<p>Una vez realizado el pago o la consignaci\u00f3n, recibir\u00e1 al instante en su correo electr\u00f3nico el c\u00f3digo de licencia digital junto con las instrucciones de instalaci\u00f3n. Tambi\u00e9n se le enviar\u00e1 la factura si as\u00ed lo solicita.<\/p>\n<p><strong>Nuestra Empresa:<\/strong><\/p>\n<p>Compratucodigo es una marca de 3Clics Colombia SAS, somos una empresa formal registrada en Colombia con m\u00e1s de tres a\u00f1os de experiencia en la venta de c\u00f3digos de licencia digitales. Entregamos factura y todos nuestros productos est\u00e1n garantizados por nuestra empresa.<\/p>\n<div id=\"divtags\">\n<h1>Microsoft Visio 2021<\/h1>\n<h1>Descargar Visio 2021<\/h1>\n<h1>Herramienta de diagramaci\u00f3n<\/h1>\n<h1>Crear diagramas en Visio 2021<\/h1>\n<h1>Flujogramas con Visio 2021<\/h1>\n<h1>Visio 2021 para Windows<\/h1>\n<h1>Diagramas profesionales con Visio 2021<\/h1>\n<h1>Tutorial de Microsoft Visio 2021<\/h1>\n<h1>Plantillas Visio 2021<\/h1>\n<h1>Compatibilidad de archivos en Visio 2021<\/h1>\n<h1>Visio 2021 para equipos colaborativos<\/h1>\n<h1>Comprar Microsoft Visio 2021<\/h1>\n<h1>Integraci\u00f3n con Microsoft Office 365<\/h1>\n<h1>Comparativa Visio 2021 vs. versiones anteriores<\/h1>\n<h1>Mejoras en Visio 2021<\/h1>\n<h1>Opiniones sobre Microsoft Visio 2021<\/h1>\n<\/div>\n","protected":false},"excerpt":{"rendered":"<p>Visio 2021 es un programa adicional de la suite de Office y se vende por separado. Est\u00e1 dise\u00f1ado para la creaci\u00f3n de gr\u00e1ficos vectoriales. Esta edici\u00f3n de Visio, conocida como &#8220;Pro&#8221;, incluye todas las funciones disponibles en el software. Recomendado para: &#8211; Cualquier persona que est\u00e9 interesada en adquirir Visio. &#8211; Personas que necesiten utilizar&#8230;<\/p>\n","protected":false},"featured_media":16655,"template":"","meta":{"_acf_changed":false},"product_brand":[],"product_cat":[1614],"product_tag":[],"class_list":{"0":"post-16661","1":"product","2":"type-product","3":"status-publish","4":"has-post-thumbnail","6":"product_cat-licencias-office","8":"first","9":"instock","10":"shipping-taxable","11":"purchasable","12":"product-type-simple"},"acf":[],"_links":{"self":[{"href":"https:\/\/compratucodigo.co\/index.php\/wp-json\/wp\/v2\/product\/16661","targetHints":{"allow":["GET"]}}],"collection":[{"href":"https:\/\/compratucodigo.co\/index.php\/wp-json\/wp\/v2\/product"}],"about":[{"href":"https:\/\/compratucodigo.co\/index.php\/wp-json\/wp\/v2\/types\/product"}],"wp:featuredmedia":[{"embeddable":true,"href":"https:\/\/compratucodigo.co\/index.php\/wp-json\/wp\/v2\/media\/16655"}],"wp:attachment":[{"href":"https:\/\/compratucodigo.co\/index.php\/wp-json\/wp\/v2\/media?parent=16661"}],"wp:term":[{"taxonomy":"product_brand","embeddable":true,"href":"https:\/\/compratucodigo.co\/index.php\/wp-json\/wp\/v2\/product_brand?post=16661"},{"taxonomy":"product_cat","embeddable":true,"href":"https:\/\/compratucodigo.co\/index.php\/wp-json\/wp\/v2\/product_cat?post=16661"},{"taxonomy":"product_tag","embeddable":true,"href":"https:\/\/compratucodigo.co\/index.php\/wp-json\/wp\/v2\/product_tag?post=16661"}],"curies":[{"name":"wp","href":"https:\/\/api.w.org\/{rel}","templated":true}]}}