{"id":16644,"date":"2022-10-27T10:01:16","date_gmt":"2022-10-27T15:01:16","guid":{"rendered":"https:\/\/compratucodigo.co\/?post_type=product&#038;p=16644"},"modified":"2024-05-31T12:06:23","modified_gmt":"2024-05-31T17:06:23","slug":"microsoft-project-pro-2021","status":"publish","type":"product","link":"https:\/\/compratucodigo.co\/index.php\/producto\/microsoft-project-pro-2021\/","title":{"rendered":"Microsoft Project Pro 2021"},"content":{"rendered":"<p>Project 2021 es un programa adicional de Office que se vende por separado. Permite la creaci\u00f3n de Cartas Gantt, mapas conceptuales y otra informaci\u00f3n \u00fatil para personas dedicadas a la administraci\u00f3n.<\/p>\n<p>Esta versi\u00f3n de Project es la &#8220;Pro&#8221;, que incluye todas las caracter\u00edsticas del software.<\/p>\n<p><strong>Recomendado para:<\/strong><\/p>\n<p>&#8211; Cualquier persona que necesite adquirir Project.<br \/>\n&#8211; Personas que necesiten utilizar Project como programa independiente, sin necesidad de una suscripci\u00f3n.<\/p>\n<p><strong>Instalaci\u00f3n del producto:<\/strong><\/p>\n<p>Si ya tiene Office, puede instalar Project junto a su versi\u00f3n actual; se instala como un programa independiente.<\/p>\n<p><strong>Env\u00edo del producto:<\/strong><\/p>\n<p>Despu\u00e9s de realizar su pago o consignaci\u00f3n, recibir\u00e1 su c\u00f3digo de licencia digital de inmediato en su correo, junto con las instrucciones de instalaci\u00f3n y la factura si as\u00ed lo solicita.<\/p>\n<p><strong>Nuestra Empresa:<\/strong><\/p>\n<p>Compratucodigo es una marca de 3Clics Colombia SAS, somos una empresa formal registrada en Colombia con m\u00e1s de tres a\u00f1os de experiencia en la venta de c\u00f3digos de licencia digitales. Entregamos factura y todos nuestros productos est\u00e1n garantizados por nuestra empresa.<\/p>\n<div id=\"divtags\">\n<h1>Microsoft Project Pro 2021<\/h1>\n<h1>Herramienta de gesti\u00f3n de proyectos<\/h1>\n<h1>Software de planificaci\u00f3n de proyectos<\/h1>\n<h1>Mejoras en Microsoft Project Pro 2021<\/h1>\n<h1>Actualizaci\u00f3n de Microsoft Project Pro<\/h1>\n<h1>Caracter\u00edsticas de Microsoft Project Pro 2021<\/h1>\n<h1>Optimizaci\u00f3n de proyectos con Microsoft Project Pro<\/h1>\n<h1>Gesti\u00f3n de tareas con Microsoft Project Pro 2021<\/h1>\n<h1>Control de proyectos con Microsoft Project Pro<\/h1>\n<h1>Planificaci\u00f3n eficiente con Microsoft Project Pro<\/h1>\n<h1>Compatibilidad de Microsoft Project Pro 2021<\/h1>\n<h1>Integraci\u00f3n con otras herramientas empresariales<\/h1>\n<h1>Proyectos colaborativos con Microsoft Project Pro<\/h1>\n<h1>Tutorial de Microsoft Project Pro 2021<\/h1>\n<h1>Configuraci\u00f3n de Microsoft Project Pro<\/h1>\n<h1>Descarga de Microsoft Project Pro 2021<\/h1>\n<\/div>\n","protected":false},"excerpt":{"rendered":"<p>Project 2021 es un programa adicional de Office que se vende por separado. Permite la creaci\u00f3n de Cartas Gantt, mapas conceptuales y otra informaci\u00f3n \u00fatil para personas dedicadas a la administraci\u00f3n. Esta versi\u00f3n de Project es la &#8220;Pro&#8221;, que incluye todas las caracter\u00edsticas del software. Recomendado para: &#8211; Cualquier persona que necesite adquirir Project. &#8211;&#8230;<\/p>\n","protected":false},"featured_media":16651,"template":"","meta":{"_acf_changed":false},"product_brand":[],"product_cat":[1614],"product_tag":[],"class_list":{"0":"post-16644","1":"product","2":"type-product","3":"status-publish","4":"has-post-thumbnail","6":"product_cat-licencias-office","8":"first","9":"instock","10":"shipping-taxable","11":"purchasable","12":"product-type-simple"},"acf":[],"_links":{"self":[{"href":"https:\/\/compratucodigo.co\/index.php\/wp-json\/wp\/v2\/product\/16644","targetHints":{"allow":["GET"]}}],"collection":[{"href":"https:\/\/compratucodigo.co\/index.php\/wp-json\/wp\/v2\/product"}],"about":[{"href":"https:\/\/compratucodigo.co\/index.php\/wp-json\/wp\/v2\/types\/product"}],"wp:featuredmedia":[{"embeddable":true,"href":"https:\/\/compratucodigo.co\/index.php\/wp-json\/wp\/v2\/media\/16651"}],"wp:attachment":[{"href":"https:\/\/compratucodigo.co\/index.php\/wp-json\/wp\/v2\/media?parent=16644"}],"wp:term":[{"taxonomy":"product_brand","embeddable":true,"href":"https:\/\/compratucodigo.co\/index.php\/wp-json\/wp\/v2\/product_brand?post=16644"},{"taxonomy":"product_cat","embeddable":true,"href":"https:\/\/compratucodigo.co\/index.php\/wp-json\/wp\/v2\/product_cat?post=16644"},{"taxonomy":"product_tag","embeddable":true,"href":"https:\/\/compratucodigo.co\/index.php\/wp-json\/wp\/v2\/product_tag?post=16644"}],"curies":[{"name":"wp","href":"https:\/\/api.w.org\/{rel}","templated":true}]}}