{"id":15051,"date":"2022-04-14T20:08:01","date_gmt":"2022-04-15T00:08:01","guid":{"rendered":"https:\/\/colombia3.srtv.cl\/?post_type=product&#038;p=15051"},"modified":"2023-10-24T16:32:43","modified_gmt":"2023-10-24T21:32:43","slug":"licencia-winrar","status":"publish","type":"product","link":"https:\/\/compratucodigo.co\/index.php\/producto\/licencia-winrar\/","title":{"rendered":"Licencia Winrar Personal"},"content":{"rendered":"<p>WinRAR es un potente programa compresor y des-compresor de datos multi-funci\u00f3n desarrollado por RarLab, una herramienta indispensable para ahorra espacio de almacenamiento y tiempo de transmisi\u00f3n al enviar y recibir archivos a trav\u00e9s de Internet o al realizar copias de seguridad.<\/p>\n","protected":false},"excerpt":{"rendered":"<p>Ideal para personas que busquen activar Winrar a bajo costo.<\/p>\n","protected":false},"featured_media":15052,"template":"","meta":{"_acf_changed":false},"product_brand":[],"product_cat":[1623],"product_tag":[],"class_list":{"0":"post-15051","1":"product","2":"type-product","3":"status-publish","4":"has-post-thumbnail","6":"product_cat-otros-softwares","8":"first","9":"instock","10":"shipping-taxable","11":"purchasable","12":"product-type-variable","13":"has-default-attributes"},"acf":[],"_links":{"self":[{"href":"https:\/\/compratucodigo.co\/index.php\/wp-json\/wp\/v2\/product\/15051","targetHints":{"allow":["GET"]}}],"collection":[{"href":"https:\/\/compratucodigo.co\/index.php\/wp-json\/wp\/v2\/product"}],"about":[{"href":"https:\/\/compratucodigo.co\/index.php\/wp-json\/wp\/v2\/types\/product"}],"wp:featuredmedia":[{"embeddable":true,"href":"https:\/\/compratucodigo.co\/index.php\/wp-json\/wp\/v2\/media\/15052"}],"wp:attachment":[{"href":"https:\/\/compratucodigo.co\/index.php\/wp-json\/wp\/v2\/media?parent=15051"}],"wp:term":[{"taxonomy":"product_brand","embeddable":true,"href":"https:\/\/compratucodigo.co\/index.php\/wp-json\/wp\/v2\/product_brand?post=15051"},{"taxonomy":"product_cat","embeddable":true,"href":"https:\/\/compratucodigo.co\/index.php\/wp-json\/wp\/v2\/product_cat?post=15051"},{"taxonomy":"product_tag","embeddable":true,"href":"https:\/\/compratucodigo.co\/index.php\/wp-json\/wp\/v2\/product_tag?post=15051"}],"curies":[{"name":"wp","href":"https:\/\/api.w.org\/{rel}","templated":true}]}}