{"id":15049,"date":"2022-04-13T18:57:45","date_gmt":"2022-04-13T22:57:45","guid":{"rendered":"https:\/\/colombia3.srtv.cl\/?post_type=product&#038;p=15049"},"modified":"2024-11-22T17:23:04","modified_gmt":"2024-11-22T22:23:04","slug":"editor-de-pdf-flexipdf-2022-professional","status":"publish","type":"product","link":"https:\/\/compratucodigo.co\/index.php\/producto\/editor-de-pdf-flexipdf-2022-professional\/","title":{"rendered":"Editor de PDF FlexiPDF 2025 Professional"},"content":{"rendered":"<p>FlexiPDF 2025 Professional es la herramienta esencial para quienes buscan editar documentos PDF con la misma facilidad que en un procesador de texto. Con una interfaz intuitiva y una amplia gama de funciones avanzadas, FlexiPDF 2025 permite a los usuarios crear, editar, formatear, y reorganizar textos, im\u00e1genes y p\u00e1ginas en cualquier documento PDF. Adem\u00e1s, incluye capacidades para la conversi\u00f3n precisa de documentos PDF a formatos de texto como Word, facilitando la edici\u00f3n y reutilizaci\u00f3n del contenido. Los usuarios tambi\u00e9n pueden proteger documentos con encriptaci\u00f3n y permisos, y realizar anotaciones detalladas para colaboraciones efectivas.<\/p>\n<p>FlexiPDF 2025 es la \u00faltima versi\u00f3n que reemplaza a FlexiPDF 2022, con las \u00faltimas funciones del software.<\/p>\n<p><strong>Compatibilidad:<\/strong><\/p>\n<ul>\n<li>FlexiPDF 2025 Professional es compatible con los sistemas operativos Windows 10 y Windows 11, asegurando una integraci\u00f3n perfecta con las \u00faltimas tecnolog\u00edas y actualizaciones de Microsoft. Tambi\u00e9n ofrece soporte para la mayor\u00eda de los est\u00e1ndares PDF, incluyendo PDF\/A para archivado a largo plazo.<\/li>\n<\/ul>\n<p><strong>Requisitos de Instalaci\u00f3n:<\/strong><\/p>\n<ul>\n<li>Sistema Operativo: Windows 10, Windows 11.<\/li>\n<li>Procesador: Intel\u00ae Pentium\u00ae IV o superior, o equivalente AMD.<\/li>\n<li>Memoria RAM: M\u00ednimo 2 GB (se recomiendan 4 GB o m\u00e1s).<\/li>\n<li>Espacio en Disco Duro: 500 MB de espacio libre para instalaci\u00f3n y almacenamiento adicional para el funcionamiento.<\/li>\n<li>Otros: Conexi\u00f3n a Internet requerida para la activaci\u00f3n del producto y actualizaciones.<\/li>\n<\/ul>\n<p><b>Empresa<\/b><\/p>\n<p>Compratucodigo es una marca de 3Clics Colombia SAS, somos una empresa formal registrada en Colombia con m\u00e1s de tres a\u00f1os de experiencia en la venta de c\u00f3digos de licencia digitales. Entregamos factura y todos nuestros productos est\u00e1n garantizados por nuestra empresa.<\/p>\n<div id=\"divtags\">\n<h1>Editor de PDF FlexiPDF 2025 Professional<\/h1>\n<h1>Descargar FlexiPDF 2025 Professional<\/h1>\n<h1>Funciones avanzadas FlexiPDF 2025<\/h1>\n<h1>Mejor editor de PDF 2025<\/h1>\n<h1>Editar PDF con FlexiPDF 2025<\/h1>\n<h1>FlexiPDF Professional caracter\u00edsticas<\/h1>\n<h1>C\u00f3mo usar FlexiPDF 2025<\/h1>\n<h1>FlexiPDF Professional rese\u00f1as<\/h1>\n<h1>FlexiPDF 2025 licencia profesional<\/h1>\n<h1>Crear y editar PDF FlexiPDF<\/h1>\n<h1>Software PDF profesional 2025<\/h1>\n<h1>Comparativa de editores de PDF 2025<\/h1>\n<h1>FlexiPDF Professional para empresas<\/h1>\n<h1>FlexiPDF 2025 edici\u00f3n profesional<\/h1>\n<h1>Convertir documentos a PDF FlexiPDF<\/h1>\n<h1>FlexiPDF 2025 en espa\u00f1ol<\/h1>\n<\/div>\n","protected":false},"excerpt":{"rendered":"<p>-Editor de PDF Multi-Funcional, licencia para tres dispositivos.<br \/>\n-Apto para uso comercial en empresas e instituciones<br \/>\n-Permite editar un PDF tal y como si fuera un documento de Word, as\u00ed como editar p\u00e1rrafos y p\u00e1ginas con facilidad.\u00e7<br \/>\n-Puede subir im\u00e1genes a un PDF, as\u00ed como cambiar texto, fuentes y crear enlaces.<br \/>\n-Puede crear formularios auto-llenables<br \/>\n-Convierte PDF al formato que desees, incluyendo Word, Libreoffice o EPUB, as\u00ed como tambi\u00e9n a formatos de im\u00e1gen.<br \/>\n-Funciona en Windows 10, Windows 7, Windows 8, Windows 8.1 y Windows Vista<\/p>\n","protected":false},"featured_media":20067,"template":"","meta":{"_acf_changed":false},"product_brand":[],"product_cat":[1622],"product_tag":[],"class_list":{"0":"post-15049","1":"product","2":"type-product","3":"status-publish","4":"has-post-thumbnail","6":"product_cat-editor-de-pdf","8":"first","9":"instock","10":"shipping-taxable","11":"purchasable","12":"product-type-simple"},"acf":[],"_links":{"self":[{"href":"https:\/\/compratucodigo.co\/index.php\/wp-json\/wp\/v2\/product\/15049","targetHints":{"allow":["GET"]}}],"collection":[{"href":"https:\/\/compratucodigo.co\/index.php\/wp-json\/wp\/v2\/product"}],"about":[{"href":"https:\/\/compratucodigo.co\/index.php\/wp-json\/wp\/v2\/types\/product"}],"wp:featuredmedia":[{"embeddable":true,"href":"https:\/\/compratucodigo.co\/index.php\/wp-json\/wp\/v2\/media\/20067"}],"wp:attachment":[{"href":"https:\/\/compratucodigo.co\/index.php\/wp-json\/wp\/v2\/media?parent=15049"}],"wp:term":[{"taxonomy":"product_brand","embeddable":true,"href":"https:\/\/compratucodigo.co\/index.php\/wp-json\/wp\/v2\/product_brand?post=15049"},{"taxonomy":"product_cat","embeddable":true,"href":"https:\/\/compratucodigo.co\/index.php\/wp-json\/wp\/v2\/product_cat?post=15049"},{"taxonomy":"product_tag","embeddable":true,"href":"https:\/\/compratucodigo.co\/index.php\/wp-json\/wp\/v2\/product_tag?post=15049"}],"curies":[{"name":"wp","href":"https:\/\/api.w.org\/{rel}","templated":true}]}}