{"id":15029,"date":"2022-04-13T18:19:56","date_gmt":"2022-04-13T22:19:56","guid":{"rendered":"https:\/\/colombia3.srtv.cl\/?post_type=product&#038;p=15029"},"modified":"2024-05-31T12:41:35","modified_gmt":"2024-05-31T17:41:35","slug":"antivirus-eset-nod-32-1-dispositivo-por-1-ano","status":"publish","type":"product","link":"https:\/\/compratucodigo.co\/index.php\/producto\/antivirus-eset-nod-32-1-dispositivo-por-1-ano\/","title":{"rendered":"Antivirus ESET NOD 32 1 dispositivo por 1 a\u00f1o"},"content":{"rendered":"<p>El antivirus ESET NOD32 se destaca como uno de los programas anti-malware m\u00e1s efectivos y populares en el mercado. Una de sus virtudes m\u00e1s notables es la disponibilidad de funciones exclusivas que van m\u00e1s all\u00e1 del mecanismo b\u00e1sico de los antivirus convencionales. Adem\u00e1s, este programa logra mantener un equilibrio entre protecci\u00f3n, velocidad, detecci\u00f3n y usabilidad, lo cual ha ganado la preferencia de un gran n\u00famero de usuarios.<\/p>\n<p>ESET NOD32 protege tus dispositivos contra una amplia gama de amenazas, incluyendo malware, ransomware, rootkits, gusanos (troyanos) y spyware. En este sentido, se destaca por su amplia protecci\u00f3n. Lo mejor es que el programa no afecta las actividades del usuario mientras est\u00e1 en uso, permiti\u00e9ndote navegar, trabajar, jugar o escuchar m\u00fasica sin interrupciones.<\/p>\n<p>Sin embargo, lo m\u00e1s impresionante del antivirus ESET NOD32 es su sistema de detecci\u00f3n de intrusos en un host (HIDS por sus siglas en ingl\u00e9s), un mecanismo preventivo que identifica posibles amenazas y se asegura de que no puedan penetrar en el sistema. Por lo tanto, el programa antivirus desarrollado por ESET pone un fuerte \u00e9nfasis en la prevenci\u00f3n, anticip\u00e1ndose audazmente a las anomal\u00edas y amenazas ocultas.<\/p>\n<p><strong>Env\u00edo del producto:<\/strong><\/p>\n<p>Despu\u00e9s de completar su pago o consignaci\u00f3n, recibir\u00e1 de inmediato el c\u00f3digo de licencia digital en su correo electr\u00f3nico. Junto con \u00e9l, tambi\u00e9n recibir\u00e1 instrucciones detalladas para la instalaci\u00f3n y, si lo solicita, la factura correspondiente.<\/p>\n<p><strong>Nuestra Empresa:<\/strong><\/p>\n<p>Compratucodigo es una marca de 3Clics Colombia SAS, somos una empresa formal registrada en Colombia con m\u00e1s de tres a\u00f1os de experiencia en la venta de c\u00f3digos de licencia digitales. Entregamos factura y todos nuestros productos est\u00e1n garantizados por nuestra empresa.<\/p>\n<div id=\"divtags\">\n<h1>Antivirus ESET NOD32<\/h1>\n<h1>Antivirus ESET 1 dispositivo<\/h1>\n<h1>ESET NOD32 para Colombia<\/h1>\n<h1>Antivirus ESET en espa\u00f1ol<\/h1>\n<h1>Protecci\u00f3n contra malware con ESET NOD32<\/h1>\n<h1>Compra antivirus ESET en Colombia<\/h1>\n<h1>Oferta ESET NOD32 1 a\u00f1o<\/h1>\n<h1>Mejor antivirus ESET NOD32<\/h1>\n<h1>Seguridad inform\u00e1tica con ESET NOD32<\/h1>\n<h1>ESET NOD32 para PC en Colombia<\/h1>\n<h1>Antivirus confiable ESET NOD32<\/h1>\n<h1>Renovaci\u00f3n ESET NOD32 1 dispositivo<\/h1>\n<h1>Protege tu dispositivo con ESET NOD32<\/h1>\n<h1>Compra seguro con ESET NOD32 en Colombia<\/h1>\n<h1>ESET NOD32: antivirus l\u00edder en Colombia<\/h1>\n<h1>Rese\u00f1as de ESET NOD32 en Colombia<\/h1>\n<\/div>\n","protected":false},"excerpt":{"rendered":"<p>Licencia para activar el antivirus ESET<br \/>\nV\u00e1lida para 1 PC por un a\u00f1o<br \/>\nDescarga el programa desde la p\u00e1gina oficial.<br \/>\nTodos nuestros productos son originales y cuentan con garant\u00eda y soporte t\u00e9cnico.<br \/>\n<b>Entrega inmediata directo a su correo electr\u00f3nico junto con el manual de instalaci\u00f3n<\/b><\/p>\n","protected":false},"featured_media":15030,"template":"","meta":{"_acf_changed":false},"product_brand":[],"product_cat":[1616,1615],"product_tag":[],"class_list":{"0":"post-15029","1":"product","2":"type-product","3":"status-publish","4":"has-post-thumbnail","6":"product_cat-antivirus-eset","7":"product_cat-licencias-antivirus","9":"first","10":"instock","11":"featured","12":"shipping-taxable","13":"purchasable","14":"product-type-simple"},"acf":[],"_links":{"self":[{"href":"https:\/\/compratucodigo.co\/index.php\/wp-json\/wp\/v2\/product\/15029","targetHints":{"allow":["GET"]}}],"collection":[{"href":"https:\/\/compratucodigo.co\/index.php\/wp-json\/wp\/v2\/product"}],"about":[{"href":"https:\/\/compratucodigo.co\/index.php\/wp-json\/wp\/v2\/types\/product"}],"wp:featuredmedia":[{"embeddable":true,"href":"https:\/\/compratucodigo.co\/index.php\/wp-json\/wp\/v2\/media\/15030"}],"wp:attachment":[{"href":"https:\/\/compratucodigo.co\/index.php\/wp-json\/wp\/v2\/media?parent=15029"}],"wp:term":[{"taxonomy":"product_brand","embeddable":true,"href":"https:\/\/compratucodigo.co\/index.php\/wp-json\/wp\/v2\/product_brand?post=15029"},{"taxonomy":"product_cat","embeddable":true,"href":"https:\/\/compratucodigo.co\/index.php\/wp-json\/wp\/v2\/product_cat?post=15029"},{"taxonomy":"product_tag","embeddable":true,"href":"https:\/\/compratucodigo.co\/index.php\/wp-json\/wp\/v2\/product_tag?post=15029"}],"curies":[{"name":"wp","href":"https:\/\/api.w.org\/{rel}","templated":true}]}}