{"id":15022,"date":"2022-04-13T18:14:09","date_gmt":"2022-04-13T22:14:09","guid":{"rendered":"https:\/\/colombia3.srtv.cl\/?post_type=product&#038;p=15022"},"modified":"2024-04-23T11:25:39","modified_gmt":"2024-04-23T16:25:39","slug":"antivirus-eset-smart-security-1-dispositivo-por-1-ano","status":"publish","type":"product","link":"https:\/\/compratucodigo.co\/index.php\/producto\/antivirus-eset-smart-security-1-dispositivo-por-1-ano\/","title":{"rendered":"Antivirus ESET Smart Security 1 dispositivo por 1 a\u00f1o"},"content":{"rendered":"<p><span data-contrast=\"auto\">ESET Smart Security ofrece una soluci\u00f3n avanzada para mantener su dispositivo seguro frente a virus, malware, ransomware y otras amenazas online. Este potente antivirus combina la detecci\u00f3n proactiva con una variedad de herramientas de seguridad, como un firewall personal, protecci\u00f3n antispam y un m\u00f3dulo de banca y pago seguro, para garantizar una experiencia en l\u00ednea segura y privada. Adem\u00e1s ESET Smart Security no solo protege su informaci\u00f3n personal y datos sensibles, sino que tambi\u00e9n mejora el rendimiento de su equipo al minimizar el uso de recursos.<\/span><span data-ccp-props=\"{}\">\u00a0<\/span><\/p>\n<p><b><span data-contrast=\"auto\">Compatibilidad: <\/span><\/b><span data-ccp-props=\"{}\">\u00a0<\/span><\/p>\n<p><span data-contrast=\"auto\">ESET Smart Security es compatible con sistemas operativos Windows, incluyendo Windows 8, 10 y 11.\u00a0<\/span><span data-ccp-props=\"{}\">\u00a0<\/span><\/p>\n<p><b><span data-contrast=\"auto\">Requisitos de Instalaci\u00f3n:\u00a0<\/span><\/b><span data-ccp-props=\"{}\">\u00a0<\/span><\/p>\n<p><span data-contrast=\"auto\">Para asegurar un rendimiento \u00f3ptimo, los requisitos m\u00ednimos de instalaci\u00f3n incluyen:<\/span><span data-ccp-props=\"{}\">\u00a0<\/span><\/p>\n<ul>\n<li data-leveltext=\"\uf0b7\" data-font=\"Symbol\" data-listid=\"3\" data-list-defn-props=\"{&quot;335552541&quot;:1,&quot;335559685&quot;:720,&quot;335559991&quot;:360,&quot;469769226&quot;:&quot;Symbol&quot;,&quot;469769242&quot;:[8226],&quot;469777803&quot;:&quot;left&quot;,&quot;469777804&quot;:&quot;\uf0b7&quot;,&quot;469777815&quot;:&quot;hybridMultilevel&quot;}\" aria-setsize=\"-1\" data-aria-posinset=\"1\" data-aria-level=\"1\"><span data-contrast=\"auto\">Para usuarios de Windows: Procesador de 1 GHz 32-bit (x86) o 64-bit (x64), 512 MB de RAM de memoria del sistema, y 320 MB de espacio disponible en disco. Se requiere conexi\u00f3n a Internet para la activaci\u00f3n y actualizaciones.<\/span><span data-ccp-props=\"{}\">\u00a0<\/span><\/li>\n<\/ul>\n<div id=\"divtags\">\n<h1>Antivirus ESET Smart Security<\/h1>\n<h1>ESET Smart Security en Colombia<\/h1>\n<h1>Protecci\u00f3n antivirus ESET<\/h1>\n<h1>Antivirus ESET 1 dispositivo<\/h1>\n<h1>Seguridad inform\u00e1tica con ESET<\/h1>\n<h1>Antivirus ESET para un a\u00f1o<\/h1>\n<h1>Mejor antivirus en Colombia: ESET<\/h1>\n<h1>Compra ESET Smart Security<\/h1>\n<h1>Oferta antivirus ESET Colombia<\/h1>\n<h1>Protege tu dispositivo con ESET<\/h1>\n<h1>Antivirus efectivo: ESET Smart Security<\/h1>\n<h1>Seguridad en l\u00ednea con ESET Colombia<\/h1>\n<h1>Renovaci\u00f3n de ESET Smart Security<\/h1>\n<h1>ESET Smart Security para tu PC<\/h1>\n<h1>Antivirus l\u00edder: ESET Smart Security<\/h1>\n<h1>Compra seguro con ESET Smart Security<\/h1>\n<\/div>\n","protected":false},"excerpt":{"rendered":"<p>Licencia para activar 1 PC por 1 A\u00f1o<\/p>\n<p>Puede descargar el Software desde el sitio web oficial<\/p>\n<p>Apto para 64 y 32 Bits<\/p>\n<p>ESET Smart Security es un software antivirus que proporciona una protecci\u00f3n integral contra malware, ransomware y otras amenazas en l\u00ednea. Ofrece funciones avanzadas como gesti\u00f3n de contrase\u00f1as y seguridad en operaciones bancarias. Destaca por su eficiencia y bajo impacto en el rendimiento del sistema, asegurando una navegaci\u00f3n segura y r\u00e1pida.<\/p>\n<p><span style=\"color: #ff0000;\" data-darkreader-inline-color=\"\"><b>Todos nuestros productos son originales y cuentan con garant\u00eda y soporte t\u00e9cnico.<\/b><\/span><\/p>\n<p><span style=\"color: #ff0000;\" data-darkreader-inline-color=\"\"><b>Entrega inmediata directo a tu correo electr\u00f3nico junto con manual de instalaci\u00f3n.<\/b><\/span><\/p>\n","protected":false},"featured_media":15023,"template":"","meta":{"_acf_changed":false},"product_brand":[],"product_cat":[1616,1615],"product_tag":[],"class_list":{"0":"post-15022","1":"product","2":"type-product","3":"status-publish","4":"has-post-thumbnail","6":"product_cat-antivirus-eset","7":"product_cat-licencias-antivirus","9":"first","10":"instock","11":"featured","12":"shipping-taxable","13":"purchasable","14":"product-type-simple"},"acf":[],"_links":{"self":[{"href":"https:\/\/compratucodigo.co\/index.php\/wp-json\/wp\/v2\/product\/15022","targetHints":{"allow":["GET"]}}],"collection":[{"href":"https:\/\/compratucodigo.co\/index.php\/wp-json\/wp\/v2\/product"}],"about":[{"href":"https:\/\/compratucodigo.co\/index.php\/wp-json\/wp\/v2\/types\/product"}],"wp:featuredmedia":[{"embeddable":true,"href":"https:\/\/compratucodigo.co\/index.php\/wp-json\/wp\/v2\/media\/15023"}],"wp:attachment":[{"href":"https:\/\/compratucodigo.co\/index.php\/wp-json\/wp\/v2\/media?parent=15022"}],"wp:term":[{"taxonomy":"product_brand","embeddable":true,"href":"https:\/\/compratucodigo.co\/index.php\/wp-json\/wp\/v2\/product_brand?post=15022"},{"taxonomy":"product_cat","embeddable":true,"href":"https:\/\/compratucodigo.co\/index.php\/wp-json\/wp\/v2\/product_cat?post=15022"},{"taxonomy":"product_tag","embeddable":true,"href":"https:\/\/compratucodigo.co\/index.php\/wp-json\/wp\/v2\/product_tag?post=15022"}],"curies":[{"name":"wp","href":"https:\/\/api.w.org\/{rel}","templated":true}]}}