{"id":15019,"date":"2022-04-13T18:11:49","date_gmt":"2022-04-13T22:11:49","guid":{"rendered":"https:\/\/colombia3.srtv.cl\/?post_type=product&#038;p=15019"},"modified":"2024-04-23T11:28:11","modified_gmt":"2024-04-23T16:28:11","slug":"antivirus-eset-advanced-endpoint-security-1-pc-por-2-anos","status":"publish","type":"product","link":"https:\/\/compratucodigo.co\/index.php\/producto\/antivirus-eset-advanced-endpoint-security-1-pc-por-2-anos\/","title":{"rendered":"Antivirus ESET Advanced Endpoint Security 1 PC por 2 a\u00f1os"},"content":{"rendered":"<p><span data-contrast=\"auto\">ESET Advanced Endpoint Security es una soluci\u00f3n robusta de seguridad inform\u00e1tica dise\u00f1ada para proteger redes empresariales de cualquier tama\u00f1o. Este software ofrece una defensa avanzada contra una amplia gama de amenazas incluyendo virus, ransomware, spyware y phishing. Utilizando tecnolog\u00edas como el an\u00e1lisis basado en la nube y el aprendizaje autom\u00e1tico, ESET Advanced Endpoint Security garantiza una detecci\u00f3n r\u00e1pida y efectiva de nuevas amenazas, mientras mantiene un rendimiento \u00f3ptimo del sistema. Adem\u00e1s, incluye herramientas de gesti\u00f3n remota que permiten a los administradores de TI monitorear y gestionar la seguridad de todos los endpoints desde una \u00fanica consola.<\/span><span data-ccp-props=\"{}\">\u00a0<\/span><\/p>\n<p><b><span data-contrast=\"auto\">Compatibilidad: <\/span><\/b><span data-ccp-props=\"{}\">\u00a0<\/span><\/p>\n<p><span data-contrast=\"auto\">ESET Advanced Endpoint Security es compatible con los sistemas operativos m\u00e1s utilizados en entornos corporativos:<\/span><span data-ccp-props=\"{}\">\u00a0<\/span><\/p>\n<ul>\n<li data-leveltext=\"\uf0b7\" data-font=\"Symbol\" data-listid=\"2\" data-list-defn-props=\"{&quot;335552541&quot;:1,&quot;335559685&quot;:720,&quot;335559991&quot;:360,&quot;469769226&quot;:&quot;Symbol&quot;,&quot;469769242&quot;:[8226],&quot;469777803&quot;:&quot;left&quot;,&quot;469777804&quot;:&quot;\uf0b7&quot;,&quot;469777815&quot;:&quot;hybridMultilevel&quot;}\" aria-setsize=\"-1\" data-aria-posinset=\"1\" data-aria-level=\"1\"><span data-contrast=\"auto\">Windows: Windows 8, 8.1, 10 y 11.<\/span><span data-ccp-props=\"{}\">\u00a0<\/span><\/li>\n<\/ul>\n<p><b><span data-contrast=\"auto\">Requisitos de Instalaci\u00f3n:\u00a0<\/span><\/b><span data-ccp-props=\"{}\">\u00a0<\/span><\/p>\n<p><span data-contrast=\"auto\">Para garantizar una instalaci\u00f3n eficiente y el m\u00e1ximo rendimiento de ESET Advanced Endpoint Security, los siguientes requisitos deben ser cumplidos:<\/span><span data-ccp-props=\"{}\">\u00a0<\/span><\/p>\n<ul>\n<li data-leveltext=\"\uf0b7\" data-font=\"Symbol\" data-listid=\"1\" data-list-defn-props=\"{&quot;335552541&quot;:1,&quot;335559685&quot;:720,&quot;335559991&quot;:360,&quot;469769226&quot;:&quot;Symbol&quot;,&quot;469769242&quot;:[8226],&quot;469777803&quot;:&quot;left&quot;,&quot;469777804&quot;:&quot;\uf0b7&quot;,&quot;469777815&quot;:&quot;hybridMultilevel&quot;}\" aria-setsize=\"-1\" data-aria-posinset=\"2\" data-aria-level=\"1\"><span data-contrast=\"auto\">Para Windows: Procesador de 1 GHz o superior, 512 MB de RAM (1 GB recomendado), y 1 GB de espacio disponible en disco.<\/span><span data-ccp-props=\"{}\">\u00a0<\/span><\/li>\n<\/ul>\n<p><span data-contrast=\"auto\">Con ESET Advanced Endpoint Security, asegure la integridad y la confidencialidad de los datos de su empresa, protegiendo todos los dispositivos de su red con una soluci\u00f3n l\u00edder en el mercado.<\/span><span data-ccp-props=\"{}\">\u00a0<\/span><\/p>\n","protected":false},"excerpt":{"rendered":"<p>Licencia para activar 1 PC por 2 A\u00f1os<\/p>\n<p>Puede descargar el Software desde el sitio web oficial<\/p>\n<p>Apto para 64 y 32 Bits<\/p>\n<p>ESET Advanced Endpoint Security es una soluci\u00f3n integral de ciberseguridad dise\u00f1ada para proteger sistemas empresariales contra una amplia gama de amenazas digitales. Ofrece avanzadas capacidades de detecci\u00f3n y respuesta frente a virus, ransomware y otras vulnerabilidades. Su gesti\u00f3n centralizada y herramientas de an\u00e1lisis proactivo aseguran una defensa robusta y eficiente para endpoints.<\/p>\n<p><span style=\"color: #ff0000;\" data-darkreader-inline-color=\"\"><b>Todos nuestros productos son originales y cuentan con garant\u00eda y soporte t\u00e9cnico.<\/b><\/span><\/p>\n<p><span style=\"color: #ff0000;\" data-darkreader-inline-color=\"\"><b>Entrega inmediata directo a tu correo electr\u00f3nico junto con manual de instalaci\u00f3n.<\/b><\/span><\/p>\n","protected":false},"featured_media":15020,"template":"","meta":{"_acf_changed":false},"product_brand":[],"product_cat":[1616,1615],"product_tag":[],"class_list":{"0":"post-15019","1":"product","2":"type-product","3":"status-publish","4":"has-post-thumbnail","6":"product_cat-antivirus-eset","7":"product_cat-licencias-antivirus","9":"first","10":"instock","11":"shipping-taxable","12":"purchasable","13":"product-type-variable","14":"has-default-attributes"},"acf":[],"_links":{"self":[{"href":"https:\/\/compratucodigo.co\/index.php\/wp-json\/wp\/v2\/product\/15019","targetHints":{"allow":["GET"]}}],"collection":[{"href":"https:\/\/compratucodigo.co\/index.php\/wp-json\/wp\/v2\/product"}],"about":[{"href":"https:\/\/compratucodigo.co\/index.php\/wp-json\/wp\/v2\/types\/product"}],"wp:featuredmedia":[{"embeddable":true,"href":"https:\/\/compratucodigo.co\/index.php\/wp-json\/wp\/v2\/media\/15020"}],"wp:attachment":[{"href":"https:\/\/compratucodigo.co\/index.php\/wp-json\/wp\/v2\/media?parent=15019"}],"wp:term":[{"taxonomy":"product_brand","embeddable":true,"href":"https:\/\/compratucodigo.co\/index.php\/wp-json\/wp\/v2\/product_brand?post=15019"},{"taxonomy":"product_cat","embeddable":true,"href":"https:\/\/compratucodigo.co\/index.php\/wp-json\/wp\/v2\/product_cat?post=15019"},{"taxonomy":"product_tag","embeddable":true,"href":"https:\/\/compratucodigo.co\/index.php\/wp-json\/wp\/v2\/product_tag?post=15019"}],"curies":[{"name":"wp","href":"https:\/\/api.w.org\/{rel}","templated":true}]}}