{"id":14992,"date":"2022-04-13T17:40:16","date_gmt":"2022-04-13T21:40:16","guid":{"rendered":"https:\/\/colombia3.srtv.cl\/?post_type=product&#038;p=14992"},"modified":"2024-05-31T12:31:15","modified_gmt":"2024-05-31T17:31:15","slug":"licencia-antivirus-avg-1-usuario-por-1-ano","status":"publish","type":"product","link":"https:\/\/compratucodigo.co\/index.php\/producto\/licencia-antivirus-avg-1-usuario-por-1-ano\/","title":{"rendered":"Licencia Antivirus AVG 1 usuario por 1 a\u00f1o"},"content":{"rendered":"<p><b><span data-contrast=\"auto\">AVG Internet Security<\/span><\/b><span data-contrast=\"auto\"> es una soluci\u00f3n integral dise\u00f1ada para proteger su vida digital. Este software va m\u00e1s all\u00e1 de la protecci\u00f3n antivirus tradicional, ofreciendo una barrera robusta contra spyware, malware, ransomware, y ataques de phishing. Equipado con un avanzado m\u00f3dulo de an\u00e1lisis en tiempo real, AVG Internet Security monitorea activamente y bloquea amenazas emergentes antes de que puedan causar da\u00f1o. Adem\u00e1s, incorpora herramientas espec\u00edficas para asegurar transacciones en l\u00ednea, proteger su identidad digital y asegurar su correo electr\u00f3nico. Con AVG Internet Security, puede navegar, comprar y realizar operaciones bancarias en l\u00ednea con total confianza, sabiendo que su informaci\u00f3n personal est\u00e1 segura.<\/span><span data-ccp-props=\"{&quot;335551550&quot;:1,&quot;335551620&quot;:1,&quot;335559685&quot;:0}\">\u00a0<\/span><\/p>\n<p><b><span data-contrast=\"auto\">Compatibilidad:<\/span><\/b><span data-ccp-props=\"{&quot;335551550&quot;:1,&quot;335551620&quot;:1,&quot;335559685&quot;:0}\">\u00a0<\/span><\/p>\n<p><span data-contrast=\"auto\">AVG Internet Security es compatible con dispositivos Windows, ofreciendo protecci\u00f3n vers\u00e1til para una amplia gama de usuarios. Las versiones espec\u00edficas compatibles son:<\/span><span data-ccp-props=\"{&quot;335551550&quot;:1,&quot;335551620&quot;:1,&quot;335559685&quot;:0}\">\u00a0<\/span><\/p>\n<ul>\n<li data-leveltext=\"\uf0b7\" data-font=\"Symbol\" data-listid=\"25\" data-list-defn-props=\"{&quot;335552541&quot;:1,&quot;335559685&quot;:720,&quot;335559991&quot;:360,&quot;469769226&quot;:&quot;Symbol&quot;,&quot;469769242&quot;:[8226],&quot;469777803&quot;:&quot;left&quot;,&quot;469777804&quot;:&quot;\uf0b7&quot;,&quot;469777815&quot;:&quot;hybridMultilevel&quot;}\" aria-setsize=\"-1\" data-aria-posinset=\"1\" data-aria-level=\"1\"><span data-contrast=\"auto\">Para Windows: Windows 10, 8.1, 8, y 7 (SP1 o superior).<\/span><span data-ccp-props=\"{&quot;335551550&quot;:1,&quot;335551620&quot;:1}\">\u00a0<\/span><\/li>\n<\/ul>\n<p><b><span data-contrast=\"auto\">Requisitos de Instalaci\u00f3n:<\/span><\/b><span data-ccp-props=\"{&quot;335551550&quot;:1,&quot;335551620&quot;:1,&quot;335559685&quot;:0}\">\u00a0<\/span><\/p>\n<p><b><span data-contrast=\"auto\">Para Windows:<\/span><\/b><span data-ccp-props=\"{&quot;335551550&quot;:1,&quot;335551620&quot;:1,&quot;335559685&quot;:0}\">\u00a0<\/span><\/p>\n<ul>\n<li data-leveltext=\"\uf0b7\" data-font=\"Symbol\" data-listid=\"26\" data-list-defn-props=\"{&quot;335552541&quot;:1,&quot;335559685&quot;:720,&quot;335559991&quot;:360,&quot;469769226&quot;:&quot;Symbol&quot;,&quot;469769242&quot;:[8226],&quot;469777803&quot;:&quot;left&quot;,&quot;469777804&quot;:&quot;\uf0b7&quot;,&quot;469777815&quot;:&quot;hybridMultilevel&quot;}\" aria-setsize=\"-1\" data-aria-posinset=\"2\" data-aria-level=\"1\"><span data-contrast=\"auto\">Procesador: 1 GHz o m\u00e1s r\u00e1pido.<\/span><span data-ccp-props=\"{&quot;335551550&quot;:1,&quot;335551620&quot;:1}\">\u00a0<\/span><\/li>\n<li data-leveltext=\"\uf0b7\" data-font=\"Symbol\" data-listid=\"26\" data-list-defn-props=\"{&quot;335552541&quot;:1,&quot;335559685&quot;:720,&quot;335559991&quot;:360,&quot;469769226&quot;:&quot;Symbol&quot;,&quot;469769242&quot;:[8226],&quot;469777803&quot;:&quot;left&quot;,&quot;469777804&quot;:&quot;\uf0b7&quot;,&quot;469777815&quot;:&quot;hybridMultilevel&quot;}\" aria-setsize=\"-1\" data-aria-posinset=\"3\" data-aria-level=\"1\"><span data-contrast=\"auto\">Memoria: 1GB RAM (32-bit) o 2GB RAM (64-bit).<\/span><span data-ccp-props=\"{&quot;335551550&quot;:1,&quot;335551620&quot;:1}\">\u00a0<\/span><\/li>\n<\/ul>\n<ul>\n<li data-leveltext=\"\uf0b7\" data-font=\"Symbol\" data-listid=\"26\" data-list-defn-props=\"{&quot;335552541&quot;:1,&quot;335559685&quot;:720,&quot;335559991&quot;:360,&quot;469769226&quot;:&quot;Symbol&quot;,&quot;469769242&quot;:[8226],&quot;469777803&quot;:&quot;left&quot;,&quot;469777804&quot;:&quot;\uf0b7&quot;,&quot;469777815&quot;:&quot;hybridMultilevel&quot;}\" aria-setsize=\"-1\" data-aria-posinset=\"1\" data-aria-level=\"1\"><span data-contrast=\"auto\">Espacio en disco duro: 2GB de espacio libre.<\/span><span data-ccp-props=\"{&quot;335551550&quot;:1,&quot;335551620&quot;:1}\">\u00a0<\/span><\/li>\n<li data-leveltext=\"\uf0b7\" data-font=\"Symbol\" data-listid=\"26\" data-list-defn-props=\"{&quot;335552541&quot;:1,&quot;335559685&quot;:720,&quot;335559991&quot;:360,&quot;469769226&quot;:&quot;Symbol&quot;,&quot;469769242&quot;:[8226],&quot;469777803&quot;:&quot;left&quot;,&quot;469777804&quot;:&quot;\uf0b7&quot;,&quot;469777815&quot;:&quot;hybridMultilevel&quot;}\" aria-setsize=\"-1\" data-aria-posinset=\"2\" data-aria-level=\"1\"><span data-contrast=\"auto\">Conexi\u00f3n a Internet para actualizaciones de la base de datos de virus y otras funcionalidades del producto.<\/span><span data-ccp-props=\"{&quot;335551550&quot;:1,&quot;335551620&quot;:1}\">\u00a0<\/span><\/li>\n<\/ul>\n<p><strong>Env\u00edo del producto:<\/strong><\/p>\n<p>Despu\u00e9s de completar su pago o consignaci\u00f3n, recibir\u00e1 de inmediato el c\u00f3digo de licencia digital en su correo electr\u00f3nico. Junto con \u00e9l, tambi\u00e9n recibir\u00e1 instrucciones detalladas para la instalaci\u00f3n y, si lo solicita, la factura correspondiente.<\/p>\n<p><strong>Nuestra Empresa:<\/strong><\/p>\n<p>Compratucodigo es una marca de 3Clics Colombia SAS, somos una empresa formal registrada en Colombia con m\u00e1s de tres a\u00f1os de experiencia en la venta de c\u00f3digos de licencia digitales. Entregamos factura y todos nuestros productos est\u00e1n garantizados por nuestra empresa.<\/p>\n<div id=\"divtags\">\n<h1>Antivirus AVG Colombia<\/h1>\n<h1>Compra licencia AVG 1 usuario<\/h1>\n<h1>Licencia AVG por 1 a\u00f1o<\/h1>\n<h1>Protecci\u00f3n antivirus AVG<\/h1>\n<h1>Oferta licencia AVG Colombia<\/h1>\n<h1>Antivirus para un usuario AVG<\/h1>\n<h1>Adquiere tu licencia AVG Colombia<\/h1>\n<h1>Precio licencia AVG 1 a\u00f1o<\/h1>\n<h1>Seguridad con AVG antivirus<\/h1>\n<h1>Mejor antivirus AVG Colombia<\/h1>\n<h1>Compra online AVG antivirus<\/h1>\n<h1>Protege tu equipo con AVG<\/h1>\n<h1>Oferta antivirus AVG 1 usuario<\/h1>\n<h1>Comparativa antivirus AVG Colombia<\/h1>\n<h1>Licencia AVG al mejor precio<\/h1>\n<h1>Renueva tu licencia AVG<\/h1>\n<\/div>\n","protected":false},"excerpt":{"rendered":"<p>AVG Internet Security ofrece protecci\u00f3n avanzada contra virus, ransomware y otras amenazas en l\u00ednea para todos tus dispositivos. Experimenta navegaci\u00f3n segura, transacciones bancarias y compras en l\u00ednea con total tranquilidad.<\/p>\n<ul>\n<li>Licencia para activar antivirus AVG Internet Security<\/li>\n<li>Licencia para 1 PC por 1 A\u00f1o<\/li>\n<li>Protecci\u00f3n del equipo<\/li>\n<li>Protecci\u00f3n del correo electr\u00f3nico y la Web<\/li>\n<li>Protecci\u00f3n contra ataques de hackers<\/li>\n<li>Funciona en sistemas Windows 7, Windows 8, Windows 8.1 y Windows 10<\/li>\n<li>Protecci\u00f3n de los pagos<\/li>\n<\/ul>\n<p><span style=\"color: #ff0000;\" data-darkreader-inline-color=\"\"><b>Todos nuestros productos son originales y cuentan con garant\u00eda y soporte t\u00e9cnico.<\/b><\/span><\/p>\n<p><span style=\"color: #ff0000;\" data-darkreader-inline-color=\"\"><b>Entrega inmediata directo a tu correo electr\u00f3nico junto con manual de instalaci\u00f3n.<\/b><\/span><\/p>\n","protected":false},"featured_media":14991,"template":"","meta":{"_acf_changed":false},"product_brand":[],"product_cat":[1619,1615],"product_tag":[],"class_list":{"0":"post-14992","1":"product","2":"type-product","3":"status-publish","4":"has-post-thumbnail","6":"product_cat-antivirus-avg","7":"product_cat-licencias-antivirus","9":"first","10":"instock","11":"featured","12":"shipping-taxable","13":"purchasable","14":"product-type-simple"},"acf":[],"_links":{"self":[{"href":"https:\/\/compratucodigo.co\/index.php\/wp-json\/wp\/v2\/product\/14992","targetHints":{"allow":["GET"]}}],"collection":[{"href":"https:\/\/compratucodigo.co\/index.php\/wp-json\/wp\/v2\/product"}],"about":[{"href":"https:\/\/compratucodigo.co\/index.php\/wp-json\/wp\/v2\/types\/product"}],"wp:featuredmedia":[{"embeddable":true,"href":"https:\/\/compratucodigo.co\/index.php\/wp-json\/wp\/v2\/media\/14991"}],"wp:attachment":[{"href":"https:\/\/compratucodigo.co\/index.php\/wp-json\/wp\/v2\/media?parent=14992"}],"wp:term":[{"taxonomy":"product_brand","embeddable":true,"href":"https:\/\/compratucodigo.co\/index.php\/wp-json\/wp\/v2\/product_brand?post=14992"},{"taxonomy":"product_cat","embeddable":true,"href":"https:\/\/compratucodigo.co\/index.php\/wp-json\/wp\/v2\/product_cat?post=14992"},{"taxonomy":"product_tag","embeddable":true,"href":"https:\/\/compratucodigo.co\/index.php\/wp-json\/wp\/v2\/product_tag?post=14992"}],"curies":[{"name":"wp","href":"https:\/\/api.w.org\/{rel}","templated":true}]}}