{"id":14986,"date":"2022-04-13T17:36:17","date_gmt":"2022-04-13T21:36:17","guid":{"rendered":"https:\/\/colombia3.srtv.cl\/?post_type=product&#038;p=14986"},"modified":"2024-05-31T12:32:00","modified_gmt":"2024-05-31T17:32:00","slug":"licencia-avg-pc-tuneup-3-usuarios-por-1-ano","status":"publish","type":"product","link":"https:\/\/compratucodigo.co\/index.php\/producto\/licencia-avg-pc-tuneup-3-usuarios-por-1-ano\/","title":{"rendered":"Licencia AVG Pc Tuneup 3 Usuarios por 1 a\u00f1o"},"content":{"rendered":"<p><b><span data-contrast=\"auto\">AVG PC TuneUp <\/span><\/b><span data-contrast=\"auto\">El programa se caracteriza por llevar a cabo una multitud de tareas que van desde la limpieza, la reparaci\u00f3n y la aceleraci\u00f3n de aspectos del sistema con el fin \u00faltimo de prolongar la vida \u00fatil y aumentar la eficiencia, tambi\u00e9n contiene aplicaciones para optimizar, personalizar y corregir fallos del sistema.<\/span><span data-ccp-props=\"{&quot;335551550&quot;:1,&quot;335551620&quot;:1}\">\u00a0<\/span><\/p>\n<p><b><span data-contrast=\"auto\">AVG PC TuneUp<\/span><\/b><span data-contrast=\"auto\"> tiene infinidades de funciones que ayudaran a mejorar el manejo de tu equipo, una de ellas es adaptar e informar, ordenar y reparar, optimizar y mejorar, administrar y controlar, recuperar y destruir datos. Todas para prolongar la vida \u00fatil y aumentar la eficiencia.\u00a0<\/span><span data-ccp-props=\"{&quot;335551550&quot;:1,&quot;335551620&quot;:1}\">\u00a0<\/span><\/p>\n<p><b><span data-contrast=\"auto\">AVG PC TuneUp <\/span><\/b><span data-contrast=\"auto\">ofrece una soluci\u00f3n al revisar todos los programas y eliminar todos aquellos que constituyen un obst\u00e1culo y no reportan utilidad alguna. Este paquete de aplicaciones ha sido galardonado con el sello de Calidad Computer Hoy. AVG PC TuneUp permite desfragmentar el disco duro, eliminar archivos temporales, realizar ajustes autom\u00e1ticos para incrementar la velocidad de navegaci\u00f3n en Internet, desfragmentar y corregir errores del registro.\u00a0<\/span><span data-ccp-props=\"{&quot;335551550&quot;:1,&quot;335551620&quot;:1}\">\u00a0<\/span><\/p>\n<p><b><span data-contrast=\"auto\">Compatibilidad:\u00a0<\/span><\/b><span data-ccp-props=\"{&quot;335551550&quot;:1,&quot;335551620&quot;:1}\">\u00a0<\/span><\/p>\n<p><span data-contrast=\"auto\">\u00a0AVG PC TuneUp es compatible con sistemas operativos Windows, desde Windows 7 hasta Windows 10. Aunque inicialmente dise\u00f1ado para Windows, hay versiones que pueden ofrecer soporte limitado a macOS, proporcionando algunas de las funciones de limpieza y optimizaci\u00f3n en este entorno.<\/span><span data-ccp-props=\"{&quot;335551550&quot;:1,&quot;335551620&quot;:1}\">\u00a0<\/span><\/p>\n<p><b><span data-contrast=\"auto\">Requisitos de Instalaci\u00f3n:<\/span><\/b><span data-ccp-props=\"{&quot;335551550&quot;:1,&quot;335551620&quot;:1}\">\u00a0<\/span><\/p>\n<p><span data-contrast=\"auto\">Sistema Operativo: Windows 7\/8\/8.1\/10.<\/span><span data-ccp-props=\"{&quot;335551550&quot;:1,&quot;335551620&quot;:1}\">\u00a0<\/span><\/p>\n<p><span data-contrast=\"auto\">Procesador: 1 GHz o m\u00e1s r\u00e1pido.<\/span><span data-ccp-props=\"{&quot;335551550&quot;:1,&quot;335551620&quot;:1}\">\u00a0<\/span><\/p>\n<p><span data-contrast=\"auto\">Memoria RAM: M\u00ednimo de 1GB para 32 bits o 2GB para 64 bits.<\/span><span data-ccp-props=\"{&quot;335551550&quot;:1,&quot;335551620&quot;:1}\">\u00a0<\/span><\/p>\n<p><span data-contrast=\"auto\">Espacio en Disco Duro: Al menos 200 MB de espacio libre.<\/span><span data-ccp-props=\"{&quot;335551550&quot;:1,&quot;335551620&quot;:1}\">\u00a0<\/span><\/p>\n<p><span data-contrast=\"auto\">Derechos de administrador para la instalaci\u00f3n.<\/span><span data-ccp-props=\"{&quot;335551550&quot;:1,&quot;335551620&quot;:1}\">\u00a0<\/span><\/p>\n<p><span data-contrast=\"auto\">Conexi\u00f3n a Internet para las actualizaciones del software y la base de datos de optimizaci\u00f3n.<\/span><span data-ccp-props=\"{&quot;335551550&quot;:1,&quot;335551620&quot;:1}\">\u00a0<\/span><\/p>\n<p><span data-contrast=\"auto\">Instalar AVG PC TuneUp es un proceso sencillo, solo necesita descargar el instalador desde el sitio web oficial de AVG, ejecutarlo en su computadora y seguir las instrucciones en pantalla. Aseg\u00farese de tener una conexi\u00f3n a internet estable durante la instalaci\u00f3n para permitir que el software se actualice a la \u00faltima versi\u00f3n y descargar las \u00faltimas definiciones de optimizaci\u00f3n.<\/span><span data-ccp-props=\"{&quot;335551550&quot;:1,&quot;335551620&quot;:1}\">\u00a0<\/span><\/p>\n<p><strong>Env\u00edo del producto:<\/strong><\/p>\n<p>Despu\u00e9s de completar su pago o consignaci\u00f3n, recibir\u00e1 de inmediato el c\u00f3digo de licencia digital en su correo electr\u00f3nico. Junto con \u00e9l, tambi\u00e9n recibir\u00e1 instrucciones detalladas para la instalaci\u00f3n y, si lo solicita, la factura correspondiente.<\/p>\n<p><strong>Nuestra Empresa:<\/strong><\/p>\n<p>Compratucodigo es una marca de 3Clics Colombia SAS, somos una empresa formal registrada en Colombia con m\u00e1s de tres a\u00f1os de experiencia en la venta de c\u00f3digos de licencia digitales. Entregamos factura y todos nuestros productos est\u00e1n garantizados por nuestra empresa.<\/p>\n<div id=\"divtags\">\n<h1>Licencia AVG Pc Tuneup Colombia<\/h1>\n<h1>AVG Tuneup 3 Usuarios<\/h1>\n<h1>Licencia AVG 1 A\u00f1o<\/h1>\n<h1>Optimizaci\u00f3n de PC AVG<\/h1>\n<h1>Software AVG para Mantenimiento de PC<\/h1>\n<h1>Licencia para 3 Usuarios AVG<\/h1>\n<h1>AVG PC Tuneup en Espa\u00f1ol<\/h1>\n<h1>Mejora de Rendimiento con AVG Tuneup<\/h1>\n<h1>Oferta AVG Tuneup Colombia<\/h1>\n<h1>Herramienta de Optimizaci\u00f3n AVG<\/h1>\n<h1>Licencia AVG para Computadoras<\/h1>\n<h1>Tuneup AVG para PC en Colombia<\/h1>\n<h1>Renovaci\u00f3n de Licencia AVG 1 A\u00f1o<\/h1>\n<h1>AVG Tuneup para PC en Colombia<\/h1>\n<h1>Software de Mantenimiento de PC AVG<\/h1>\n<h1>AVG PC Tuneup: Optimizaci\u00f3n y Mantenimiento<\/h1>\n<\/div>\n","protected":false},"excerpt":{"rendered":"<p>AVG TuneUp mejorar\u00e1 su rendimiento de forma espectacular. Obtenga el modo de reposo, mantenimiento autom\u00e1tico, Limpieza del disco, Limpieza del navegador, Limpiador de registro, Disk Doctor, nuestra herramienta de eliminaci\u00f3n de bloatware.<\/p>\n<ul>\n<li>Licencia para el programa AVG PC Tuneup.<\/li>\n<li>V\u00e1lida para 3 PC por una duraci\u00f3n de 1 A\u00f1o<\/li>\n<li>Puede vincularse con su cuenta de AVG<\/li>\n<li>Windows 11, 10, 8, Windows 7 SP1 o superior.<\/li>\n<\/ul>\n<p><span style=\"color: #ff0000;\" data-darkreader-inline-color=\"\"><b>Todos nuestros productos son originales y cuentan con garant\u00eda y soporte t\u00e9cnico.<\/b><\/span><\/p>\n<p><span style=\"color: #ff0000;\" data-darkreader-inline-color=\"\"><b>Entrega inmediata directo a tu correo electr\u00f3nico junto con manual de instalaci\u00f3n.<\/b><\/span><\/p>\n","protected":false},"featured_media":14987,"template":"","meta":{"_acf_changed":false},"product_brand":[],"product_cat":[1619,1615],"product_tag":[],"class_list":{"0":"post-14986","1":"product","2":"type-product","3":"status-publish","4":"has-post-thumbnail","6":"product_cat-antivirus-avg","7":"product_cat-licencias-antivirus","9":"first","10":"instock","11":"shipping-taxable","12":"purchasable","13":"product-type-simple"},"acf":[],"_links":{"self":[{"href":"https:\/\/compratucodigo.co\/index.php\/wp-json\/wp\/v2\/product\/14986","targetHints":{"allow":["GET"]}}],"collection":[{"href":"https:\/\/compratucodigo.co\/index.php\/wp-json\/wp\/v2\/product"}],"about":[{"href":"https:\/\/compratucodigo.co\/index.php\/wp-json\/wp\/v2\/types\/product"}],"wp:featuredmedia":[{"embeddable":true,"href":"https:\/\/compratucodigo.co\/index.php\/wp-json\/wp\/v2\/media\/14987"}],"wp:attachment":[{"href":"https:\/\/compratucodigo.co\/index.php\/wp-json\/wp\/v2\/media?parent=14986"}],"wp:term":[{"taxonomy":"product_brand","embeddable":true,"href":"https:\/\/compratucodigo.co\/index.php\/wp-json\/wp\/v2\/product_brand?post=14986"},{"taxonomy":"product_cat","embeddable":true,"href":"https:\/\/compratucodigo.co\/index.php\/wp-json\/wp\/v2\/product_cat?post=14986"},{"taxonomy":"product_tag","embeddable":true,"href":"https:\/\/compratucodigo.co\/index.php\/wp-json\/wp\/v2\/product_tag?post=14986"}],"curies":[{"name":"wp","href":"https:\/\/api.w.org\/{rel}","templated":true}]}}