{"id":14983,"date":"2022-04-13T17:24:28","date_gmt":"2022-04-13T21:24:28","guid":{"rendered":"https:\/\/colombia3.srtv.cl\/?post_type=product&#038;p=14983"},"modified":"2024-10-15T09:33:11","modified_gmt":"2024-10-15T14:33:11","slug":"mcafee-antivirus-plus-10-dispositivos","status":"publish","type":"product","link":"https:\/\/compratucodigo.co\/index.php\/producto\/mcafee-antivirus-plus-10-dispositivos\/","title":{"rendered":"McAfee Antivirus Plus 10 Dispositivos"},"content":{"rendered":"<p><strong>McAfee Antivirus Plus<\/strong> es software ligero, f\u00e1cil de instalar o desinstalar si es el caso. Detecta de forma eficaz los virus troyanos que se almacenan en el equipo. Tambi\u00e9n protege tus datos personales, bancarios, tarjetas, en dado caso de que quieras realizar alguna compra en l\u00ednea y puedas ser estafado, este lo impide protegiendo tu informaci\u00f3n y deteniendo el proceso de compra. El Antivirus y Anti-Spyware de McAfee es la primera l\u00ednea defensiva frente a las amenazas de infecci\u00f3n de virus, troyanos, gusanos, spyware y programas potencialmente no deseados, captur\u00e1ndolos en puntos de acceso como el correo electr\u00f3nico, las unidades externas y las p\u00e1ginas Web.<\/p>\n<p><strong>Compatibilidad:<\/strong><\/p>\n<p><strong>Sistema operativo<\/strong><\/p>\n<ul>\n<li>Windows 11, 10 (no compatible con Windows 10 en modo S). Windows Enterprise no es compatible.<\/li>\n<li>Windows 8.1 completamente parcheado (32 y 64 bits)<\/li>\n<li>macOS 11 y posterior<\/li>\n<li>Compilaci\u00f3n 4.9.0.2: macOS 10.12 &#8211; 10.14<\/li>\n<\/ul>\n<p><strong>Smartphones y Tablet<\/strong><\/p>\n<ul>\n<li>Android 7 o posterior<\/li>\n<li>Apple iOS 13 o posterior<\/li>\n<\/ul>\n<p><strong>Hardware<\/strong><\/p>\n<ul>\n<li>2 GB RAM<\/li>\n<li>1.3 GB de espacio libre en el disco duro<\/li>\n<li>Procesador de 1 GHz. Arquitectura para Windows: x64, x86. Arquitectura para Mac: x64, x86, ARM64 (requiere Rosetta II)<\/li>\n<\/ul>\n<div id=\"divtags\">\n<h1>McAfee Antivirus Plus Colombia<\/h1>\n<h1>Protecci\u00f3n antivirus McAfee<\/h1>\n<h1>Antivirus para 10 dispositivos<\/h1>\n<h1>Seguridad digital con McAfee<\/h1>\n<h1>Compra McAfee Antivirus Plus<\/h1>\n<h1>Protecci\u00f3n online con McAfee<\/h1>\n<h1>Mejor antivirus para dispositivos m\u00faltiples<\/h1>\n<h1>Antivirus confiable para 10 equipos<\/h1>\n<h1>Defiende tus dispositivos con McAfee<\/h1>\n<h1>McAfee para proteger 10 dispositivos<\/h1>\n<h1>Antivirus Plus 10 Dispositivos McAfee<\/h1>\n<h1>Oferta especial McAfee Antivirus Plus<\/h1>\n<h1>Compra ahora McAfee Antivirus Plus<\/h1>\n<h1>Antivirus eficaz para 10 dispositivos<\/h1>\n<h1>Seguridad en l\u00ednea con McAfee<\/h1>\n<h1>Protege tus dispositivos con McAfee<\/h1>\n<\/div>\n","protected":false},"excerpt":{"rendered":"<p><strong>McAfee AntiVirus Plus<\/strong>, es un antivirus liviano, especialmente dise\u00f1ado para aquellas personas que desean un buen nivel de protecci\u00f3n sin sacrificar el rendimiento de su equipo.<\/p>\n<p><strong>McAfee AntiVirus Plus combina una serie de funciones de seguridad<\/strong><br \/>\nMientras que los programas de seguridad y antivirus convencionales se centran \u00fanicamente en los virus, gusanos y similares, McAfee AntiVirus Plus est\u00e1 equipado con funciones de seguridad adicionales. El programa de protecci\u00f3n tambi\u00e9n se defiende de las amenazas en l\u00ednea que son habituales hoy en d\u00eda.<\/p>\n<p>Esta licencia es apta para activar hasta 10 PCs, lo cual la hace muy conveniente para empresas o personas que necesiten proteger una gran cantidad de computadores.<\/p>\n<p><span style=\"color: #ff0000;\" data-darkreader-inline-color=\"\"><b>Todos nuestros productos son originales y cuentan con garant\u00eda y soporte t\u00e9cnico.<\/b><\/span><br \/>\n<span style=\"color: #ff0000;\" data-darkreader-inline-color=\"\"><b>Entrega inmediata directo a tu correo electr\u00f3nico junto con manual de instalaci\u00f3n.<\/b><\/span><\/p>\n","protected":false},"featured_media":14984,"template":"","meta":{"_acf_changed":false},"product_brand":[],"product_cat":[1618,1615],"product_tag":[],"class_list":{"0":"post-14983","1":"product","2":"type-product","3":"status-publish","4":"has-post-thumbnail","6":"product_cat-antivirus-mcafee","7":"product_cat-licencias-antivirus","9":"first","10":"instock","11":"featured","12":"shipping-taxable","13":"purchasable","14":"product-type-simple"},"acf":[],"_links":{"self":[{"href":"https:\/\/compratucodigo.co\/index.php\/wp-json\/wp\/v2\/product\/14983","targetHints":{"allow":["GET"]}}],"collection":[{"href":"https:\/\/compratucodigo.co\/index.php\/wp-json\/wp\/v2\/product"}],"about":[{"href":"https:\/\/compratucodigo.co\/index.php\/wp-json\/wp\/v2\/types\/product"}],"wp:featuredmedia":[{"embeddable":true,"href":"https:\/\/compratucodigo.co\/index.php\/wp-json\/wp\/v2\/media\/14984"}],"wp:attachment":[{"href":"https:\/\/compratucodigo.co\/index.php\/wp-json\/wp\/v2\/media?parent=14983"}],"wp:term":[{"taxonomy":"product_brand","embeddable":true,"href":"https:\/\/compratucodigo.co\/index.php\/wp-json\/wp\/v2\/product_brand?post=14983"},{"taxonomy":"product_cat","embeddable":true,"href":"https:\/\/compratucodigo.co\/index.php\/wp-json\/wp\/v2\/product_cat?post=14983"},{"taxonomy":"product_tag","embeddable":true,"href":"https:\/\/compratucodigo.co\/index.php\/wp-json\/wp\/v2\/product_tag?post=14983"}],"curies":[{"name":"wp","href":"https:\/\/api.w.org\/{rel}","templated":true}]}}