{"id":14966,"date":"2022-04-13T17:02:17","date_gmt":"2022-04-13T21:02:17","guid":{"rendered":"https:\/\/colombia3.srtv.cl\/?post_type=product&#038;p=14966"},"modified":"2023-10-23T16:29:06","modified_gmt":"2023-10-23T21:29:06","slug":"windows-11-pro-5-dispositivos","status":"publish","type":"product","link":"https:\/\/compratucodigo.co\/index.php\/producto\/windows-11-pro-5-dispositivos\/","title":{"rendered":"Windows 11 Pro 5 dispositivos"},"content":{"rendered":"<p>Licencia Disponible s\u00f3lo para 5 dispositivos<br \/>\n<b>Todas nuestras licencias son totalmente originales<\/b><br \/>\nEntrega v\u00eda online, directamente a su correo con un manual de instrucci\u00f3n<br \/>\n(Contamos con soporte t\u00e9cnico, para ayudarte en la instalaci\u00f3n de tu licencia)<\/p>\n","protected":false},"excerpt":{"rendered":"<p>Licencia Disponible s\u00f3lo para 5 dispositivos Todas nuestras licencias son totalmente originales Entrega v\u00eda online, directamente a su correo con un manual de instrucci\u00f3n (Contamos con soporte t\u00e9cnico, para ayudarte en la instalaci\u00f3n de tu licencia)<\/p>\n","protected":false},"featured_media":14967,"template":"","meta":{"_acf_changed":false},"product_brand":[],"product_cat":[15],"product_tag":[],"class_list":{"0":"post-14966","1":"product","2":"type-product","3":"status-publish","4":"has-post-thumbnail","6":"product_cat-licencias-windows","8":"first","9":"instock","10":"shipping-taxable","11":"purchasable","12":"product-type-simple"},"acf":[],"_links":{"self":[{"href":"https:\/\/compratucodigo.co\/index.php\/wp-json\/wp\/v2\/product\/14966","targetHints":{"allow":["GET"]}}],"collection":[{"href":"https:\/\/compratucodigo.co\/index.php\/wp-json\/wp\/v2\/product"}],"about":[{"href":"https:\/\/compratucodigo.co\/index.php\/wp-json\/wp\/v2\/types\/product"}],"wp:featuredmedia":[{"embeddable":true,"href":"https:\/\/compratucodigo.co\/index.php\/wp-json\/wp\/v2\/media\/14967"}],"wp:attachment":[{"href":"https:\/\/compratucodigo.co\/index.php\/wp-json\/wp\/v2\/media?parent=14966"}],"wp:term":[{"taxonomy":"product_brand","embeddable":true,"href":"https:\/\/compratucodigo.co\/index.php\/wp-json\/wp\/v2\/product_brand?post=14966"},{"taxonomy":"product_cat","embeddable":true,"href":"https:\/\/compratucodigo.co\/index.php\/wp-json\/wp\/v2\/product_cat?post=14966"},{"taxonomy":"product_tag","embeddable":true,"href":"https:\/\/compratucodigo.co\/index.php\/wp-json\/wp\/v2\/product_tag?post=14966"}],"curies":[{"name":"wp","href":"https:\/\/api.w.org\/{rel}","templated":true}]}}